{"id":18833,"date":"2024-02-02T09:56:03","date_gmt":"2024-02-02T14:56:03","guid":{"rendered":"https:\/\/www.administracion.usmp.edu.pe\/site\/?page_id=18833"},"modified":"2024-02-07T09:29:06","modified_gmt":"2024-02-07T14:29:06","slug":"estudiantes-regulares-2024-1","status":"publish","type":"page","link":"https:\/\/www.administracion.usmp.edu.pe\/site\/estudiantes-regulares-2024-1\/","title":{"rendered":"Estudiantes-Regulares-2024-1"},"content":{"rendered":"<p>Preguntas Frecuentes<br \/>\n\u00bb Proceso de Matr\u00edcula 2024-1 \u00ab<br \/>\n<img width=\"600\" height=\"300\" src=\"https:\/\/www.administracion.usmp.edu.pe\/site\/wp-content\/uploads\/2024\/01\/2024_regulares.jpg\" alt=\"\" loading=\"lazy\" srcset=\"https:\/\/www.administracion.usmp.edu.pe\/site\/wp-content\/uploads\/2024\/01\/2024_regulares.jpg 600w, https:\/\/www.administracion.usmp.edu.pe\/site\/wp-content\/uploads\/2024\/01\/2024_regulares-300x150.jpg 300w\" sizes=\"(max-width: 600px) 100vw, 600px\"><br \/>\nInicio de Clases<br \/>\nViernes 01 de marzo 2024<\/p>\n<h6>\n\t\t\t\t\t\tD\u00edas de Matr\u00edcula<\/h6>\n<p>A partir del lunes 05 de febrero hasta el viernes 16 de febrero.<\/p>\n<h6>\n\t\t\t\t\t\tLugar<\/h6>\n<p>Portal Acad\u00e9mico USMP &#8211; SAP<\/p>\n<h6>\n\t\t\t\t\t\tHorario de Atenci\u00f3n Consejer\u00eda<\/h6>\n<p>Acercarse a Consejeria de forma presencial:<\/p>\n<p><a href=\"https:\/\/www.administracion.usmp.edu.pe\/wp-content\/uploads\/2024\/02\/Horario-Atencion-Consejeria-2024-1.jpg\" role=\"button\"><br \/>\nVer horario de atenci\u00f3n<br \/>\n<\/a><\/p>\n<h6>\n\t\t\t\t\t\tHorario de Registro de Incidencias<\/h6>\n<p>De lunes a viernes de 09:00 a 17:00 horas por Mesa de Parte Virtual.<\/p>\n<h6>Antes del Proceso de Matr\u00edcula<\/h6>\n<p><a href=\"\">1. Consulta la Fecha y D\u00eda de tu matr\u00edcula<\/a><br \/>\nConsulta tu fecha y d\u00eda de matr\u00edcula, accediendo al siguiente enlace:&nbsp; <a href=\"https:\/\/servicios.appsfca.site\/fechadematricula\/\">https:\/\/servicios.appsfca.site\/fechadematricula\/<\/a><br \/>\n<a href=\"\">2. Consulta los horarios 2024-1<\/a><\/p>\n<p>Consulta los horarios 2024-1, accediendo al siguiente enlace: <a href=\"https:\/\/www.administracion.usmp.edu.pe\/canales-atencion\/registros-academicos\/\" target=\"_blank\" rel=\"noopener\">Horarios 2024-1<\/a><\/p>\n<p><a href=\"\">3. Consulta Equivalencias, Plan y Malla Curricular<\/a><\/p>\n<p>Selecciona t\u00fa Escuela Profesional:<\/p>\n<ul>\n<li><a href=\"https:\/\/www.administracion.usmp.edu.pe\/administracion\/plan-curricular-2023\/\" target=\"_blank\" rel=\"noopener\">Administraci\u00f3n<\/a><\/li>\n<li><a href=\"https:\/\/www.administracion.usmp.edu.pe\/negocios\/plan-curricular-2023\/\" target=\"_blank\" rel=\"noopener\">Administraci\u00f3n de Negocios Internacionales<\/a><\/li>\n<li><a href=\"https:\/\/www.administracion.usmp.edu.pe\/recursoshumanos\/plan-curricular-2023\/\" target=\"_blank\" rel=\"noopener\">Gesti\u00f3n de Recursos Humanos<\/a><\/li>\n<li><a href=\"https:\/\/www.administracion.usmp.edu.pe\/marketing\/plan-curricular-2023\/\" target=\"_blank\" rel=\"noopener\">Marketing<\/a><\/li>\n<\/ul>\n<p><a href=\"\">4. No puedes acceder al Portal SAP o Correo USMP<\/a><\/p>\n<p>Solicita tus credenciales para acceder al sistema SAP o Correo USMP, accediendo al siguiente enlace:&nbsp;<a href=\"https:\/\/servicios.appsfca.site\/restablecercuentas\/\" target=\"_blank\" rel=\"noopener\">Restablecer acceso al Portal SAP o Correo USMP<\/a><\/p>\n<p><a href=\"\">5. He tramitado el duplicado de mi clave de acceso a la intranet acad\u00e9mica recientemente y no puedo acceder  \u00bfQu\u00e9 debo hacer?<\/a><\/p>\n<p>Debe comunicarse con la Oficina de Gesti\u00f3n Inform\u00e1tica de la Facultad,&nbsp;escribir al siguiente correo: <a href=\"mailto:ogi_fcarrhh@usmp.pe\">ogi_fcarrhh@usmp.pe<\/a><\/p>\n<p><a href=\"\">6. \u00bfQuiero efectuar mi matr\u00edcula pero tengo problemas con el registro de mi recibo por derecho de matr\u00edcula?<\/a><\/p>\n<p>Probablemente usted ha cancelado hoy una deuda pendiente, de ser as\u00ed, para proceder con su matr\u00edcula deber\u00e1 esperar aproximadamente una hora despu\u00e9s de la cancelaci\u00f3n del recibo. De lo contrario, le sugerimos contactarse directamente con Tesorer\u00eda de Facultades para revisar su caso.<\/p>\n<p>Correo :&nbsp;<a href=\"mailto:tesoreria_cusa@usmp.pe\" target=\"_blank\" rel=\"noopener\">tesoreria_cusa@usmp.pe&nbsp;<\/a><br \/>\ncanal de tesoreria<\/p>\n<p><a href=\"\">7. \u00bfQu\u00e9 promedio ponderado debo tomar en cuenta para matricularme, el semestral o el general?<\/a><\/p>\n<p>Debe tomar en cuenta el \u00faltimo promedio ponderado que estudi\u00f3 en el ciclo regular; asimismo, no incluye ciclo verano ni ciclo de invierno.<\/p>\n<p><a href=\"\">8.\u00bfQu\u00e9 pagos debo efectuar para realizar mi matr\u00edcula?<\/a><\/p>\n<p>S\u00f3lo debe haber cancelado el recibo por Derecho de Matr\u00edcula.<\/p>\n<p><a href=\"\">9. \u00bfTengo que encontrarme al d\u00eda en mis pagos para matricularme?<\/a><\/p>\n<p>Si, no debe tener deudas pendientes con la Universidad.<\/p>\n<p><a href=\"\">10. \u00bfSi realic\u00e9 Reserva de Matr\u00edcula en el semestre anterior qu\u00e9 d\u00eda debo matricularme?<\/a><\/p>\n<p>Le corresponde matricularse de acuerdo al promedio ponderado obtenido en el \u00faltimo semestre que estudi\u00f3 (no tome en cuenta el promedio ponderado del Ciclo de Verano y\/o Ciclo de Invierno).<\/p>\n<p><a href=\"\">11. \u00bfSi realic\u00e9 Retiro de Ciclo qu\u00e9 d\u00eda debo matricularme?<\/a><\/p>\n<p>Le corresponde matricularse de acuerdo a su promedio ponderado obtenido en el \u00faltimo semestre que estudi\u00f3 (no tome en cuenta el promedio ponderado del Ciclo de Verano y\/o Ciclo de Invierno).<\/p>\n<p><a href=\"\">12. \u00bfSoy buen pagador, pero no puedo matricularme por la plataforma SAP?<\/a><\/p>\n<p>En caso se encuentre en la lista de buen pagador y no puede matricularse debe enviar una solicitud llamada <strong>Incidencia de Matr\u00edcula 2024-1: Tengo la condici\u00f3n de Buen Pagador, pero no puedo matricularme por el SAP<\/strong>.<\/p>\n<h6>Durante el Proceso de Matr\u00edcula<\/h6>\n<p><a href=\"\">1. \u00bfSi, al momento de matricularme no encuentro cupos disponibles en algunas asignaturas, qu\u00e9 debo hacer?<\/a><\/p>\n<p>La matr\u00edcula es por promedio ponderado, las secciones se van cerrando conforme los estudiantes efect\u00faan su proceso de matr\u00edcula; de tener alguna dificultad,&nbsp;debe enviar una solicitud llamada&nbsp;Incidencia 2024-1: Cupos&nbsp;por&nbsp;<a href=\"https:\/\/servicios.appsfca.site\/mesadepartes\/\">Mesa de Partes Virtual.<\/a><\/p>\n<p>Las inscripciones estar\u00e1n sujetas a evaluaci\u00f3n y la comunicaci\u00f3n favorable depender\u00e1 del cumplimiento de las condiciones establecidas al momento de escribirse<\/p>\n<p><a href=\"\">2. \u00bfQu\u00e9 hago si no puedo llevar el m\u00e1ximo de cr\u00e9ditos en mi ciclo regular?<\/a><\/p>\n<p>Si tiene este problema, debe enviar una solicitud llamada Incidencia 2024-1: No puedo llevar el m\u00e1ximo de cr\u00e9ditos en mi ciclo regular&nbsp;&nbsp;por&nbsp;<a href=\"https:\/\/servicios.appsfca.site\/mesadepartes\/\">Mesa de Partes Virtual<\/a>.<\/p>\n<p><a href=\"\">3. Al matricularme me sale Error SAP &#8211; Cualificaciones internas<\/a><\/p>\n<p>Si tiene este problema, debe enviar una solicitud llamada Incidencia 2024-1: Cualificaciones Internas&nbsp;por&nbsp;<a href=\"https:\/\/servicios.appsfca.site\/mesadepartes\/\">Mesa de Partes Virtual<\/a>.<\/p>\n<p><a href=\"\">4. No puedo ver mis cursos aptos<\/a><\/p>\n<p>Se le sugiere que verifique el requisito aprobado de las asignaturas y\/o si tiene la condici\u00f3n acad\u00e9mica de repitencia y\/o deficiencia acad\u00e9mica.<\/p>\n<p>Si previa validaci\u00f3n persiste el inconveniente debe enviar una solicitud llamada Incidencia 2024-1: No aparecen cursos aptos por <a href=\"https:\/\/servicios.appsfca.site\/mesadepartes\/\">Mesa de Partes Virtual<\/a><\/p>\n<p><a href=\"\">5. \u00bfTengo una asignatura desaprobada y no encuentro cupos disponibles, el sistema no me permite seguir con mi matr\u00edcula, qu\u00e9 puedo hacer?<\/a><\/p>\n<p>De acuerdo a reglamentaci\u00f3n vigente la prioridad de matr\u00edcula la tiene la o las asignaturas desaprobadas. Le sugerimos elegir otras opciones de turno y secciones; caso contrario debe enviar una solicitud llamada Incidencia 2024-1: Cupos por Mesa de Partes Virtual.<\/p>\n<p>Las solicitudes estar\u00e1n sujetas a evaluaci\u00f3n y disponibilidad de cupos.<\/p>\n<p><a href=\"\">6. Deseo matricularme en m\u00e1s de 22 cr\u00e9ditos<\/a><\/p>\n<p>El alumno que haya obtenido en el per\u00edodo anterior un promedio ponderado igual o mayor a trece (13) y tiene la condici\u00f3n de invicto, puede matricularse hasta en un m\u00e1ximo de veintis\u00e9is (26) cr\u00e9ditos, asimismo la plataforma SAP valida autom\u00e1ticamente el proceso al momento de matricularse; caso contrario cumpliendo lo se\u00f1alado no pueda matricularse, debe enviar una solicitud llamada Incidencia Matr\u00edcula 2024-1: Matricularme en m\u00e1s de 22 cr\u00e9ditos por Mesa de Partes Virtual.<\/p>\n<p>Para los alumnos que egresen en el 2024-I es sujeto a evaluaci\u00f3n.<\/p>\n<p><a href=\"\">7. \u00bfPuedo matricularme en una asignatura y su requisito?<\/a><\/p>\n<p>No, el Reglamento vigente no lo permite. Es muy importante que el estudiante haya aprobado la asignatura requisito para continuar con el desarrollo de su Plan de Estudios.<\/p>\n<p><a href=\"\">8. \u00bfPuedo matricularme con cruce de horarios?<\/a><\/p>\n<p>No, el Reglamento vigente no lo permite.<\/p>\n<p><a href=\"\">9. \u00bfSoy estudiante del Noveno y D\u00e9cimo ciclo, quiero saber que asignaturas me faltan para egresar?<\/a><\/p>\n<p>Estimado estudiante para comunicarle que entre Octubre y Noviembre del 2023, se le hizo llegar a su correo institucional la informaci\u00f3n de las asignaturas que tiene pendiente para egresar.<\/p>\n<p>Desde su Portal SAP usted puede visualizar e imprimir su R\u00e9cord de Notas y validarlo con su Plan de Estudios, pudiendo saber por comparaci\u00f3n qu\u00e9 asignaturas le faltan para egresar.<\/p>\n<p>De persistir alguna inquietud escriba a la direcci\u00f3n de correo de su Escuela Profesional con la precisi\u00f3n de su caso para monitorear la soluci\u00f3n que corresponda.<\/p>\n<p><a href=\"\">10. \u00bfPuedo matricularme en dos asignaturas electivas?<\/a><\/p>\n<p>Lo correcto es que cada semestre usted se matricule en una asignatura electiva siguiendo una l\u00ednea de certificaci\u00f3n; sin embargo, si su caso es el de un estudiante que no llevo oportunamente sus asignaturas electivas y se encuentra en noveno y\/o d\u00e9cimo ciclo escriba a su Direcci\u00f3n de Escuela con la precisi\u00f3n de su caso para monitorear la soluci\u00f3n que corresponda o asistir al servicio de <strong>Consejer\u00eda<\/strong> los d\u00edas programados.<\/p>\n<p><a href=\"\">11. \u00bfDeseo llevar la l\u00ednea de Certificaci\u00f3n Progresiva y no encuentro cupos, qu\u00e9 debo hacer?<\/a><\/p>\n<p>Se recomienda al estudiante llevar una l\u00ednea de Certificaci\u00f3n Progresiva. De tener alguna dificultad, env\u00ede una solicitud llamada Incidencia 2024-1: Cupos por Mesa de Partes Virtual.<\/p>\n<p><a href=\"\">12. \u00bfTengo que matricularme en todas las asignaturas que figuran en mi Ficha de Asignaturas Aptas?<\/a><\/p>\n<p>No necesariamente, usted elige las asignaturas de acuerdo a su disponibilidad de tiempo y dinero, la Universidad actualmente factura como m\u00ednimo 04 cr\u00e9ditos.<\/p>\n<p><a href=\"\">13. \u00bfSi tengo la condici\u00f3n acad\u00e9mica de repitente, puedo llevar m\u00e1s asignaturas?<\/a><\/p>\n<p>La matr\u00edcula son por promedio ponderado, las secciones se van cerrando conforme los estudiantes efect\u00faan su proceso de matr\u00edcula; de tener alguna dificultad, debe enviar una solicitud llamada Incidencia 2024-1: Cupos por Mesa de Partes Virtual.<\/p>\n<p>Las inscripciones estar\u00e1n sujetas a evaluaci\u00f3n y disponibilidad de cupos.<\/p>\n<p><a href=\"\">14 \u00bfEs obligatorio matricularme en la asignatura de Pr\u00e1cticas Preprofesionales?<\/a><\/p>\n<p>S\u00ed es obligatorio matricularse, dado que esta asignatura es parte de su Plan de Estudios vigente (Malla Curricular).<\/p>\n<p><a href=\"\">15. \u00bfYa estoy matriculado, pero no puedo descargar mi constancia de matr\u00edcula por el SAP?<\/a><\/p>\n<p>Le agradeceremos que se comunique a la brevedad posible con la Oficina de Gesti\u00f3n Inform\u00e1tica: <a href=\"mailto:ogi_fcarrhh@usmp.pe\">ogi_fcarrhh@usmp.pe<\/a><\/p>\n<h6>Despu\u00e9s del Proceso de Matr\u00edcula<\/h6>\n<p><a href=\"\">1. Modifica t\u00fa matr\u00edcula<\/a><\/p>\n<p>Durante el proceso de matr\u00edcula regular del 05 al 16 de febrero, el estudiante puede modificar su matr\u00edcula sin costo, bajo su responsabilidad tantas veces quisiera serlo.<\/p>\n<p>Posteriormente, debe solicitar su Rectificaci\u00f3n de Matr\u00edcula en los d\u00edas establecidos por reglamentaci\u00f3n, desde el viernes 01 de marzo hasta el jueves 07 de marzo.<\/p>\n<p><a href=\"\">2. Rectificaci\u00f3n de Matr\u00edcula<\/a><\/p>\n<p>Si deseas rectificar t\u00fa matr\u00edcula regular y el proceso de matr\u00edcula ya culmin\u00f3, puedes realizarlo en las siguientes fechas: del viernes 01 de marzo al jueves 07 de marzo, ingresando un tr\u00e1mite llamado Rectificaci\u00f3n de Matr\u00edcula por Mesa de Partes Virtual.<\/p>\n<p><a href=\"\">3. Retiro de Asignaturas<\/a><\/p>\n<p>Si deseas retirarte de una o m\u00e1s asignaturas matriculadas, puedes realizarlo en las siguientes fechas: del viernes 08 de marzo al lunes 15 de abril, ingresando un tr\u00e1mite llamado Retiro de Asignaturas por Mesa de Partes Virtual<\/p>\n<p>Debe especificar bien la o las asignaturas que desea retirarse, precisando la secci\u00f3n.<\/p>\n<p>El retiro de asignatura(s) no significa disminuci\u00f3n en el pago de pensiones, ni devoluci\u00f3n de dinero. En todos los casos no procede el rec\u00e1lculo de pensiones.<\/p>\n<p><a href=\"\">4. Retiro de Ciclo<\/a><\/p>\n<p>Si deseas retirarte del ciclo, puedes realizarlo en las siguientes fechas: del viernes 01 de marzo al lunes 15 de abril, ingresando un tr\u00e1mite llamado Retiro de Ciclo por Mesa de Partes Virtual<\/p>\n<p>Una vez realizado el tr\u00e1mite, la matr\u00edcula del estudiante ser\u00e1 eliminada de la base de matr\u00edculas del semestre, no procediendo facturaci\u00f3n de pensiones a partir de la fecha.<\/p>\n","protected":false},"excerpt":{"rendered":"<p>Preguntas Frecuentes \u00bb Proceso de Matr\u00edcula 2024-1 \u00ab Inicio de Clases Viernes 01 de marzo 2024 D\u00edas de Matr\u00edcula A partir del lunes 05 de febrero hasta el viernes 16 de febrero. Lugar Portal Acad\u00e9mico USMP &#8211; SAP Horario de Atenci\u00f3n Consejer\u00eda Acercarse a Consejeria de forma presencial: Ver horario de atenci\u00f3n Horario de Registro &#8230; <a title=\"Estudiantes-Regulares-2024-1\" class=\"read-more\" href=\"https:\/\/www.administracion.usmp.edu.pe\/site\/estudiantes-regulares-2024-1\/\" aria-label=\"M\u00e1s en Estudiantes-Regulares-2024-1\">Leer m\u00e1s<\/a><\/p>\n","protected":false},"author":9,"featured_media":0,"parent":0,"menu_order":0,"comment_status":"closed","ping_status":"closed","template":"elementor_canvas","meta":[],"_links":{"self":[{"href":"https:\/\/www.administracion.usmp.edu.pe\/site\/wp-json\/wp\/v2\/pages\/18833"}],"collection":[{"href":"https:\/\/www.administracion.usmp.edu.pe\/site\/wp-json\/wp\/v2\/pages"}],"about":[{"href":"https:\/\/www.administracion.usmp.edu.pe\/site\/wp-json\/wp\/v2\/types\/page"}],"author":[{"embeddable":true,"href":"https:\/\/www.administracion.usmp.edu.pe\/site\/wp-json\/wp\/v2\/users\/9"}],"replies":[{"embeddable":true,"href":"https:\/\/www.administracion.usmp.edu.pe\/site\/wp-json\/wp\/v2\/comments?post=18833"}],"version-history":[{"count":108,"href":"https:\/\/www.administracion.usmp.edu.pe\/site\/wp-json\/wp\/v2\/pages\/18833\/revisions"}],"predecessor-version":[{"id":19287,"href":"https:\/\/www.administracion.usmp.edu.pe\/site\/wp-json\/wp\/v2\/pages\/18833\/revisions\/19287"}],"wp:attachment":[{"href":"https:\/\/www.administracion.usmp.edu.pe\/site\/wp-json\/wp\/v2\/media?parent=18833"}],"curies":[{"name":"wp","href":"https:\/\/api.w.org\/{rel}","templated":true}]}}