{"id":1521,"date":"2023-08-24T10:58:10","date_gmt":"2023-08-24T15:58:10","guid":{"rendered":"https:\/\/www.administracion.usmp.edu.pe\/revista-digital-usmp\/?page_id=1521"},"modified":"2023-09-06T14:59:26","modified_gmt":"2023-09-06T19:59:26","slug":"contacto","status":"publish","type":"page","link":"https:\/\/www.administracion.usmp.edu.pe\/revista-digital-usmp\/contacto\/","title":{"rendered":"Contacto"},"content":{"rendered":"\t\t<div data-elementor-type=\"wp-page\" data-elementor-id=\"1521\" class=\"elementor elementor-1521\">\n\t\t\t\t\t\t<section class=\"elementor-section elementor-top-section elementor-element elementor-element-df33b91 elementor-section-boxed elementor-section-height-default elementor-section-height-default\" data-id=\"df33b91\" data-element_type=\"section\" data-e-type=\"section\">\n\t\t\t\t\t\t<div class=\"elementor-container elementor-column-gap-default\">\n\t\t\t\t\t<div class=\"elementor-column elementor-col-100 elementor-top-column elementor-element elementor-element-bd8ce62\" data-id=\"bd8ce62\" data-element_type=\"column\" data-e-type=\"column\">\n\t\t\t<div class=\"elementor-widget-wrap elementor-element-populated\">\n\t\t\t\t\t\t<div class=\"elementor-element elementor-element-925b1be elementor-widget-divider--view-line elementor-widget elementor-widget-divider\" data-id=\"925b1be\" data-element_type=\"widget\" data-e-type=\"widget\" data-widget_type=\"divider.default\">\n\t\t\t\t<div class=\"elementor-widget-container\">\n\t\t\t\t\t\t\t<div class=\"elementor-divider\">\n\t\t\t<span class=\"elementor-divider-separator\">\n\t\t\t\t\t\t<\/span>\n\t\t<\/div>\n\t\t\t\t\t\t<\/div>\n\t\t\t\t<\/div>\n\t\t\t\t\t<\/div>\n\t\t<\/div>\n\t\t\t\t\t<\/div>\n\t\t<\/section>\n\t\t\t\t<section class=\"elementor-section elementor-top-section elementor-element elementor-element-d760584 elementor-section-height-min-height elementor-section-boxed elementor-section-height-default elementor-section-items-middle\" data-id=\"d760584\" data-element_type=\"section\" data-e-type=\"section\">\n\t\t\t\t\t\t<div class=\"elementor-container elementor-column-gap-default\">\n\t\t\t\t\t<div class=\"elementor-column elementor-col-100 elementor-top-column elementor-element elementor-element-76ca748\" data-id=\"76ca748\" data-element_type=\"column\" data-e-type=\"column\">\n\t\t\t<div class=\"elementor-widget-wrap elementor-element-populated\">\n\t\t\t\t\t\t<div class=\"elementor-element elementor-element-792fd3b elementor-cta--skin-cover elementor-widget elementor-widget-call-to-action\" data-id=\"792fd3b\" data-element_type=\"widget\" data-e-type=\"widget\" data-widget_type=\"call-to-action.default\">\n\t\t\t\t<div class=\"elementor-widget-container\">\n\t\t\t\t\t\t\t<div class=\"elementor-cta\">\n\t\t\t\t\t<div class=\"elementor-cta__bg-wrapper\">\n\t\t\t\t<div class=\"elementor-cta__bg elementor-bg\" style=\"background-image: url(https:\/\/www.administracion.usmp.edu.pe\/revista-digital-usmp\/wp-content\/uploads\/sites\/47\/2023\/08\/facultad_principa_2l.jpg);\"><\/div>\n\t\t\t\t<div class=\"elementor-cta__bg-overlay\"><\/div>\n\t\t\t<\/div>\n\t\t\t\t\t\t\t<div class=\"elementor-cta__content\">\n\t\t\t\t\n\t\t\t\t<div class=\"elementor-cta__title elementor-cta__content-item elementor-content-item\">Contacto<\/div>\n\t\t\t\t\n\t\t\t\t\t\t\t<\/div>\n\t\t\t\t\t\t<\/div>\n\t\t\t\t\t\t<\/div>\n\t\t\t\t<\/div>\n\t\t\t\t\t<\/div>\n\t\t<\/div>\n\t\t\t\t\t<\/div>\n\t\t<\/section>\n\t\t\t\t<section class=\"elementor-section elementor-top-section elementor-element elementor-element-d490518 slider elementor-section-boxed elementor-section-height-default elementor-section-height-default\" data-id=\"d490518\" data-element_type=\"section\" data-e-type=\"section\" data-settings=\"{&quot;background_background&quot;:&quot;classic&quot;}\">\n\t\t\t\t\t\t<div class=\"elementor-container elementor-column-gap-default\">\n\t\t\t\t\t<div class=\"elementor-column elementor-col-66 elementor-top-column elementor-element elementor-element-550c560\" data-id=\"550c560\" data-element_type=\"column\" data-e-type=\"column\">\n\t\t\t<div class=\"elementor-widget-wrap elementor-element-populated\">\n\t\t\t\t\t\t<div class=\"elementor-element elementor-element-f11d95e elementor-widget elementor-widget-text-editor\" data-id=\"f11d95e\" data-element_type=\"widget\" data-e-type=\"widget\" data-widget_type=\"text-editor.default\">\n\t\t\t\t<div class=\"elementor-widget-container\">\n\t\t\t\t\t\t\t\t\t<h5><span style=\"color: #bd1714;\"><strong>Director de la Revista Digital<\/strong><\/span><\/h5><p>Dr. Jaime Ra\u00fal Castro Contreras<br \/><a href=\"mailto:jcastroc@usmp.pe\">jcastroc@usmp.pe<\/a><\/p>\t\t\t\t\t\t\t\t<\/div>\n\t\t\t\t<\/div>\n\t\t\t\t<div class=\"elementor-element elementor-element-5b6403a elementor-widget-divider--view-line elementor-widget elementor-widget-divider\" data-id=\"5b6403a\" data-element_type=\"widget\" data-e-type=\"widget\" data-widget_type=\"divider.default\">\n\t\t\t\t<div class=\"elementor-widget-container\">\n\t\t\t\t\t\t\t<div class=\"elementor-divider\">\n\t\t\t<span class=\"elementor-divider-separator\">\n\t\t\t\t\t\t<\/span>\n\t\t<\/div>\n\t\t\t\t\t\t<\/div>\n\t\t\t\t<\/div>\n\t\t\t\t<div class=\"elementor-element elementor-element-7f07892 elementor-widget elementor-widget-text-editor\" data-id=\"7f07892\" data-element_type=\"widget\" data-e-type=\"widget\" data-widget_type=\"text-editor.default\">\n\t\t\t\t<div class=\"elementor-widget-container\">\n\t\t\t\t\t\t\t\t\t<h5><span style=\"color: #bd1714;\"><strong>Directorio<\/strong><\/span><\/h5><p><strong>Decano de la Facultad<\/strong> <br \/>DANIEL HERN\u00c1N VALERA LOZA<\/p><p><strong>Director de la Escuela de Administraci\u00f3n<\/strong><br \/>MARIO GRANDA CARAZA<\/p><p><strong>Director de la Escuela de Administraci\u00f3n de Negocios Internacionales<\/strong><br \/>JAVIER ALVA GARC\u00cdA<\/p><p><strong>Director de la Escuela de Gesti\u00f3n de Recursos Humanos<\/strong><br \/>MARIO GRANDA CARAZA (E)<\/p><p><strong>Director de la Escuela de Marketing<\/strong><br \/>JAVIER ALVA GARC\u00cdA (E)<\/p><p><strong>Director del Instituto de la Calidad Empresarial<\/strong><br \/>WILFREDO GIRALDO MEJ\u00cdA<\/p><p><strong>Directora del Departamento Acad\u00e9mico<\/strong><br \/>ROSA GENG PADILLA<\/p><p><strong>Directora de Grados y Titulos<\/strong><br \/>MAR\u00cdA QUINTANA OTINIANO<\/p><p><strong>Director de la Secci\u00f3n de Posgrado<\/strong><br \/>MARCO NAVARRO VIACAVA<\/p><p><strong>Director del Instituto de Innovaci\u00f3n y Promoci\u00f3n para el Emprendimiento Universitario<\/strong><br \/>JOS\u00c9 LUIS BEAS ARANDA<\/p><p><strong>Director del Instituto de Investigaci\u00f3n<\/strong><br \/>ARISTIDES VARA HORNA<\/p><p><strong>Coordinador de la Comisi\u00f3n de Asesor\u00eda Pedag\u00f3gica<\/strong><br \/>REN\u00c9 DEL \u00c1GUILA RIVA<\/p><p><strong>Soporte Oficina de Gesti\u00f3n de Inform\u00e1tica<\/strong><br \/>LUIS TOLEDO CRUZ<\/p><p><strong>Comit\u00e9 editorial<\/strong><br \/>JAIME RAUL CASTRO CONTRERAS (director)<br \/>REN\u00c9 DEL AGUILA RIVA<br \/>JAVIER RAM\u00cdREZ CORZO<br \/>ARBU\u00c9S PEREZ ESPINOZA<br \/>EVELIO VENTURA VILLANUEVA<\/p>\t\t\t\t\t\t\t\t<\/div>\n\t\t\t\t<\/div>\n\t\t\t\t\t<\/div>\n\t\t<\/div>\n\t\t\t\t<div class=\"elementor-column elementor-col-33 elementor-top-column elementor-element elementor-element-6f95c35\" data-id=\"6f95c35\" data-element_type=\"column\" data-e-type=\"column\">\n\t\t\t<div class=\"elementor-widget-wrap elementor-element-populated\">\n\t\t\t\t\t\t\t<\/div>\n\t\t<\/div>\n\t\t\t\t\t<\/div>\n\t\t<\/section>\n\t\t\t\t<\/div>\n\t\t","protected":false},"excerpt":{"rendered":"<p>Contacto Director de la Revista Digital Dr. Jaime Ra\u00fal Castro Contrerasjcastroc@usmp.pe Directorio Decano de la Facultad DANIEL HERN\u00c1N VALERA LOZA Director de la Escuela de Administraci\u00f3nMARIO GRANDA CARAZA Director de la Escuela de Administraci\u00f3n de Negocios InternacionalesJAVIER ALVA GARC\u00cdA Director de la Escuela de Gesti\u00f3n de Recursos HumanosMARIO GRANDA CARAZA (E) Director de la Escuela &#8230; <a title=\"Contacto\" class=\"read-more\" href=\"https:\/\/www.administracion.usmp.edu.pe\/revista-digital-usmp\/contacto\/\" aria-label=\"M\u00e1s en Contacto\">Leer m\u00e1s<\/a><\/p>\n","protected":false},"author":92,"featured_media":0,"parent":0,"menu_order":0,"comment_status":"closed","ping_status":"closed","template":"elementor_header_footer","meta":{"footnotes":""},"class_list":["post-1521","page","type-page","status-publish"],"_links":{"self":[{"href":"https:\/\/www.administracion.usmp.edu.pe\/revista-digital-usmp\/wp-json\/wp\/v2\/pages\/1521","targetHints":{"allow":["GET"]}}],"collection":[{"href":"https:\/\/www.administracion.usmp.edu.pe\/revista-digital-usmp\/wp-json\/wp\/v2\/pages"}],"about":[{"href":"https:\/\/www.administracion.usmp.edu.pe\/revista-digital-usmp\/wp-json\/wp\/v2\/types\/page"}],"author":[{"embeddable":true,"href":"https:\/\/www.administracion.usmp.edu.pe\/revista-digital-usmp\/wp-json\/wp\/v2\/users\/92"}],"replies":[{"embeddable":true,"href":"https:\/\/www.administracion.usmp.edu.pe\/revista-digital-usmp\/wp-json\/wp\/v2\/comments?post=1521"}],"version-history":[{"count":3,"href":"https:\/\/www.administracion.usmp.edu.pe\/revista-digital-usmp\/wp-json\/wp\/v2\/pages\/1521\/revisions"}],"predecessor-version":[{"id":1937,"href":"https:\/\/www.administracion.usmp.edu.pe\/revista-digital-usmp\/wp-json\/wp\/v2\/pages\/1521\/revisions\/1937"}],"wp:attachment":[{"href":"https:\/\/www.administracion.usmp.edu.pe\/revista-digital-usmp\/wp-json\/wp\/v2\/media?parent=1521"}],"curies":[{"name":"wp","href":"https:\/\/api.w.org\/{rel}","templated":true}]}}