{"id":26,"date":"2014-05-02T23:01:33","date_gmt":"2014-05-02T23:01:33","guid":{"rendered":"https:\/\/www.administracion.usmp.edu.pe\/recursoshumanos1\/?page_id=26"},"modified":"2014-05-02T23:01:33","modified_gmt":"2014-05-02T23:01:33","slug":"investigaciones","status":"publish","type":"page","link":"https:\/\/www.administracion.usmp.edu.pe\/recursoshumanos\/investigaciones\/","title":{"rendered":"Investigaciones"},"content":{"rendered":"<ul>\n<li><span style=\"line-height: 13px;\">Comportamiento Organizacional,\u00a0<strong>Cecilia Aliaga Herrera.<\/strong><\/span><\/li>\n<li>Gesti\u00f3n de Relaciones Industriales en el Per\u00fa,\u00a0<strong>Lic. C\u00e9sar Elera Ar\u00e9valo.<\/strong><\/li>\n<li>Gesti\u00f3n de Recursos Humanos,\u00a0<strong>Lic. Rommel Bejarano Zavala.<\/strong><\/li>\n<li>Comunicaciones y Recursos Humanos,\u00a0<strong> Lic. Mar\u00eda Quintana Otiniano.<\/strong><\/li>\n<li>Estad\u00edstica Aplicada a la Empresa,\u00a0<strong>Emma Barreno Vereau.<\/strong><\/li>\n<li>Administraci\u00f3n y Gesti\u00f3n del Potencial Humano,\u00a0<strong>Lic. C\u00e9sar Elera Ar\u00e9valo.<\/strong><\/li>\n<\/ul>\n","protected":false},"excerpt":{"rendered":"<p>Comportamiento Organizacional,\u00a0Cecilia Aliaga Herrera. Gesti\u00f3n de Relaciones Industriales en el Per\u00fa,\u00a0Lic. C\u00e9sar Elera Ar\u00e9valo. Gesti\u00f3n de Recursos Humanos,\u00a0Lic. Rommel Bejarano [&hellip;]<\/p>\n","protected":false},"author":2,"featured_media":0,"parent":0,"menu_order":0,"comment_status":"open","ping_status":"open","template":"","meta":{"footnotes":""},"class_list":["post-26","page","type-page","status-publish","hentry"],"_links":{"self":[{"href":"https:\/\/www.administracion.usmp.edu.pe\/recursoshumanos\/wp-json\/wp\/v2\/pages\/26","targetHints":{"allow":["GET"]}}],"collection":[{"href":"https:\/\/www.administracion.usmp.edu.pe\/recursoshumanos\/wp-json\/wp\/v2\/pages"}],"about":[{"href":"https:\/\/www.administracion.usmp.edu.pe\/recursoshumanos\/wp-json\/wp\/v2\/types\/page"}],"author":[{"embeddable":true,"href":"https:\/\/www.administracion.usmp.edu.pe\/recursoshumanos\/wp-json\/wp\/v2\/users\/2"}],"replies":[{"embeddable":true,"href":"https:\/\/www.administracion.usmp.edu.pe\/recursoshumanos\/wp-json\/wp\/v2\/comments?post=26"}],"version-history":[{"count":1,"href":"https:\/\/www.administracion.usmp.edu.pe\/recursoshumanos\/wp-json\/wp\/v2\/pages\/26\/revisions"}],"predecessor-version":[{"id":27,"href":"https:\/\/www.administracion.usmp.edu.pe\/recursoshumanos\/wp-json\/wp\/v2\/pages\/26\/revisions\/27"}],"wp:attachment":[{"href":"https:\/\/www.administracion.usmp.edu.pe\/recursoshumanos\/wp-json\/wp\/v2\/media?parent=26"}],"curies":[{"name":"wp","href":"https:\/\/api.w.org\/{rel}","templated":true}]}}