{"id":20,"date":"2014-05-02T23:00:11","date_gmt":"2014-05-02T23:00:11","guid":{"rendered":"https:\/\/www.administracion.usmp.edu.pe\/recursoshumanos1\/?page_id=20"},"modified":"2014-05-02T23:00:11","modified_gmt":"2014-05-02T23:00:11","slug":"grados-y-titulos","status":"publish","type":"page","link":"https:\/\/www.administracion.usmp.edu.pe\/recursoshumanos\/grados-y-titulos\/","title":{"rendered":"Grados y T\u00edtulos"},"content":{"rendered":"<ul>\n<li><span style=\"line-height: 13px;\">Bachiller en Gesti\u00f3n de Recursos Humanos.<\/span><\/li>\n<li>Licenciado en Gesti\u00f3n de Recursos Humanos.<\/li>\n<li>Maestro en Gesti\u00f3n de Recursos Humanos.<\/li>\n<\/ul>\n","protected":false},"excerpt":{"rendered":"<p>Bachiller en Gesti\u00f3n de Recursos Humanos. Licenciado en Gesti\u00f3n de Recursos Humanos. Maestro en Gesti\u00f3n de Recursos Humanos.<\/p>\n","protected":false},"author":2,"featured_media":0,"parent":0,"menu_order":0,"comment_status":"open","ping_status":"open","template":"","meta":{"footnotes":""},"class_list":["post-20","page","type-page","status-publish","hentry"],"_links":{"self":[{"href":"https:\/\/www.administracion.usmp.edu.pe\/recursoshumanos\/wp-json\/wp\/v2\/pages\/20","targetHints":{"allow":["GET"]}}],"collection":[{"href":"https:\/\/www.administracion.usmp.edu.pe\/recursoshumanos\/wp-json\/wp\/v2\/pages"}],"about":[{"href":"https:\/\/www.administracion.usmp.edu.pe\/recursoshumanos\/wp-json\/wp\/v2\/types\/page"}],"author":[{"embeddable":true,"href":"https:\/\/www.administracion.usmp.edu.pe\/recursoshumanos\/wp-json\/wp\/v2\/users\/2"}],"replies":[{"embeddable":true,"href":"https:\/\/www.administracion.usmp.edu.pe\/recursoshumanos\/wp-json\/wp\/v2\/comments?post=20"}],"version-history":[{"count":1,"href":"https:\/\/www.administracion.usmp.edu.pe\/recursoshumanos\/wp-json\/wp\/v2\/pages\/20\/revisions"}],"predecessor-version":[{"id":21,"href":"https:\/\/www.administracion.usmp.edu.pe\/recursoshumanos\/wp-json\/wp\/v2\/pages\/20\/revisions\/21"}],"wp:attachment":[{"href":"https:\/\/www.administracion.usmp.edu.pe\/recursoshumanos\/wp-json\/wp\/v2\/media?parent=20"}],"curies":[{"name":"wp","href":"https:\/\/api.w.org\/{rel}","templated":true}]}}