{"id":12,"date":"2014-05-02T22:57:48","date_gmt":"2014-05-02T22:57:48","guid":{"rendered":"https:\/\/www.administracion.usmp.edu.pe\/recursoshumanos1\/?page_id=12"},"modified":"2014-05-02T22:57:48","modified_gmt":"2014-05-02T22:57:48","slug":"campo-laboral","status":"publish","type":"page","link":"https:\/\/www.administracion.usmp.edu.pe\/recursoshumanos\/campo-laboral\/","title":{"rendered":"Campo Laboral"},"content":{"rendered":"<p>La formaci\u00f3n recibida le permite desempe\u00f1arse en \u00e1reas de Direcci\u00f3n, Gerencia y Gerencia Corporativa de Recursos Humanos. Su \u00e1mbito de acci\u00f3n se da en todo tipo de organizaci\u00f3n empresarial p\u00fablica y privada, en la administraci\u00f3n p\u00fablica gubernamental y local. Asimismo puede dirigir su propia empresa y ser asesor y consultor empresarial.<\/p>\n<p>&nbsp;<\/p>\n<p><strong>Agradecemos a algunas de las empresas en donde nuestros alumnos realizan sus pr\u00e1cticas profesionales:<\/strong><\/p>\n<p>Corporaci\u00f3n Ferreyros, Unilever, Nestl\u00e9 del Per\u00fa, Banco de Cr\u00e9dito del Per\u00fa, Banco de Trabajo, Mibanco, E. Wong, Interbank, Supermercados Peruanos S.A. Vivanda, Plaza Vea y Mass, Interseguro, CinePlanet, Repsol YPF, Celima Tr\u00e9bol Roca, Radio Programas del Per\u00fa, Gloria, Backus y Johnston, Ambev Per\u00fa, Sedapal, Saga Falabella, Drokasa, Tiendas Ripley, Laboratorios Hersil, Famesa Explosivos, Edelnor, Tecnofil, Cementos Lima, Minas Buenaventura, Refratarios Peruanos, Bass Peruano, Corporaci\u00f3n Jos\u00e9 R. Lindley, Andina de Radio Difusi\u00f3n, Bembos, Filtros LYS, Nextel del Per\u00fa, Tel\u00e9fonica del Per\u00fa, Plus Petrol entre otros.<\/p>\n","protected":false},"excerpt":{"rendered":"<p>La formaci\u00f3n recibida le permite desempe\u00f1arse en \u00e1reas de Direcci\u00f3n, Gerencia y Gerencia Corporativa de Recursos Humanos. Su \u00e1mbito de [&hellip;]<\/p>\n","protected":false},"author":2,"featured_media":0,"parent":0,"menu_order":0,"comment_status":"open","ping_status":"open","template":"","meta":{"footnotes":""},"class_list":["post-12","page","type-page","status-publish","hentry"],"_links":{"self":[{"href":"https:\/\/www.administracion.usmp.edu.pe\/recursoshumanos\/wp-json\/wp\/v2\/pages\/12","targetHints":{"allow":["GET"]}}],"collection":[{"href":"https:\/\/www.administracion.usmp.edu.pe\/recursoshumanos\/wp-json\/wp\/v2\/pages"}],"about":[{"href":"https:\/\/www.administracion.usmp.edu.pe\/recursoshumanos\/wp-json\/wp\/v2\/types\/page"}],"author":[{"embeddable":true,"href":"https:\/\/www.administracion.usmp.edu.pe\/recursoshumanos\/wp-json\/wp\/v2\/users\/2"}],"replies":[{"embeddable":true,"href":"https:\/\/www.administracion.usmp.edu.pe\/recursoshumanos\/wp-json\/wp\/v2\/comments?post=12"}],"version-history":[{"count":1,"href":"https:\/\/www.administracion.usmp.edu.pe\/recursoshumanos\/wp-json\/wp\/v2\/pages\/12\/revisions"}],"predecessor-version":[{"id":13,"href":"https:\/\/www.administracion.usmp.edu.pe\/recursoshumanos\/wp-json\/wp\/v2\/pages\/12\/revisions\/13"}],"wp:attachment":[{"href":"https:\/\/www.administracion.usmp.edu.pe\/recursoshumanos\/wp-json\/wp\/v2\/media?parent=12"}],"curies":[{"name":"wp","href":"https:\/\/api.w.org\/{rel}","templated":true}]}}