{"id":9,"date":"2014-06-03T20:07:45","date_gmt":"2014-06-03T20:07:45","guid":{"rendered":"https:\/\/www.administracion.usmp.edu.pe\/oepu1\/?page_id=9"},"modified":"2025-02-03T08:59:08","modified_gmt":"2025-02-03T13:59:08","slug":"presentacion","status":"publish","type":"page","link":"https:\/\/www.administracion.usmp.edu.pe\/oepu\/","title":{"rendered":"Presentaci\u00f3n"},"content":{"rendered":"<p><img loading=\"lazy\" decoding=\"async\" class=\"aligncenter  wp-image-419\" src=\"https:\/\/www.administracion.usmp.edu.pe\/oepu\/wp-content\/uploads\/sites\/21\/2019\/04\/juan-salazar-1024x925.png\" alt=\"\" width=\"380\" height=\"344\" srcset=\"https:\/\/www.administracion.usmp.edu.pe\/oepu\/wp-content\/uploads\/sites\/21\/2019\/04\/juan-salazar-1024x925.png 1024w, https:\/\/www.administracion.usmp.edu.pe\/oepu\/wp-content\/uploads\/sites\/21\/2019\/04\/juan-salazar-768x694.png 768w, https:\/\/www.administracion.usmp.edu.pe\/oepu\/wp-content\/uploads\/sites\/21\/2019\/04\/juan-salazar.png 1967w\" sizes=\"auto, (max-width: 380px) 100vw, 380px\" \/><\/p>\n<p style=\"text-align: center;\"><strong>Dr. Juan Salazar Huapalla<br \/>\n<\/strong><strong>Director de la Oficina de Extensi\u00f3n y Proyecci\u00f3n Universitaria<\/strong><\/p>\n<p style=\"text-align: justify;\">Nuestros programas est\u00e1n dise\u00f1ados para contribuir en la formaci\u00f3n integral del profesional permiti\u00e9ndole enfrentar los cambios que se presentan en el entorno laboral y empresarial.<\/p>\n<p style=\"text-align: justify;\">Al actualizar, desarrollar y complementar sus conocimientos involucrados en el quehacer empresarial, le permitir\u00e1n ampliar el desarrollo de las competencias profesionales.<\/p>\n<p style=\"text-align: justify;\">Desarrollamos programas para profesionales con visi\u00f3n moderna e innovadora, orientados a la actualizaci\u00f3n y desarrollo de la comunidad empresarial.<\/p>\n<p><strong>Cursos Integrales<\/strong><\/p>\n<p style=\"text-align: justify;\">Los cursos integrales le permiten dise\u00f1ar su propio plan obteniendo certificaciones progresivas y alcanzando el Diplomado de su inter\u00e9s.<\/p>\n<p><strong>Asesor\u00eda y Consultor\u00eda Empresarial<\/strong><\/p>\n<p style=\"text-align: justify;\">El servicio de asesoramiento para empresas p\u00fablicas y privadas, lo brindamos con profesionales calificados quienes asisten de manera objetiva con metodolog\u00eda, herramientas y soluciones orientadas al logro de un desarrollo integrado de las funciones de la organizaci\u00f3n.<\/p>\n<p><strong>Capacitaci\u00f3n a la medida<\/strong><\/p>\n<p style=\"text-align: justify;\">Si las necesidades de su empresa requieren una capacitaci\u00f3n distinta a nuestros temarios, los dise\u00f1amos y desarrollamos acorde a su requerimiento, dictamos en forma presencial y\/o virtual, realizamos una evaluaci\u00f3n final para medir los resultados de la capacitaci\u00f3n.<\/p>\n","protected":false},"excerpt":{"rendered":"<p>Dr. Juan Salazar Huapalla Director de la Oficina de Extensi\u00f3n y Proyecci\u00f3n Universitaria Nuestros programas est\u00e1n dise\u00f1ados para contribuir en [&hellip;]<\/p>\n","protected":false},"author":2,"featured_media":0,"parent":0,"menu_order":0,"comment_status":"open","ping_status":"open","template":"page-portada.php","meta":{"footnotes":""},"class_list":["post-9","page","type-page","status-publish","hentry"],"_links":{"self":[{"href":"https:\/\/www.administracion.usmp.edu.pe\/oepu\/wp-json\/wp\/v2\/pages\/9","targetHints":{"allow":["GET"]}}],"collection":[{"href":"https:\/\/www.administracion.usmp.edu.pe\/oepu\/wp-json\/wp\/v2\/pages"}],"about":[{"href":"https:\/\/www.administracion.usmp.edu.pe\/oepu\/wp-json\/wp\/v2\/types\/page"}],"author":[{"embeddable":true,"href":"https:\/\/www.administracion.usmp.edu.pe\/oepu\/wp-json\/wp\/v2\/users\/2"}],"replies":[{"embeddable":true,"href":"https:\/\/www.administracion.usmp.edu.pe\/oepu\/wp-json\/wp\/v2\/comments?post=9"}],"version-history":[{"count":2,"href":"https:\/\/www.administracion.usmp.edu.pe\/oepu\/wp-json\/wp\/v2\/pages\/9\/revisions"}],"predecessor-version":[{"id":2777,"href":"https:\/\/www.administracion.usmp.edu.pe\/oepu\/wp-json\/wp\/v2\/pages\/9\/revisions\/2777"}],"wp:attachment":[{"href":"https:\/\/www.administracion.usmp.edu.pe\/oepu\/wp-json\/wp\/v2\/media?parent=9"}],"curies":[{"name":"wp","href":"https:\/\/api.w.org\/{rel}","templated":true}]}}