{"id":40,"date":"2014-05-02T22:21:59","date_gmt":"2014-05-02T22:21:59","guid":{"rendered":"https:\/\/www.administracion.usmp.edu.pe\/negocios1\/?page_id=40"},"modified":"2023-02-04T19:02:46","modified_gmt":"2023-02-05T00:02:46","slug":"canales-y-servicios-de-atencion","status":"publish","type":"page","link":"https:\/\/www.administracion.usmp.edu.pe\/negocios\/canales-y-servicios-de-atencion\/","title":{"rendered":"Canales y Servicios de Atenci\u00f3n"},"content":{"rendered":"\n<p>Con la finalidad de brindar al estudiante un mejor servicio, se han implementado diferentes canales de atenci\u00f3n de acuerdo a los tr\u00e1mites que sean de su inter\u00e9s.<\/p>\n\n\n\n<p>La atenci\u00f3n al estudiante y p\u00fablico en general es virtual.<strong>&nbsp;<\/strong><\/p>\n\n\n\n<p class=\"has-text-align-center\"><img loading=\"lazy\" decoding=\"async\" width=\"800\" height=\"1054\" class=\"wp-image-1353\" style=\"width: 800px;\" src=\"https:\/\/www.administracion.usmp.edu.pe\/negocios\/wp-content\/uploads\/sites\/18\/2023\/02\/Servicios-y-Canales.png\" alt=\"\"><\/p>\n","protected":false},"excerpt":{"rendered":"<p>Con la finalidad de brindar al estudiante un mejor servicio, se han implementado diferentes canales de atenci\u00f3n de acuerdo a [&hellip;]<\/p>\n","protected":false},"author":2,"featured_media":0,"parent":0,"menu_order":0,"comment_status":"open","ping_status":"open","template":"","meta":{"footnotes":""},"class_list":["post-40","page","type-page","status-publish","hentry"],"_links":{"self":[{"href":"https:\/\/www.administracion.usmp.edu.pe\/negocios\/wp-json\/wp\/v2\/pages\/40","targetHints":{"allow":["GET"]}}],"collection":[{"href":"https:\/\/www.administracion.usmp.edu.pe\/negocios\/wp-json\/wp\/v2\/pages"}],"about":[{"href":"https:\/\/www.administracion.usmp.edu.pe\/negocios\/wp-json\/wp\/v2\/types\/page"}],"author":[{"embeddable":true,"href":"https:\/\/www.administracion.usmp.edu.pe\/negocios\/wp-json\/wp\/v2\/users\/2"}],"replies":[{"embeddable":true,"href":"https:\/\/www.administracion.usmp.edu.pe\/negocios\/wp-json\/wp\/v2\/comments?post=40"}],"version-history":[{"count":2,"href":"https:\/\/www.administracion.usmp.edu.pe\/negocios\/wp-json\/wp\/v2\/pages\/40\/revisions"}],"predecessor-version":[{"id":1355,"href":"https:\/\/www.administracion.usmp.edu.pe\/negocios\/wp-json\/wp\/v2\/pages\/40\/revisions\/1355"}],"wp:attachment":[{"href":"https:\/\/www.administracion.usmp.edu.pe\/negocios\/wp-json\/wp\/v2\/media?parent=40"}],"curies":[{"name":"wp","href":"https:\/\/api.w.org\/{rel}","templated":true}]}}