{"id":49,"date":"2014-03-26T20:20:22","date_gmt":"2014-03-27T01:20:22","guid":{"rendered":"https:\/\/www.administracion.usmp.edu.pe\/mkt\/?page_id=49"},"modified":"2024-03-15T12:21:40","modified_gmt":"2024-03-15T17:21:40","slug":"acreditaciones-internacionales-y-nacionales","status":"publish","type":"page","link":"https:\/\/www.administracion.usmp.edu.pe\/marketing\/acreditaciones-internacionales-y-nacionales\/","title":{"rendered":"Acreditaciones Internacionales y Nacionales"},"content":{"rendered":"\n<p><strong>Acreditaciones Internacionales y Nacionales<\/strong><br \/>La Escuela de Marketing ha logrado el reconocimiento internacional de su calidad acad\u00e9mica mediante acreditaciones recibidas por prestigiosos organismos nacionales e internacionales, implementando satisfactoriamente un conjunto de est\u00e1ndares de gesti\u00f3n en todos sus procesos, que garantizan la mejora continua para una formaci\u00f3n profesional de calidad a sus estudiantes:<\/p>\n<ul>\n<li><strong>ACBSP<\/strong> (Acreditation Council for Business Schools and Programs).<\/li>\n<li><strong>ACSUG<\/strong> (Axencia para la Calidad do sistema Universitario de Galicia).<\/li>\n<\/ul>\n<p>Asimismo, contamos con la acreditaci\u00f3n de <strong>SINEACE<\/strong> (Sistema Nacional de Evaluaci\u00f3n Acreditaci\u00f3n y Certificaci\u00f3n de la Calidad Educativa).<\/p>\n","protected":false},"excerpt":{"rendered":"<p>Acreditaciones Internacionales y NacionalesLa Escuela de Marketing ha logrado el reconocimiento internacional de su calidad acad\u00e9mica mediante acreditaciones recibidas por [&hellip;]<\/p>\n","protected":false},"author":2,"featured_media":0,"parent":0,"menu_order":0,"comment_status":"open","ping_status":"closed","template":"","meta":{"footnotes":""},"class_list":["post-49","page","type-page","status-publish","hentry"],"_links":{"self":[{"href":"https:\/\/www.administracion.usmp.edu.pe\/marketing\/wp-json\/wp\/v2\/pages\/49","targetHints":{"allow":["GET"]}}],"collection":[{"href":"https:\/\/www.administracion.usmp.edu.pe\/marketing\/wp-json\/wp\/v2\/pages"}],"about":[{"href":"https:\/\/www.administracion.usmp.edu.pe\/marketing\/wp-json\/wp\/v2\/types\/page"}],"author":[{"embeddable":true,"href":"https:\/\/www.administracion.usmp.edu.pe\/marketing\/wp-json\/wp\/v2\/users\/2"}],"replies":[{"embeddable":true,"href":"https:\/\/www.administracion.usmp.edu.pe\/marketing\/wp-json\/wp\/v2\/comments?post=49"}],"version-history":[{"count":3,"href":"https:\/\/www.administracion.usmp.edu.pe\/marketing\/wp-json\/wp\/v2\/pages\/49\/revisions"}],"predecessor-version":[{"id":1131,"href":"https:\/\/www.administracion.usmp.edu.pe\/marketing\/wp-json\/wp\/v2\/pages\/49\/revisions\/1131"}],"wp:attachment":[{"href":"https:\/\/www.administracion.usmp.edu.pe\/marketing\/wp-json\/wp\/v2\/media?parent=49"}],"curies":[{"name":"wp","href":"https:\/\/api.w.org\/{rel}","templated":true}]}}