{"id":43,"date":"2014-03-26T20:16:32","date_gmt":"2014-03-26T20:16:32","guid":{"rendered":"https:\/\/www.administracion.usmp.edu.pe\/mkt\/?page_id=43"},"modified":"2023-06-15T14:27:42","modified_gmt":"2023-06-15T19:27:42","slug":"certificacion-progresiva","status":"publish","type":"page","link":"https:\/\/www.administracion.usmp.edu.pe\/marketing\/certificacion-progresiva\/","title":{"rendered":"Certificaci\u00f3n Progresiva"},"content":{"rendered":"<p>Las Certificaciones Progresivas (CP), tienen el prop\u00f3sito de facilitar la incorporaci\u00f3n de los estudiantes en el mercado laboral en forma temprana, previa al logro de determinadas competencias, tal como lo se\u00f1ala el art. 40 de la Ley No. 32220.<\/p>\n<p>Las certificaciones est\u00e1n organizadas en cuatro asignaturas que se ofrecen del V al VIII ciclo de formaci\u00f3n profesional. Los estudiantes deber\u00e1n matricularse en forma opcional en cualquiera de las certificaciones que cada carrera profesional oferta a sus estudiantes. En adelante seguir\u00e1 la misma especialidad en forma obligatoria, matricul\u00e1ndose en los ciclos subsiguientes en aquellas asignaturas que corresponda a la certificaci\u00f3n elegida.<\/p>\n<p><strong>Las certificaciones:<\/strong><br \/>\n1. Certificado en Gesti\u00f3n de Productos y Marcas<br \/>\n2. Certificado en Emprendimiento<\/p>\n<p><strong>Obtenci\u00f3n del Certificado<\/strong><br \/>\nPara la obtenci\u00f3n del certificado de competencias, los estudiantes deben haber culminado y aprobado satisfactoriamente las asignaturas obligatorias propias del \u00e1rea de formaci\u00f3n y las asignaturas electivas de especializaci\u00f3n que correspondan al m\u00f3dulo de la especialidad elegida (VIII ciclo), y cumplir con la presentaci\u00f3n de un proyecto que demuestre la competencia alcanzada, seg\u00fan lo se\u00f1alado en la Ley No. 30220, Ley Universitaria (art\u00edculo 40) y las exigencias acad\u00e9micas que establece el reglamento respectivo.<\/p>\n<p>Para la obtenci\u00f3n de dicho certificado, el estudiante debe elaborar y sustentar un proyecto que demuestre la competencia alcanzada.<\/p>\n","protected":false},"excerpt":{"rendered":"<p>Las Certificaciones Progresivas (CP), tienen el prop\u00f3sito de facilitar la incorporaci\u00f3n de los estudiantes en el mercado laboral en forma [&hellip;]<\/p>\n","protected":false},"author":2,"featured_media":0,"parent":0,"menu_order":0,"comment_status":"open","ping_status":"open","template":"","meta":{"footnotes":""},"class_list":["post-43","page","type-page","status-publish","hentry"],"_links":{"self":[{"href":"https:\/\/www.administracion.usmp.edu.pe\/marketing\/wp-json\/wp\/v2\/pages\/43","targetHints":{"allow":["GET"]}}],"collection":[{"href":"https:\/\/www.administracion.usmp.edu.pe\/marketing\/wp-json\/wp\/v2\/pages"}],"about":[{"href":"https:\/\/www.administracion.usmp.edu.pe\/marketing\/wp-json\/wp\/v2\/types\/page"}],"author":[{"embeddable":true,"href":"https:\/\/www.administracion.usmp.edu.pe\/marketing\/wp-json\/wp\/v2\/users\/2"}],"replies":[{"embeddable":true,"href":"https:\/\/www.administracion.usmp.edu.pe\/marketing\/wp-json\/wp\/v2\/comments?post=43"}],"version-history":[{"count":2,"href":"https:\/\/www.administracion.usmp.edu.pe\/marketing\/wp-json\/wp\/v2\/pages\/43\/revisions"}],"predecessor-version":[{"id":1075,"href":"https:\/\/www.administracion.usmp.edu.pe\/marketing\/wp-json\/wp\/v2\/pages\/43\/revisions\/1075"}],"wp:attachment":[{"href":"https:\/\/www.administracion.usmp.edu.pe\/marketing\/wp-json\/wp\/v2\/media?parent=43"}],"curies":[{"name":"wp","href":"https:\/\/api.w.org\/{rel}","templated":true}]}}