{"id":41,"date":"2014-03-26T20:15:55","date_gmt":"2014-03-26T20:15:55","guid":{"rendered":"https:\/\/www.administracion.usmp.edu.pe\/mkt\/?page_id=41"},"modified":"2023-06-15T14:25:44","modified_gmt":"2023-06-15T19:25:44","slug":"grados-y-titulos","status":"publish","type":"page","link":"https:\/\/www.administracion.usmp.edu.pe\/marketing\/grados-y-titulos\/","title":{"rendered":"Grados y T\u00edtulos"},"content":{"rendered":"<p>La Oficina de Grados y T\u00edtulos se encarga de la emisi\u00f3n del grado acad\u00e9mico de Bachiller y T\u00edtulo Profesional de sus egresados, detall\u00e1ndoles los requisitos y los procedimientos que deben cumplir para la obtenci\u00f3n del grado o t\u00edtulo respectivo, en conformidad a lo establecido en la Ley Universitaria, Ley N\u00ba 30220, Reglamento del Registro Nacional de Grados y T\u00edtulos, y el Reglamento General de Grado Acad\u00e9mico de Bachiller y de T\u00edtulo Profesional.<\/p>\n<p>La universidad, al t\u00e9rmino de los estudios y cumplidos con los requisitos del Reglamento de Grados y T\u00edtulos otorga a sus egresados:<\/p>\n<ul>\n<li>El Grado Acad\u00e9mico d\u00e9 Bachiller en Marketing<\/li>\n<li>El T\u00edtulo Profesional de Licenciado en Marketing<\/li>\n<\/ul>\n<p>El <strong>Grado Acad\u00e9mico de Bachiller<\/strong> se rige por lo prescrito por la Ley Universitaria, el Estatuto de la USMP, el Reglamento de Grados y T\u00edtulos y otras normas espec\u00edficas.<\/p>\n<p>As\u00ed mismo, el egresado debe acreditar el conocimiento del idioma ingl\u00e9s, a trav\u00e9s de la Certificaci\u00f3n otorgada por el Instituto de Idiomas de la Universidad de San Mart\u00edn de Porres. El estudiante puede aprender idiomas en este Centro de Idiomas o en instituciones externas especializadas.<\/p>\n<p>El <strong>t\u00edtulo profesional<\/strong> se opta por una de las siguientes opciones:<\/p>\n<ul>\n<li>Presentaci\u00f3n y sustentaci\u00f3n de Tesis.<\/li>\n<li>Examen profesional, presentaci\u00f3n y sustentaci\u00f3n de un Proyecto Empresarial para el T\u00edtulo.<\/li>\n<li>Acreditaci\u00f3n de tres (3) a\u00f1os de Experiencia Profesional<\/li>\n<\/ul>\n<p>La Facultad de Ciencias Administrativas y Recursos Humanos pone \u00e9nfasis en la titulaci\u00f3n con tesis, creando y desarrollando las condiciones a fin de que el estudiante elabore su tesis mientras estudia y la sustente inmediatamente despu\u00e9s de concluidos los estudios.<\/p>\n<p>Las exigencias para el grado acad\u00e9mico y t\u00edtulo profesional estar\u00e1n en concordancia con la Ley Universitaria, Ley No.30220 de 8 de julio de 2014 y las precisiones de la SUNEDU.<\/p>\n<p><strong>Mayor informaci\u00f3n:<\/strong><br \/>\n<strong>Oficina de Grados y T\u00edtulos &#8211;<\/strong> <a href=\"mailto:canalgradosytitulos_fcarrhh@usmp.pe\">canalgradosytitulos_fcarrhh@usmp.pe<\/a><\/p>\n","protected":false},"excerpt":{"rendered":"<p>La Oficina de Grados y T\u00edtulos se encarga de la emisi\u00f3n del grado acad\u00e9mico de Bachiller y T\u00edtulo Profesional de [&hellip;]<\/p>\n","protected":false},"author":2,"featured_media":0,"parent":0,"menu_order":0,"comment_status":"open","ping_status":"open","template":"","meta":{"footnotes":""},"class_list":["post-41","page","type-page","status-publish","hentry"],"_links":{"self":[{"href":"https:\/\/www.administracion.usmp.edu.pe\/marketing\/wp-json\/wp\/v2\/pages\/41","targetHints":{"allow":["GET"]}}],"collection":[{"href":"https:\/\/www.administracion.usmp.edu.pe\/marketing\/wp-json\/wp\/v2\/pages"}],"about":[{"href":"https:\/\/www.administracion.usmp.edu.pe\/marketing\/wp-json\/wp\/v2\/types\/page"}],"author":[{"embeddable":true,"href":"https:\/\/www.administracion.usmp.edu.pe\/marketing\/wp-json\/wp\/v2\/users\/2"}],"replies":[{"embeddable":true,"href":"https:\/\/www.administracion.usmp.edu.pe\/marketing\/wp-json\/wp\/v2\/comments?post=41"}],"version-history":[{"count":2,"href":"https:\/\/www.administracion.usmp.edu.pe\/marketing\/wp-json\/wp\/v2\/pages\/41\/revisions"}],"predecessor-version":[{"id":1074,"href":"https:\/\/www.administracion.usmp.edu.pe\/marketing\/wp-json\/wp\/v2\/pages\/41\/revisions\/1074"}],"wp:attachment":[{"href":"https:\/\/www.administracion.usmp.edu.pe\/marketing\/wp-json\/wp\/v2\/media?parent=41"}],"curies":[{"name":"wp","href":"https:\/\/api.w.org\/{rel}","templated":true}]}}