{"id":39,"date":"2014-03-26T20:14:48","date_gmt":"2014-03-26T20:14:48","guid":{"rendered":"https:\/\/www.administracion.usmp.edu.pe\/mkt\/?page_id=39"},"modified":"2023-06-15T14:23:35","modified_gmt":"2023-06-15T19:23:35","slug":"infraestructura-y-equipos","status":"publish","type":"page","link":"https:\/\/www.administracion.usmp.edu.pe\/marketing\/infraestructura-y-equipos\/","title":{"rendered":"Infraestructura y Equipos"},"content":{"rendered":"<p>Nuestra moderna infraestructura y equipamiento de \u00faltima tecnolog\u00eda permitir\u00e1n que curses satisfactoriamente el programa de la Escuela de Marketing.<\/p>\n<ul>\n<li>Contamos con un moderno campus equipado con laboratorios e instalaciones completas y avanzados con lo \u00faltimo en tecnolog\u00eda.<\/li>\n<li>Nuestras actividades se desarrollan en un campus de 10 hect\u00e1reas, amplias \u00e1reas verdes, ambientes con un clima favorable para el estudio, la investigaci\u00f3n y la interacci\u00f3n social.<\/li>\n<li>Laboratorios de c\u00f3mputo con acceso a Internet.<\/li>\n<li>Aulas 100% interactivas con equipos multimedia, acceso a Internet, sistema virtual de matr\u00edcula y registros acad\u00e9micos, con WIFI en todo el campus.<\/li>\n<\/ul>\n<p><strong>Campus Santa Anita:<\/strong> Jr. Las, Calandrias N\u00b0 151 \u2013 291, Santa Anita 15011 &#8211; Lima<br \/>\n<strong>Campus Chiclayo:<\/strong> Los Eucaliptos 300 \u2013 304 \u2013 Urb. La Pradera &#8211; Pimentel<br \/>\n<strong>Campus Arequipa:<\/strong> Calle La Merced 209<\/p>\n","protected":false},"excerpt":{"rendered":"<p>Nuestra moderna infraestructura y equipamiento de \u00faltima tecnolog\u00eda permitir\u00e1n que curses satisfactoriamente el programa de la Escuela de Marketing. Contamos [&hellip;]<\/p>\n","protected":false},"author":2,"featured_media":0,"parent":0,"menu_order":0,"comment_status":"open","ping_status":"open","template":"","meta":{"footnotes":""},"class_list":["post-39","page","type-page","status-publish","hentry"],"_links":{"self":[{"href":"https:\/\/www.administracion.usmp.edu.pe\/marketing\/wp-json\/wp\/v2\/pages\/39","targetHints":{"allow":["GET"]}}],"collection":[{"href":"https:\/\/www.administracion.usmp.edu.pe\/marketing\/wp-json\/wp\/v2\/pages"}],"about":[{"href":"https:\/\/www.administracion.usmp.edu.pe\/marketing\/wp-json\/wp\/v2\/types\/page"}],"author":[{"embeddable":true,"href":"https:\/\/www.administracion.usmp.edu.pe\/marketing\/wp-json\/wp\/v2\/users\/2"}],"replies":[{"embeddable":true,"href":"https:\/\/www.administracion.usmp.edu.pe\/marketing\/wp-json\/wp\/v2\/comments?post=39"}],"version-history":[{"count":2,"href":"https:\/\/www.administracion.usmp.edu.pe\/marketing\/wp-json\/wp\/v2\/pages\/39\/revisions"}],"predecessor-version":[{"id":1072,"href":"https:\/\/www.administracion.usmp.edu.pe\/marketing\/wp-json\/wp\/v2\/pages\/39\/revisions\/1072"}],"wp:attachment":[{"href":"https:\/\/www.administracion.usmp.edu.pe\/marketing\/wp-json\/wp\/v2\/media?parent=39"}],"curies":[{"name":"wp","href":"https:\/\/api.w.org\/{rel}","templated":true}]}}