{"id":37,"date":"2014-03-26T20:13:45","date_gmt":"2014-03-26T20:13:45","guid":{"rendered":"https:\/\/www.administracion.usmp.edu.pe\/mkt\/?page_id=37"},"modified":"2023-06-15T16:07:35","modified_gmt":"2023-06-15T21:07:35","slug":"campo-laboral","status":"publish","type":"page","link":"https:\/\/www.administracion.usmp.edu.pe\/marketing\/campo-laboral\/","title":{"rendered":"Campo Laboral"},"content":{"rendered":"<p>Los campos de acci\u00f3n de un profesional en marketing est\u00e1n en funci\u00f3n de las \u00e1reas de una organizaci\u00f3n donde se va desempe\u00f1ar como profesional, sean \u00e9stas de car\u00e1cter privada o p\u00fablica que desarrollan actividades de negocios, requiriendo del marketing para maximizar beneficios.<\/p>\n<p><strong>Gesti\u00f3n Marketing<\/strong><\/p>\n<ul>\n<li>Proponer planes y proyectos de Marketing para el desarrollo de productos, marcas y mercados propiciando la innovaci\u00f3n y el emprendimiento.<\/li>\n<li>Tomar decisiones estrat\u00e9gicas y operativas rentables y de beneficio mutuo para los mercados, compradores y proveedores.<\/li>\n<li>Utilizar instrumentos y herramientas digitales, de an\u00e1lisis para la toma de decisiones en los procesos comerciales de las organizaciones, considerando las mejores pr\u00e1cticas del marketing, con resultados exitosos al menor costos.<\/li>\n<\/ul>\n<p><strong>Investigaci\u00f3n de Mercados<\/strong><\/p>\n<ul>\n<li>Planifica la investigaci\u00f3n de mercados, supervisa la ejecuci\u00f3n, eval\u00faa los resultados y toma de decisiones que aporten valor a los clientes.<\/li>\n<li>Desarrolla estrategias de investigaci\u00f3n de diversos mercados nacionales e internacionales paras los diferentes productos o servicios de las empresas.<\/li>\n<li>Investiga estrategias de branding y act\u00faa para que crezcan sostenidamente con el fin que las marcas sean valoradas.<\/li>\n<\/ul>\n<p><strong>Marketing Internacional<\/strong><\/p>\n<ul>\n<li>Como funcionario de organismos p\u00fablicos nacionales o internacionales que ejecutan la aplicaci\u00f3n de los macro procesos referidas al marketing y pol\u00edticas enfocadas al posicionamiento de tales instituciones.<\/li>\n<li>Dise\u00f1a planes y estrategias de mercadeo internacional considerando las caracter\u00edsticas de los consumidores.<\/li>\n<li>Desarrolla estrategias de internacionalizaci\u00f3n de productos, empresas considerando la competitividad internacional.<\/li>\n<li>Elabora investigaci\u00f3n de mercados y desarrolla productos con uso intensivo de la tecnolog\u00eda.<\/li>\n<\/ul>\n<p><strong>Direcci\u00f3n Comercial<\/strong><\/p>\n<ul>\n<li>Analiza estrat\u00e9gicamente los mercados, diagnostica y pronostica su situaci\u00f3n presente y futura.<\/li>\n<li>Formula los objetivos, estrategias comerciales y rentabilidad.<\/li>\n<li>Dirige, coordina y ejecuta los planes de marketing y eval\u00faa los resultados obtenidos proponiendo las medidas correctivas.<\/li>\n<li>Lidera el \u00e1rea de ventas, haciendo uso eficiente de los recursos y maximizando beneficios.<\/li>\n<\/ul>\n<p><strong>Emprendedor<\/strong><\/p>\n<ul>\n<li>Crea organizaciones y aplica estrategias empresariales, contribuyendo con el desarrollo del pa\u00eds.<\/li>\n<li>Crea y dirige organizaciones de marketing integrales con \u00e1reas creativas, manejo de cuentas, gesti\u00f3n de medios y producci\u00f3n, orientados a brindar atenci\u00f3n a las pymes, medianas y gran empresa.<\/li>\n<\/ul>\n<p><strong>Gerencia de Productos, Marcas<\/strong><\/p>\n<ul>\n<li>Investiga, planifica, ejecuta, coordina y controla todas las actividades de marketing desde el lanzamiento, de una marca, producto o servicio, con la ayuda de un equipo de apoyo.<\/li>\n<li>Es responsable por la construcci\u00f3n y posicionamiento de la marca en la mente de los consumidores.<\/li>\n<\/ul>\n<p><strong>Gerencia de Marketing Digital<\/strong><\/p>\n<ul>\n<li>Lidera la estrategia digital, planifica el mix de medios digitales para ofrecer los productos o servicios mediante los nuevos canales publicitarios.<\/li>\n<li>Segmenta digitalmente, eval\u00faa los KPI\u00b4s y controla los presupuestos del canal digital.<\/li>\n<\/ul>\n<p><strong>Gerencia de Ventas<\/strong><\/p>\n<ul>\n<li>Investiga, planifica, organiza, dirige, coordina y controla todas las actividades comerciales tendientes a la atenci\u00f3n de los requerimientos de los clientes de la organizaci\u00f3n.<\/li>\n<li>Enfocado en la planificaci\u00f3n y supervisi\u00f3n de la ejecuci\u00f3n de proceso de ventas de productos o servicios.<\/li>\n<\/ul>\n<p><strong>Gerencia de Publicidad y Promociones<\/strong><\/p>\n<ul>\n<li>Planifica, dirige, coordina y controla todas las actividades de comunicaci\u00f3n y promoci\u00f3n de los productos y servicios de una organizaci\u00f3n.<\/li>\n<\/ul>\n<p><strong>Gerencia de Trade Marketing<\/strong><\/p>\n<ul>\n<li>Planifica, organiza, coordina, ejecuta y controla todas las actividades de marketing, acciones t\u00e1cticas, de un producto o marca en el punto de venta, teniendo como objetivo impulsar el Sell In y Sell Out.<\/li>\n<\/ul>\n<p><strong>Comunity Manager<\/strong><\/p>\n<ul>\n<li>Planificaci\u00f3n del contenido de medios, seguimiento a indicadores de gesti\u00f3n, propuestas de mejora en la parrilla digital, supervisi\u00f3n de las gr\u00e1ficas y headlines en redes sociales.<\/li>\n<\/ul>\n<p><strong>Gesti\u00f3n Acad\u00e9mica<\/strong><\/p>\n<ul>\n<li>Investiga, crea contenidos, contribuye con conocimiento did\u00e1ctico-especializado para los estudios de los futuros profesionales de marketing o potenciales empresarios.<\/li>\n<li>Profesional con competencias para desarrollar clases acad\u00e9micas en instituciones educativas de nivel superior, con el prop\u00f3sito de formar a los futuros l\u00edderes del marketing<\/li>\n<li>Consultor Externo, Asesor Empresarial u Organizacional<\/li>\n<li>Estudia y analiza la problem\u00e1tica de marketing y ventas de la organizaci\u00f3n y recomienda soluciones, diagnostica y pronostica nuevos modelos de reorganizaci\u00f3n para la toma de decisiones en la actividad p\u00fablica, privada y organizaciones sin fines de lucro.<\/li>\n<\/ul>\n","protected":false},"excerpt":{"rendered":"<p>Los campos de acci\u00f3n de un profesional en marketing est\u00e1n en funci\u00f3n de las \u00e1reas de una organizaci\u00f3n donde se [&hellip;]<\/p>\n","protected":false},"author":2,"featured_media":0,"parent":0,"menu_order":0,"comment_status":"open","ping_status":"open","template":"","meta":{"footnotes":""},"class_list":["post-37","page","type-page","status-publish","hentry"],"_links":{"self":[{"href":"https:\/\/www.administracion.usmp.edu.pe\/marketing\/wp-json\/wp\/v2\/pages\/37","targetHints":{"allow":["GET"]}}],"collection":[{"href":"https:\/\/www.administracion.usmp.edu.pe\/marketing\/wp-json\/wp\/v2\/pages"}],"about":[{"href":"https:\/\/www.administracion.usmp.edu.pe\/marketing\/wp-json\/wp\/v2\/types\/page"}],"author":[{"embeddable":true,"href":"https:\/\/www.administracion.usmp.edu.pe\/marketing\/wp-json\/wp\/v2\/users\/2"}],"replies":[{"embeddable":true,"href":"https:\/\/www.administracion.usmp.edu.pe\/marketing\/wp-json\/wp\/v2\/comments?post=37"}],"version-history":[{"count":4,"href":"https:\/\/www.administracion.usmp.edu.pe\/marketing\/wp-json\/wp\/v2\/pages\/37\/revisions"}],"predecessor-version":[{"id":1104,"href":"https:\/\/www.administracion.usmp.edu.pe\/marketing\/wp-json\/wp\/v2\/pages\/37\/revisions\/1104"}],"wp:attachment":[{"href":"https:\/\/www.administracion.usmp.edu.pe\/marketing\/wp-json\/wp\/v2\/media?parent=37"}],"curies":[{"name":"wp","href":"https:\/\/api.w.org\/{rel}","templated":true}]}}