{"id":33,"date":"2014-03-26T20:10:42","date_gmt":"2014-03-27T01:10:42","guid":{"rendered":"https:\/\/www.administracion.usmp.edu.pe\/mkt\/?page_id=33"},"modified":"2023-06-15T15:55:30","modified_gmt":"2023-06-15T20:55:30","slug":"canales-y-servicios-de-atencion","status":"publish","type":"page","link":"https:\/\/www.administracion.usmp.edu.pe\/marketing\/canales-y-servicios-de-atencion\/","title":{"rendered":"Canales Y Servicios De Atenci\u00f3n"},"content":{"rendered":"\n<p>Con la finalidad de brindar al estudiante un mejor servicio, se han implementado diferentes canales de atenci\u00f3n de acuerdo a los tr\u00e1mites que sean de su inter\u00e9s.<\/p>\n\n\n\n<p>La atenci\u00f3n al estudiante y p\u00fablico en general es virtual.<strong>\u00a0<\/strong> <\/p>\n\n\n\n<p class=\"has-text-align-center\"><img decoding=\"async\" class=\"wp-image-1353\" style=\"width: 800px;\" src=\"https:\/\/www.administracion.usmp.edu.pe\/negocios\/wp-content\/uploads\/sites\/18\/2023\/02\/Servicios-y-Canales.png\" alt=\"\"><\/p>\n","protected":false},"excerpt":{"rendered":"<p>Con la finalidad de brindar al estudiante un mejor servicio, se han implementado diferentes canales de atenci\u00f3n de acuerdo a [&hellip;]<\/p>\n","protected":false},"author":2,"featured_media":0,"parent":0,"menu_order":0,"comment_status":"open","ping_status":"closed","template":"","meta":{"footnotes":""},"class_list":["post-33","page","type-page","status-publish","hentry"],"_links":{"self":[{"href":"https:\/\/www.administracion.usmp.edu.pe\/marketing\/wp-json\/wp\/v2\/pages\/33","targetHints":{"allow":["GET"]}}],"collection":[{"href":"https:\/\/www.administracion.usmp.edu.pe\/marketing\/wp-json\/wp\/v2\/pages"}],"about":[{"href":"https:\/\/www.administracion.usmp.edu.pe\/marketing\/wp-json\/wp\/v2\/types\/page"}],"author":[{"embeddable":true,"href":"https:\/\/www.administracion.usmp.edu.pe\/marketing\/wp-json\/wp\/v2\/users\/2"}],"replies":[{"embeddable":true,"href":"https:\/\/www.administracion.usmp.edu.pe\/marketing\/wp-json\/wp\/v2\/comments?post=33"}],"version-history":[{"count":3,"href":"https:\/\/www.administracion.usmp.edu.pe\/marketing\/wp-json\/wp\/v2\/pages\/33\/revisions"}],"predecessor-version":[{"id":1099,"href":"https:\/\/www.administracion.usmp.edu.pe\/marketing\/wp-json\/wp\/v2\/pages\/33\/revisions\/1099"}],"wp:attachment":[{"href":"https:\/\/www.administracion.usmp.edu.pe\/marketing\/wp-json\/wp\/v2\/media?parent=33"}],"curies":[{"name":"wp","href":"https:\/\/api.w.org\/{rel}","templated":true}]}}