{"id":18,"date":"2014-03-26T19:33:11","date_gmt":"2014-03-26T19:33:11","guid":{"rendered":"https:\/\/www.administracion.usmp.edu.pe\/mkt\/?page_id=18"},"modified":"2023-06-14T15:52:22","modified_gmt":"2023-06-14T20:52:22","slug":"perfil-profesional","status":"publish","type":"page","link":"https:\/\/www.administracion.usmp.edu.pe\/marketing\/perfil-profesional\/","title":{"rendered":"Perfil del Graduado"},"content":{"rendered":"<p>Nuestra s\u00f3lida formaci\u00f3n acad\u00e9mica te otorga una visi\u00f3n integral de las organizaciones, manejo del contexto y del entorno, con habilidades de investigaci\u00f3n, an\u00e1lisis y pensamiento cr\u00edtico e innovador que te permitir\u00e1 proponer nuevos modelos de gesti\u00f3n del marketing en empresas nacionales e internacionales, y\/o gesti\u00f3n de recursos para tomar decisiones acertadas y rentables.<\/p>\n<p>Podr\u00e1s desempe\u00f1arse tanto en la empresa privada como en instituciones p\u00fablicas o privadas, liderando una de las \u00e1reas clave de las organizaciones.<\/p>\n<p><strong>Competencias gen\u00e9ricas <\/strong><\/p>\n<ul>\n<li><strong>Pensamiento sist\u00e9mico<\/strong><br \/>\nAplica el an\u00e1lisis y la s\u00edntesis, la inducci\u00f3n y la deducci\u00f3n, y el enfoque sist\u00e9mico, entre otros, como estrategias generales de adquisici\u00f3n del conocimiento.<\/li>\n<li><strong>Pensamiento cr\u00edtico<\/strong><br \/>\nUtiliza el pensamiento cr\u00edtico, al analizar los diferentes contextos, fuentes de informaci\u00f3n y hechos de la realidad.<\/li>\n<li><strong>Investigaci\u00f3n<\/strong><br \/>\nRealiza investigaciones, relacionadas con su profesi\u00f3n, bajo la gu\u00eda de un profesional de mayor experiencia.<\/li>\n<li><strong>Aprendizaje aut\u00f3nomo<\/strong><br \/>\nAplica adecuadamente estrategias metacognitivas, lo que lo capacita para el aprendizaje aut\u00f3nomo para toda la vida (Aprender a aprender).<\/li>\n<li><strong>Gesti\u00f3n del tiempo<\/strong><br \/>\nPlanifica y organiza eficazmente sus actividades y el tiempo dedicado a ellas.<\/li>\n<li><strong>Comunicaci\u00f3n efectiva<\/strong><br \/>\nSe comunica asertivamente en idioma espa\u00f1ol<\/li>\n<li><strong>Comunicaci\u00f3n en ingl\u00e9s<\/strong><br \/>\nComunica ideas b\u00e1sicas de la vida cotidiana y de su profesi\u00f3n, en idioma ingl\u00e9s (intermedio)<\/li>\n<li><strong>Uso de tecnolog\u00eda<\/strong><br \/>\nUtiliza eficazmente las nuevas tecnolog\u00edas de la informaci\u00f3n y la comunicaci\u00f3n.<\/li>\n<li><strong>Resoluci\u00f3n de problemas<\/strong><br \/>\nResuelve de manera creadora los problemas profesionales y personales a los que se enfrenta.<\/li>\n<li><strong>Liderazgo<\/strong><br \/>\nLidera y participa activamente en equipos de trabajo, se compromete con las tareas y logros de los mismos.<\/li>\n<li><strong>Gesti\u00f3n de proyectos<\/strong><br \/>\nElabora y gestiona proyectos de diversa \u00edndole, vinculados a su profesi\u00f3n<\/li>\n<li><strong>Interculturalidad<\/strong><br \/>\nReconoce la diversidad cultural y la existencia de diferentes perspectivas culturales, expresadas en distintas formas de organizaci\u00f3n, sistemas de relaci\u00f3n y visiones del mundo, lo que implica el reconocimiento y valoraci\u00f3n del otro.<\/li>\n<\/ul>\n<p>&nbsp;<\/p>\n<p><strong>Competencias espec\u00edficas<\/strong><\/p>\n<ul style=\"list-style-type: square;\">\n<li><strong>Product &amp; brand management<\/strong><br \/>\nGestiona las diferentes etapas del ciclo de vida de un producto, servicio o marca de manera eficiente y rentable.<\/li>\n<li><strong>Retail management<\/strong><br \/>\nInvestiga, planifica, gestiona y controla los procesos y recursos en los negocios minoristas.<\/li>\n<li><strong>Digital marketing<\/strong><br \/>\nGestiona eficaz y eficientemente los procesos comerciales digitales de las organizaciones y negocios.<\/li>\n<\/ul>\n<p>&nbsp;<\/p>\n<p><strong>Actitudes y valores institucionales <\/strong><\/p>\n<ul>\n<li>Respeto a la persona.<\/li>\n<li>B\u00fasqueda de la verdad.<\/li>\n<li>Integridad (honestidad, equidad, justicia, solidaridad y vocaci\u00f3n de servicio).<\/li>\n<li>B\u00fasqueda de la excelencia.<\/li>\n<li>Liderazgo (acad\u00e9mico, tecnol\u00f3gico y otros).<\/li>\n<li>Actitud innovadora y emprendedora.<\/li>\n<li>Conservaci\u00f3n ambiental.<\/li>\n<li>Trabajo en equipo.<\/li>\n<li>Comunicaci\u00f3n efectiva.<\/li>\n<li>Compromiso con el desarrollo del pa\u00eds.<\/li>\n<\/ul>\n","protected":false},"excerpt":{"rendered":"<p>Nuestra s\u00f3lida formaci\u00f3n acad\u00e9mica te otorga una visi\u00f3n integral de las organizaciones, manejo del contexto y del entorno, con habilidades [&hellip;]<\/p>\n","protected":false},"author":2,"featured_media":0,"parent":0,"menu_order":0,"comment_status":"open","ping_status":"open","template":"","meta":{"footnotes":""},"class_list":["post-18","page","type-page","status-publish","hentry"],"_links":{"self":[{"href":"https:\/\/www.administracion.usmp.edu.pe\/marketing\/wp-json\/wp\/v2\/pages\/18","targetHints":{"allow":["GET"]}}],"collection":[{"href":"https:\/\/www.administracion.usmp.edu.pe\/marketing\/wp-json\/wp\/v2\/pages"}],"about":[{"href":"https:\/\/www.administracion.usmp.edu.pe\/marketing\/wp-json\/wp\/v2\/types\/page"}],"author":[{"embeddable":true,"href":"https:\/\/www.administracion.usmp.edu.pe\/marketing\/wp-json\/wp\/v2\/users\/2"}],"replies":[{"embeddable":true,"href":"https:\/\/www.administracion.usmp.edu.pe\/marketing\/wp-json\/wp\/v2\/comments?post=18"}],"version-history":[{"count":4,"href":"https:\/\/www.administracion.usmp.edu.pe\/marketing\/wp-json\/wp\/v2\/pages\/18\/revisions"}],"predecessor-version":[{"id":1043,"href":"https:\/\/www.administracion.usmp.edu.pe\/marketing\/wp-json\/wp\/v2\/pages\/18\/revisions\/1043"}],"wp:attachment":[{"href":"https:\/\/www.administracion.usmp.edu.pe\/marketing\/wp-json\/wp\/v2\/media?parent=18"}],"curies":[{"name":"wp","href":"https:\/\/api.w.org\/{rel}","templated":true}]}}