{"id":16,"date":"2014-03-26T19:31:06","date_gmt":"2014-03-26T19:31:06","guid":{"rendered":"https:\/\/www.administracion.usmp.edu.pe\/mkt\/?page_id=16"},"modified":"2023-06-14T12:30:46","modified_gmt":"2023-06-14T17:30:46","slug":"objetivo","status":"publish","type":"page","link":"https:\/\/www.administracion.usmp.edu.pe\/marketing\/objetivo\/","title":{"rendered":"Objetivos Acad\u00e9micos"},"content":{"rendered":"<p>La propuesta formativa de la Escuela de Marketing, en correspondencia con su visi\u00f3n y misi\u00f3n, como expresi\u00f3n de su prop\u00f3sito de formaci\u00f3n integral del futuro profesional, ha establecido los siguientes objetivos acad\u00e9micos.<\/p>\n<ul>\n<li>Desarrollar capacidades comunicacionales dentro y fuera de las organizaciones con enfoque intercultural, inclusivo y multiling\u00fce.<\/li>\n<li>Desarrollar habilidades para solucionar problemas en diversas \u00e1reas de las organizaciones.<\/li>\n<li>Proponer estrategias comerciales de las organizaciones, considerando un entorno competitivo y globalizado.<\/li>\n<li>Implantar estrategias de marketing de las organizaciones en un entorno competitivo y globalizado.<\/li>\n<li>Proponer planes y proyectos de marketing empresarial para desarrollo de mercados y propiciando la innovaci\u00f3n y el emprendimiento.<\/li>\n<li>Tomar decisiones empresariales rentables en un entorno globalizado.<\/li>\n<\/ul>\n","protected":false},"excerpt":{"rendered":"<p>La propuesta formativa de la Escuela de Marketing, en correspondencia con su visi\u00f3n y misi\u00f3n, como expresi\u00f3n de su prop\u00f3sito [&hellip;]<\/p>\n","protected":false},"author":2,"featured_media":0,"parent":0,"menu_order":0,"comment_status":"open","ping_status":"open","template":"","meta":{"footnotes":""},"class_list":["post-16","page","type-page","status-publish","hentry"],"_links":{"self":[{"href":"https:\/\/www.administracion.usmp.edu.pe\/marketing\/wp-json\/wp\/v2\/pages\/16","targetHints":{"allow":["GET"]}}],"collection":[{"href":"https:\/\/www.administracion.usmp.edu.pe\/marketing\/wp-json\/wp\/v2\/pages"}],"about":[{"href":"https:\/\/www.administracion.usmp.edu.pe\/marketing\/wp-json\/wp\/v2\/types\/page"}],"author":[{"embeddable":true,"href":"https:\/\/www.administracion.usmp.edu.pe\/marketing\/wp-json\/wp\/v2\/users\/2"}],"replies":[{"embeddable":true,"href":"https:\/\/www.administracion.usmp.edu.pe\/marketing\/wp-json\/wp\/v2\/comments?post=16"}],"version-history":[{"count":2,"href":"https:\/\/www.administracion.usmp.edu.pe\/marketing\/wp-json\/wp\/v2\/pages\/16\/revisions"}],"predecessor-version":[{"id":1023,"href":"https:\/\/www.administracion.usmp.edu.pe\/marketing\/wp-json\/wp\/v2\/pages\/16\/revisions\/1023"}],"wp:attachment":[{"href":"https:\/\/www.administracion.usmp.edu.pe\/marketing\/wp-json\/wp\/v2\/media?parent=16"}],"curies":[{"name":"wp","href":"https:\/\/api.w.org\/{rel}","templated":true}]}}