{"id":1090,"date":"2023-06-15T15:05:55","date_gmt":"2023-06-15T20:05:55","guid":{"rendered":"https:\/\/www.administracion.usmp.edu.pe\/marketing\/?page_id=1090"},"modified":"2023-06-15T15:45:46","modified_gmt":"2023-06-15T20:45:46","slug":"actividades-nacionales","status":"publish","type":"page","link":"https:\/\/www.administracion.usmp.edu.pe\/marketing\/actividades-nacionales\/","title":{"rendered":"Actividades Nacionales"},"content":{"rendered":"\n<p><strong>Instituto de Innovaci\u00f3n y Promoci\u00f3n para el emprendimiento Universitario \u2013 IPPEU.<\/strong><\/p>\n<p><strong>Motivamos el emprendimiento y la innovaci\u00f3n<\/strong><br \/>Promovemos la cultura empresarial de nuestros estudiantes y desarrollamos sus competencias emprendedoras a trav\u00e9s de los Talleres Internacionales de emprendimiento con doble certificaci\u00f3n que se imparten sin costo alguno para alumnos y egresados:<\/p>\n<ul>\n<li>Taller de <strong>Emprendimiento e Ideas de negocios:<\/strong> Metodolog\u00eda ALEMANA \u2013 <strong>CEFE<\/strong><\/li>\n<li>Taller de <strong>Emprendimientos para Negocios Disruptivos:<\/strong> Metodolog\u00eda INDIA &#8211; <strong>WADHWANI<\/strong><\/li>\n<li>Taller de <strong>Emprendimientos Sociales:<\/strong> Metodolog\u00eda FRANCESA \u2013 <strong>MAKESENSE<\/strong><\/li>\n<\/ul>\n<p><strong>Jornada de intercambio de experiencias empresariales y de Negocios<\/strong><br \/>Es una experiencia de aprendizaje de los estudiantes, complementaria a la actividad docente en aula, que permite reflexionar y analizar buenas pr\u00e1cticas de gesti\u00f3n y de negocios a trav\u00e9s de comunicaciones desarrolladas por empresarios, funcionarios p\u00fablicos, acad\u00e9micos y egresados de actuaci\u00f3n destacada en escenarios laborales diversos, que dar\u00e1n valor agregado a los aprendizajes significativos en desarrollo, para fortalecer sus competencias profesionales.<\/p>\n","protected":false},"excerpt":{"rendered":"<p>Instituto de Innovaci\u00f3n y Promoci\u00f3n para el emprendimiento Universitario \u2013 IPPEU. Motivamos el emprendimiento y la innovaci\u00f3nPromovemos la cultura empresarial [&hellip;]<\/p>\n","protected":false},"author":92,"featured_media":0,"parent":0,"menu_order":0,"comment_status":"closed","ping_status":"closed","template":"","meta":{"footnotes":""},"class_list":["post-1090","page","type-page","status-publish","hentry"],"_links":{"self":[{"href":"https:\/\/www.administracion.usmp.edu.pe\/marketing\/wp-json\/wp\/v2\/pages\/1090","targetHints":{"allow":["GET"]}}],"collection":[{"href":"https:\/\/www.administracion.usmp.edu.pe\/marketing\/wp-json\/wp\/v2\/pages"}],"about":[{"href":"https:\/\/www.administracion.usmp.edu.pe\/marketing\/wp-json\/wp\/v2\/types\/page"}],"author":[{"embeddable":true,"href":"https:\/\/www.administracion.usmp.edu.pe\/marketing\/wp-json\/wp\/v2\/users\/92"}],"replies":[{"embeddable":true,"href":"https:\/\/www.administracion.usmp.edu.pe\/marketing\/wp-json\/wp\/v2\/comments?post=1090"}],"version-history":[{"count":2,"href":"https:\/\/www.administracion.usmp.edu.pe\/marketing\/wp-json\/wp\/v2\/pages\/1090\/revisions"}],"predecessor-version":[{"id":1096,"href":"https:\/\/www.administracion.usmp.edu.pe\/marketing\/wp-json\/wp\/v2\/pages\/1090\/revisions\/1096"}],"wp:attachment":[{"href":"https:\/\/www.administracion.usmp.edu.pe\/marketing\/wp-json\/wp\/v2\/media?parent=1090"}],"curies":[{"name":"wp","href":"https:\/\/api.w.org\/{rel}","templated":true}]}}