{"id":1080,"date":"2023-06-15T14:51:50","date_gmt":"2023-06-15T19:51:50","guid":{"rendered":"https:\/\/www.administracion.usmp.edu.pe\/marketing\/?page_id=1080"},"modified":"2023-06-15T15:49:03","modified_gmt":"2023-06-15T20:49:03","slug":"esferas-de-actuacion","status":"publish","type":"page","link":"https:\/\/www.administracion.usmp.edu.pe\/marketing\/esferas-de-actuacion\/","title":{"rendered":"Esferas de Actuaci\u00f3n"},"content":{"rendered":"\n<p>Las esferas de actuaci\u00f3n de un graduado en marketing, significa emprender una actividad laboral que implica desempe\u00f1arse en diversos sectores, privado dependiente o independiente y p\u00fablico:<\/p>\n<p>En el sector privado como dependiente<\/p>\n<ul>\n<li>Como asesor den marketing puede desempe\u00f1arse en diversas \u00e1reas de una organizaci\u00f3n privada: asesor estrat\u00e9gico, especialista en alguno de los procesos de marketing, estudios de mercado y capacitaci\u00f3n.<\/li>\n<li>Como ejecutivo, l\u00edder que gestiona los principales procesos de marketing.<\/li>\n<\/ul>\n<p>En el sector p\u00fablico nacional e internacional<\/p>\n<ul>\n<li>Como funcionario de organismos p\u00fablicos nacionales o internacionales que ejecutan la aplicaci\u00f3n de los macro procesos referidas al marketing y pol\u00edticas enfocadas al posicionamiento de tales instituciones.<\/li>\n<\/ul>\n<p>En forma independiente<\/p>\n<ul>\n<li>Como asesor y consultor en diversas \u00e1reas del marketing<\/li>\n<li>Como emprendedor de sus iniciativas empresariales<\/li>\n<li>Como docente, capacitador o coach en universidades, IST, escuelas de marketing y empresas consultoras de la especialidad.<\/li>\n<\/ul>\n","protected":false},"excerpt":{"rendered":"<p>Las esferas de actuaci\u00f3n de un graduado en marketing, significa emprender una actividad laboral que implica desempe\u00f1arse en diversos sectores, [&hellip;]<\/p>\n","protected":false},"author":92,"featured_media":0,"parent":0,"menu_order":0,"comment_status":"closed","ping_status":"closed","template":"","meta":{"footnotes":""},"class_list":["post-1080","page","type-page","status-publish","hentry"],"_links":{"self":[{"href":"https:\/\/www.administracion.usmp.edu.pe\/marketing\/wp-json\/wp\/v2\/pages\/1080","targetHints":{"allow":["GET"]}}],"collection":[{"href":"https:\/\/www.administracion.usmp.edu.pe\/marketing\/wp-json\/wp\/v2\/pages"}],"about":[{"href":"https:\/\/www.administracion.usmp.edu.pe\/marketing\/wp-json\/wp\/v2\/types\/page"}],"author":[{"embeddable":true,"href":"https:\/\/www.administracion.usmp.edu.pe\/marketing\/wp-json\/wp\/v2\/users\/92"}],"replies":[{"embeddable":true,"href":"https:\/\/www.administracion.usmp.edu.pe\/marketing\/wp-json\/wp\/v2\/comments?post=1080"}],"version-history":[{"count":2,"href":"https:\/\/www.administracion.usmp.edu.pe\/marketing\/wp-json\/wp\/v2\/pages\/1080\/revisions"}],"predecessor-version":[{"id":1084,"href":"https:\/\/www.administracion.usmp.edu.pe\/marketing\/wp-json\/wp\/v2\/pages\/1080\/revisions\/1084"}],"wp:attachment":[{"href":"https:\/\/www.administracion.usmp.edu.pe\/marketing\/wp-json\/wp\/v2\/media?parent=1080"}],"curies":[{"name":"wp","href":"https:\/\/api.w.org\/{rel}","templated":true}]}}