{"id":6,"date":"2014-08-19T22:01:06","date_gmt":"2014-08-20T03:01:06","guid":{"rendered":"https:\/\/www.administracion.usmp.edu.pe\/ippeu1\/?page_id=6"},"modified":"2020-05-19T18:42:13","modified_gmt":"2020-05-19T23:42:13","slug":"conocenos","status":"publish","type":"page","link":"https:\/\/www.administracion.usmp.edu.pe\/ippeu\/conocenos\/","title":{"rendered":"Con\u00f3cenos"},"content":{"rendered":"\t\t<div data-elementor-type=\"wp-page\" data-elementor-id=\"6\" class=\"elementor elementor-6\">\n\t\t\t\t\t\t<section class=\"elementor-section elementor-top-section elementor-element elementor-element-2a38f909 elementor-section-content-middle elementor-section-boxed elementor-section-height-default elementor-section-height-default\" data-id=\"2a38f909\" data-element_type=\"section\" data-e-type=\"section\">\n\t\t\t\t\t\t<div class=\"elementor-container elementor-column-gap-no\">\n\t\t\t\t\t<div class=\"elementor-column elementor-col-100 elementor-top-column elementor-element elementor-element-471b815\" data-id=\"471b815\" data-element_type=\"column\" data-e-type=\"column\">\n\t\t\t<div class=\"elementor-widget-wrap elementor-element-populated\">\n\t\t\t\t\t\t<div class=\"elementor-element elementor-element-2f4d30a elementor-widget elementor-widget-heading\" data-id=\"2f4d30a\" data-element_type=\"widget\" data-e-type=\"widget\" data-widget_type=\"heading.default\">\n\t\t\t\t<div class=\"elementor-widget-container\">\n\t\t\t\t\t<h4 class=\"elementor-heading-title elementor-size-default\">Presentaci\u00f3n<\/h4>\t\t\t\t<\/div>\n\t\t\t\t<\/div>\n\t\t\t\t<section class=\"elementor-section elementor-inner-section elementor-element elementor-element-59460b2 elementor-section-boxed elementor-section-height-default elementor-section-height-default\" data-id=\"59460b2\" data-element_type=\"section\" data-e-type=\"section\">\n\t\t\t\t\t\t<div class=\"elementor-container elementor-column-gap-default\">\n\t\t\t\t\t<div class=\"elementor-column elementor-col-66 elementor-inner-column elementor-element elementor-element-9bd247a\" data-id=\"9bd247a\" data-element_type=\"column\" data-e-type=\"column\">\n\t\t\t<div class=\"elementor-widget-wrap elementor-element-populated\">\n\t\t\t\t\t\t<div class=\"elementor-element elementor-element-16549d22 elementor-widget elementor-widget-text-editor\" data-id=\"16549d22\" data-element_type=\"widget\" data-e-type=\"widget\" data-widget_type=\"text-editor.default\">\n\t\t\t\t<div class=\"elementor-widget-container\">\n\t\t\t\t\t\t\t\t\t<p style=\"font-size: 18px; text-align: start;\">El Mundo cambia d\u00eda a d\u00eda, minuto a minuto. Algunas cosas que antes solo las ve\u00edamos en Ciencia Ficci\u00f3n hoy se est\u00e1n haciendo realidad. Nuestra Universidad y el Instituto de Innovaci\u00f3n y Emprendimiento Universitario entiende que tenemos que cambiar al mismo<br \/>ritmo, para ofrecer nuevos servicios para el beneficio y actualizaci\u00f3n de nuestros alumnos.<br \/>En ese compromiso y deseando que ustedes crezcan con nosotros es que podemos decir que nos hemos\u00a0 internacionalizado, poniendo a su disposici\u00f3n totalmente gratuito previa selecci\u00f3n los siguientes programas:<\/p>\n<ul>\n<li style=\"font-size: 18px; text-align: start;\">&gt; Talleres de Emprendimiento e Ideas de Negocios \u2013 Metodolog\u00eda CEFE \u2013 ALEMANIA<\/li>\n<li style=\"font-size: 18px; text-align: start;\">&gt; Talleres de Emprendimiento para Negocios Disruptivos \u2013 Metodolog\u00eda WADWANI \u2013 INDIA<\/li>\n<li style=\"font-size: 18px; text-align: start;\">&gt; Talleres de Emprendimiento Social \u201cSenseAcademy\u201d \u2013 Metodolog\u00eda MAKENSE \u2013 FRANCIA<\/li>\n<\/ul>\n<p style=\"text-align: justify;\">El \u00e9xito est\u00e1 en ti mismo, si tienes Coraje y Determinaci\u00f3n para ser tu propio Jefe, tu futuro<br \/>est\u00e1 asegurado. El IPPEU te orientar\u00e1 hacia ese camino.<br \/>Crece con Nosotros. Te esperamos.<\/p>\t\t\t\t\t\t\t\t<\/div>\n\t\t\t\t<\/div>\n\t\t\t\t\t<\/div>\n\t\t<\/div>\n\t\t\t\t<div class=\"elementor-column elementor-col-33 elementor-inner-column elementor-element elementor-element-1777efa\" data-id=\"1777efa\" data-element_type=\"column\" data-e-type=\"column\">\n\t\t\t<div class=\"elementor-widget-wrap elementor-element-populated\">\n\t\t\t\t\t\t<div class=\"elementor-element elementor-element-ae740c9 elementor-widget elementor-widget-image\" data-id=\"ae740c9\" data-element_type=\"widget\" data-e-type=\"widget\" data-widget_type=\"image.default\">\n\t\t\t\t<div class=\"elementor-widget-container\">\n\t\t\t\t\t\t\t\t\t\t\t\t\t\t\t<img fetchpriority=\"high\" decoding=\"async\" width=\"1167\" height=\"1536\" src=\"https:\/\/www.administracion.usmp.edu.pe\/ippeu\/wp-content\/uploads\/sites\/23\/2020\/03\/beas-1167x1536.jpg\" class=\"attachment-1536x1536 size-1536x1536 wp-image-710\" alt=\"\" srcset=\"https:\/\/www.administracion.usmp.edu.pe\/ippeu\/wp-content\/uploads\/sites\/23\/2020\/03\/beas-1167x1536.jpg 1167w, https:\/\/www.administracion.usmp.edu.pe\/ippeu\/wp-content\/uploads\/sites\/23\/2020\/03\/beas-228x300.jpg 228w, https:\/\/www.administracion.usmp.edu.pe\/ippeu\/wp-content\/uploads\/sites\/23\/2020\/03\/beas-778x1024.jpg 778w, https:\/\/www.administracion.usmp.edu.pe\/ippeu\/wp-content\/uploads\/sites\/23\/2020\/03\/beas-768x1011.jpg 768w, https:\/\/www.administracion.usmp.edu.pe\/ippeu\/wp-content\/uploads\/sites\/23\/2020\/03\/beas.jpg 1500w\" sizes=\"(max-width: 1167px) 100vw, 1167px\" \/>\t\t\t\t\t\t\t\t\t\t\t\t\t\t\t<\/div>\n\t\t\t\t<\/div>\n\t\t\t\t<div class=\"elementor-element elementor-element-f894a52 elementor-widget elementor-widget-text-editor\" data-id=\"f894a52\" data-element_type=\"widget\" data-e-type=\"widget\" data-widget_type=\"text-editor.default\">\n\t\t\t\t<div class=\"elementor-widget-container\">\n\t\t\t\t\t\t\t\t\t<p>Dr. Jos\u00e9 Beas Aranda<\/p>\n<p>Director del Instituto de Innovaci\u00f3n y<br \/>\nPromoci\u00f3n para el Emprendimiento<br \/>\nUniversitario<\/p>\t\t\t\t\t\t\t\t<\/div>\n\t\t\t\t<\/div>\n\t\t\t\t\t<\/div>\n\t\t<\/div>\n\t\t\t\t\t<\/div>\n\t\t<\/section>\n\t\t\t\t\t<\/div>\n\t\t<\/div>\n\t\t\t\t\t<\/div>\n\t\t<\/section>\n\t\t\t\t<section class=\"elementor-section elementor-top-section elementor-element elementor-element-c247247 elementor-section-content-middle elementor-section-boxed elementor-section-height-default elementor-section-height-default\" data-id=\"c247247\" data-element_type=\"section\" data-e-type=\"section\" data-settings=\"{&quot;background_background&quot;:&quot;classic&quot;}\">\n\t\t\t\t\t\t<div class=\"elementor-container elementor-column-gap-no\">\n\t\t\t\t\t<div class=\"elementor-column elementor-col-100 elementor-top-column elementor-element elementor-element-063f111\" data-id=\"063f111\" data-element_type=\"column\" data-e-type=\"column\">\n\t\t\t<div class=\"elementor-widget-wrap elementor-element-populated\">\n\t\t\t\t\t\t<div class=\"elementor-element elementor-element-288f57c elementor-widget elementor-widget-heading\" data-id=\"288f57c\" data-element_type=\"widget\" data-e-type=\"widget\" data-widget_type=\"heading.default\">\n\t\t\t\t<div class=\"elementor-widget-container\">\n\t\t\t\t\t<h4 class=\"elementor-heading-title elementor-size-default\">Nuestro equipo<\/h4>\t\t\t\t<\/div>\n\t\t\t\t<\/div>\n\t\t\t\t<div class=\"elementor-element elementor-element-c04b657 elementor-widget-divider--view-line elementor-widget elementor-widget-divider\" data-id=\"c04b657\" data-element_type=\"widget\" data-e-type=\"widget\" data-widget_type=\"divider.default\">\n\t\t\t\t<div class=\"elementor-widget-container\">\n\t\t\t\t\t\t\t<div class=\"elementor-divider\">\n\t\t\t<span class=\"elementor-divider-separator\">\n\t\t\t\t\t\t<\/span>\n\t\t<\/div>\n\t\t\t\t\t\t<\/div>\n\t\t\t\t<\/div>\n\t\t\t\t<section class=\"elementor-section elementor-inner-section elementor-element elementor-element-c761050 elementor-section-boxed elementor-section-height-default elementor-section-height-default\" data-id=\"c761050\" data-element_type=\"section\" data-e-type=\"section\">\n\t\t\t\t\t\t<div class=\"elementor-container elementor-column-gap-default\">\n\t\t\t\t\t<div class=\"elementor-column elementor-col-100 elementor-inner-column elementor-element elementor-element-1f86881\" data-id=\"1f86881\" data-element_type=\"column\" data-e-type=\"column\">\n\t\t\t<div class=\"elementor-widget-wrap elementor-element-populated\">\n\t\t\t\t\t\t<div class=\"elementor-element elementor-element-a9b163d elementor-widget elementor-widget-text-editor\" data-id=\"a9b163d\" data-element_type=\"widget\" data-e-type=\"widget\" data-widget_type=\"text-editor.default\">\n\t\t\t\t<div class=\"elementor-widget-container\">\n\t\t\t\t\t\t\t\t\t<p>\u201cNosotros estamos para servirlos, ayudarlos y hacer que sus ideas y proyectos de negocios se hagan realidad, ya que de esta manera contribuiremos en hacer un Per\u00fa grande, pr\u00f3spero y desarrollado\u201d.<\/p>\t\t\t\t\t\t\t\t<\/div>\n\t\t\t\t<\/div>\n\t\t\t\t\t<\/div>\n\t\t<\/div>\n\t\t\t\t\t<\/div>\n\t\t<\/section>\n\t\t\t\t<section class=\"elementor-section elementor-inner-section elementor-element elementor-element-cd363b3 elementor-section-boxed elementor-section-height-default elementor-section-height-default\" data-id=\"cd363b3\" data-element_type=\"section\" data-e-type=\"section\">\n\t\t\t\t\t\t<div class=\"elementor-container elementor-column-gap-default\">\n\t\t\t\t\t<div class=\"elementor-column elementor-col-33 elementor-inner-column elementor-element elementor-element-5349a6a\" data-id=\"5349a6a\" data-element_type=\"column\" data-e-type=\"column\">\n\t\t\t<div class=\"elementor-widget-wrap elementor-element-populated\">\n\t\t\t\t\t\t<div class=\"elementor-element elementor-element-0e0f43e elementor-position-top elementor-widget elementor-widget-image-box\" data-id=\"0e0f43e\" data-element_type=\"widget\" data-e-type=\"widget\" data-widget_type=\"image-box.default\">\n\t\t\t\t<div class=\"elementor-widget-container\">\n\t\t\t\t\t<div class=\"elementor-image-box-wrapper\"><figure class=\"elementor-image-box-img\"><img decoding=\"async\" width=\"250\" height=\"250\" src=\"https:\/\/www.administracion.usmp.edu.pe\/ippeu\/wp-content\/uploads\/sites\/23\/2014\/08\/jefe-ippeu.jpg\" class=\"attachment-full size-full wp-image-10\" alt=\"\" srcset=\"https:\/\/www.administracion.usmp.edu.pe\/ippeu\/wp-content\/uploads\/sites\/23\/2014\/08\/jefe-ippeu.jpg 250w, https:\/\/www.administracion.usmp.edu.pe\/ippeu\/wp-content\/uploads\/sites\/23\/2014\/08\/jefe-ippeu-150x150.jpg 150w, https:\/\/www.administracion.usmp.edu.pe\/ippeu\/wp-content\/uploads\/sites\/23\/2014\/08\/jefe-ippeu-100x100.jpg 100w\" sizes=\"(max-width: 250px) 100vw, 250px\" \/><\/figure><div class=\"elementor-image-box-content\"><h5 class=\"elementor-image-box-title\">Jose Luis<\/h5><p class=\"elementor-image-box-description\">Director<\/p><\/div><\/div>\t\t\t\t<\/div>\n\t\t\t\t<\/div>\n\t\t\t\t\t<\/div>\n\t\t<\/div>\n\t\t\t\t<div class=\"elementor-column elementor-col-33 elementor-inner-column elementor-element elementor-element-03b6bd0\" data-id=\"03b6bd0\" data-element_type=\"column\" data-e-type=\"column\">\n\t\t\t<div class=\"elementor-widget-wrap elementor-element-populated\">\n\t\t\t\t\t\t<div class=\"elementor-element elementor-element-1419228 elementor-position-top elementor-widget elementor-widget-image-box\" data-id=\"1419228\" data-element_type=\"widget\" data-e-type=\"widget\" data-widget_type=\"image-box.default\">\n\t\t\t\t<div class=\"elementor-widget-container\">\n\t\t\t\t\t<div class=\"elementor-image-box-wrapper\"><figure class=\"elementor-image-box-img\"><img decoding=\"async\" width=\"250\" height=\"250\" src=\"https:\/\/www.administracion.usmp.edu.pe\/ippeu\/wp-content\/uploads\/sites\/23\/2014\/08\/avatar-rosa-honores.jpg\" class=\"attachment-full size-full wp-image-67\" alt=\"\" srcset=\"https:\/\/www.administracion.usmp.edu.pe\/ippeu\/wp-content\/uploads\/sites\/23\/2014\/08\/avatar-rosa-honores.jpg 250w, https:\/\/www.administracion.usmp.edu.pe\/ippeu\/wp-content\/uploads\/sites\/23\/2014\/08\/avatar-rosa-honores-150x150.jpg 150w, https:\/\/www.administracion.usmp.edu.pe\/ippeu\/wp-content\/uploads\/sites\/23\/2014\/08\/avatar-rosa-honores-100x100.jpg 100w\" sizes=\"(max-width: 250px) 100vw, 250px\" \/><\/figure><div class=\"elementor-image-box-content\"><h5 class=\"elementor-image-box-title\">Rosa Honores<\/h5><p class=\"elementor-image-box-description\">Coordinadora<\/p><\/div><\/div>\t\t\t\t<\/div>\n\t\t\t\t<\/div>\n\t\t\t\t\t<\/div>\n\t\t<\/div>\n\t\t\t\t<div class=\"elementor-column elementor-col-33 elementor-inner-column elementor-element elementor-element-0053232\" data-id=\"0053232\" data-element_type=\"column\" data-e-type=\"column\">\n\t\t\t<div class=\"elementor-widget-wrap elementor-element-populated\">\n\t\t\t\t\t\t<div class=\"elementor-element elementor-element-4dede30 elementor-position-top elementor-widget elementor-widget-image-box\" data-id=\"4dede30\" data-element_type=\"widget\" data-e-type=\"widget\" data-widget_type=\"image-box.default\">\n\t\t\t\t<div class=\"elementor-widget-container\">\n\t\t\t\t\t<div class=\"elementor-image-box-wrapper\"><figure class=\"elementor-image-box-img\"><img loading=\"lazy\" decoding=\"async\" width=\"220\" height=\"305\" src=\"https:\/\/www.administracion.usmp.edu.pe\/ippeu\/wp-content\/uploads\/sites\/23\/2019\/12\/catalina-guzman.png\" class=\"attachment-full size-full wp-image-422\" alt=\"\" srcset=\"https:\/\/www.administracion.usmp.edu.pe\/ippeu\/wp-content\/uploads\/sites\/23\/2019\/12\/catalina-guzman.png 220w, https:\/\/www.administracion.usmp.edu.pe\/ippeu\/wp-content\/uploads\/sites\/23\/2019\/12\/catalina-guzman-216x300.png 216w\" sizes=\"(max-width: 220px) 100vw, 220px\" \/><\/figure><div class=\"elementor-image-box-content\"><h5 class=\"elementor-image-box-title\">Catalina Guzm\u00e1n<\/h5><p class=\"elementor-image-box-description\">Coordinadora<\/p><\/div><\/div>\t\t\t\t<\/div>\n\t\t\t\t<\/div>\n\t\t\t\t\t<\/div>\n\t\t<\/div>\n\t\t\t\t\t<\/div>\n\t\t<\/section>\n\t\t\t\t\t<\/div>\n\t\t<\/div>\n\t\t\t\t\t<\/div>\n\t\t<\/section>\n\t\t\t\t<section class=\"elementor-section elementor-top-section elementor-element elementor-element-e9a67b1 elementor-section-content-top elementor-section-boxed elementor-section-height-default elementor-section-height-default\" data-id=\"e9a67b1\" data-element_type=\"section\" data-e-type=\"section\">\n\t\t\t\t\t\t<div class=\"elementor-container elementor-column-gap-wider\">\n\t\t\t\t\t<div class=\"elementor-column elementor-col-50 elementor-top-column elementor-element elementor-element-1db49bb\" data-id=\"1db49bb\" data-element_type=\"column\" data-e-type=\"column\">\n\t\t\t<div class=\"elementor-widget-wrap elementor-element-populated\">\n\t\t\t\t\t\t<div class=\"elementor-element elementor-element-7a91e98 elementor-widget elementor-widget-heading\" data-id=\"7a91e98\" data-element_type=\"widget\" data-e-type=\"widget\" data-widget_type=\"heading.default\">\n\t\t\t\t<div class=\"elementor-widget-container\">\n\t\t\t\t\t<h4 class=\"elementor-heading-title elementor-size-default\">VISI\u00d3N<\/h4>\t\t\t\t<\/div>\n\t\t\t\t<\/div>\n\t\t\t\t<div class=\"elementor-element elementor-element-e433e37 elementor-widget elementor-widget-image\" data-id=\"e433e37\" data-element_type=\"widget\" data-e-type=\"widget\" data-widget_type=\"image.default\">\n\t\t\t\t<div class=\"elementor-widget-container\">\n\t\t\t\t\t\t\t\t\t\t\t\t\t\t\t<img loading=\"lazy\" decoding=\"async\" width=\"162\" height=\"115\" src=\"https:\/\/www.administracion.usmp.edu.pe\/ippeu\/wp-content\/uploads\/sites\/23\/2019\/12\/ippeu-vision.png\" class=\"attachment-large size-large wp-image-426\" alt=\"\" \/>\t\t\t\t\t\t\t\t\t\t\t\t\t\t\t<\/div>\n\t\t\t\t<\/div>\n\t\t\t\t<section class=\"elementor-section elementor-inner-section elementor-element elementor-element-b082c34 elementor-section-boxed elementor-section-height-default elementor-section-height-default\" data-id=\"b082c34\" data-element_type=\"section\" data-e-type=\"section\">\n\t\t\t\t\t\t<div class=\"elementor-container elementor-column-gap-default\">\n\t\t\t\t\t<div class=\"elementor-column elementor-col-100 elementor-inner-column elementor-element elementor-element-4cf33f4\" data-id=\"4cf33f4\" data-element_type=\"column\" data-e-type=\"column\">\n\t\t\t<div class=\"elementor-widget-wrap elementor-element-populated\">\n\t\t\t\t\t\t<div class=\"elementor-element elementor-element-612cfa9 elementor-widget elementor-widget-text-editor\" data-id=\"612cfa9\" data-element_type=\"widget\" data-e-type=\"widget\" data-widget_type=\"text-editor.default\">\n\t\t\t\t<div class=\"elementor-widget-container\">\n\t\t\t\t\t\t\t\t\t<p>Ser una instituci\u00f3n reconocida en el \u00e1mbito nacional e internacional, como\u00edderes en el fomento y la creaci\u00f3n de empresas.<\/p>\t\t\t\t\t\t\t\t<\/div>\n\t\t\t\t<\/div>\n\t\t\t\t\t<\/div>\n\t\t<\/div>\n\t\t\t\t\t<\/div>\n\t\t<\/section>\n\t\t\t\t\t<\/div>\n\t\t<\/div>\n\t\t\t\t<div class=\"elementor-column elementor-col-50 elementor-top-column elementor-element elementor-element-31bbce4\" data-id=\"31bbce4\" data-element_type=\"column\" data-e-type=\"column\">\n\t\t\t<div class=\"elementor-widget-wrap elementor-element-populated\">\n\t\t\t\t\t\t<div class=\"elementor-element elementor-element-1ddfaa4 elementor-widget elementor-widget-heading\" data-id=\"1ddfaa4\" data-element_type=\"widget\" data-e-type=\"widget\" data-widget_type=\"heading.default\">\n\t\t\t\t<div class=\"elementor-widget-container\">\n\t\t\t\t\t<h4 class=\"elementor-heading-title elementor-size-default\">MISI\u00d3N<\/h4>\t\t\t\t<\/div>\n\t\t\t\t<\/div>\n\t\t\t\t<div class=\"elementor-element elementor-element-658e429 elementor-widget elementor-widget-image\" data-id=\"658e429\" data-element_type=\"widget\" data-e-type=\"widget\" data-widget_type=\"image.default\">\n\t\t\t\t<div class=\"elementor-widget-container\">\n\t\t\t\t\t\t\t\t\t\t\t\t\t\t\t<img loading=\"lazy\" decoding=\"async\" width=\"162\" height=\"115\" src=\"https:\/\/www.administracion.usmp.edu.pe\/ippeu\/wp-content\/uploads\/sites\/23\/2019\/12\/ippeu-mision.png\" class=\"attachment-large size-large wp-image-427\" alt=\"\" \/>\t\t\t\t\t\t\t\t\t\t\t\t\t\t\t<\/div>\n\t\t\t\t<\/div>\n\t\t\t\t<div class=\"elementor-element elementor-element-1916af5 elementor-widget elementor-widget-text-editor\" data-id=\"1916af5\" data-element_type=\"widget\" data-e-type=\"widget\" data-widget_type=\"text-editor.default\">\n\t\t\t\t<div class=\"elementor-widget-container\">\n\t\t\t\t\t\t\t\t\t<p>Promover una cultura emprendedora y empresarial, que permita incubar empresas<br \/>innovadoras, competitivas, en un marco de desarrollo tecnol\u00f3gico y sostenible.<\/p>\t\t\t\t\t\t\t\t<\/div>\n\t\t\t\t<\/div>\n\t\t\t\t\t<\/div>\n\t\t<\/div>\n\t\t\t\t\t<\/div>\n\t\t<\/section>\n\t\t\t\t<section class=\"elementor-section elementor-top-section elementor-element elementor-element-397ca26 elementor-section-content-top elementor-section-boxed elementor-section-height-default elementor-section-height-default\" data-id=\"397ca26\" data-element_type=\"section\" data-e-type=\"section\" data-settings=\"{&quot;background_background&quot;:&quot;classic&quot;}\">\n\t\t\t\t\t\t<div class=\"elementor-container elementor-column-gap-wider\">\n\t\t\t\t\t<div class=\"elementor-column elementor-col-100 elementor-top-column elementor-element elementor-element-6ffd8a8\" data-id=\"6ffd8a8\" data-element_type=\"column\" data-e-type=\"column\">\n\t\t\t<div class=\"elementor-widget-wrap elementor-element-populated\">\n\t\t\t\t\t\t<div class=\"elementor-element elementor-element-0a9642c elementor-widget elementor-widget-heading\" data-id=\"0a9642c\" data-element_type=\"widget\" data-e-type=\"widget\" data-widget_type=\"heading.default\">\n\t\t\t\t<div class=\"elementor-widget-container\">\n\t\t\t\t\t<h4 class=\"elementor-heading-title elementor-size-default\">Organigrama<\/h4>\t\t\t\t<\/div>\n\t\t\t\t<\/div>\n\t\t\t\t<div class=\"elementor-element elementor-element-f527632 elementor-widget-divider--view-line elementor-widget elementor-widget-divider\" data-id=\"f527632\" data-element_type=\"widget\" data-e-type=\"widget\" data-widget_type=\"divider.default\">\n\t\t\t\t<div class=\"elementor-widget-container\">\n\t\t\t\t\t\t\t<div class=\"elementor-divider\">\n\t\t\t<span class=\"elementor-divider-separator\">\n\t\t\t\t\t\t<\/span>\n\t\t<\/div>\n\t\t\t\t\t\t<\/div>\n\t\t\t\t<\/div>\n\t\t\t\t<div class=\"elementor-element elementor-element-77d8c0e elementor-widget elementor-widget-image\" data-id=\"77d8c0e\" data-element_type=\"widget\" data-e-type=\"widget\" data-widget_type=\"image.default\">\n\t\t\t\t<div class=\"elementor-widget-container\">\n\t\t\t\t\t\t\t\t\t\t\t\t\t\t\t<img loading=\"lazy\" decoding=\"async\" width=\"1024\" height=\"576\" src=\"https:\/\/www.administracion.usmp.edu.pe\/ippeu\/wp-content\/uploads\/sites\/23\/2020\/02\/organigrama-ippeu-1-1024x576.jpg\" class=\"attachment-large size-large wp-image-704\" alt=\"\" srcset=\"https:\/\/www.administracion.usmp.edu.pe\/ippeu\/wp-content\/uploads\/sites\/23\/2020\/02\/organigrama-ippeu-1-1024x576.jpg 1024w, https:\/\/www.administracion.usmp.edu.pe\/ippeu\/wp-content\/uploads\/sites\/23\/2020\/02\/organigrama-ippeu-1-300x169.jpg 300w, https:\/\/www.administracion.usmp.edu.pe\/ippeu\/wp-content\/uploads\/sites\/23\/2020\/02\/organigrama-ippeu-1-768x432.jpg 768w, https:\/\/www.administracion.usmp.edu.pe\/ippeu\/wp-content\/uploads\/sites\/23\/2020\/02\/organigrama-ippeu-1.jpg 1280w\" sizes=\"(max-width: 1024px) 100vw, 1024px\" \/>\t\t\t\t\t\t\t\t\t\t\t\t\t\t\t<\/div>\n\t\t\t\t<\/div>\n\t\t\t\t\t<\/div>\n\t\t<\/div>\n\t\t\t\t\t<\/div>\n\t\t<\/section>\n\t\t\t\t<\/div>\n\t\t","protected":false},"excerpt":{"rendered":"<p>Presentaci\u00f3n El Mundo cambia d\u00eda a d\u00eda, minuto a minuto. Algunas cosas que antes solo las ve\u00edamos en Ciencia Ficci\u00f3n hoy se est\u00e1n haciendo realidad. Nuestra Universidad y el Instituto de Innovaci\u00f3n y Emprendimiento Universitario entiende que tenemos que cambiar al mismo ritmo, para ofrecer nuevos servicios para el beneficio y actualizaci\u00f3n de nuestros alumnos. [&hellip;]<\/p>\n","protected":false},"author":2,"featured_media":0,"parent":0,"menu_order":0,"comment_status":"open","ping_status":"closed","template":"elementor_header_footer","meta":{"_genesis_hide_title":false,"_genesis_hide_breadcrumbs":false,"_genesis_hide_singular_image":false,"_genesis_hide_footer_widgets":false,"_genesis_custom_body_class":"","_genesis_custom_post_class":"","_genesis_layout":"","footnotes":""},"class_list":{"0":"post-6","1":"page","2":"type-page","3":"status-publish","5":"entry"},"_links":{"self":[{"href":"https:\/\/www.administracion.usmp.edu.pe\/ippeu\/wp-json\/wp\/v2\/pages\/6","targetHints":{"allow":["GET"]}}],"collection":[{"href":"https:\/\/www.administracion.usmp.edu.pe\/ippeu\/wp-json\/wp\/v2\/pages"}],"about":[{"href":"https:\/\/www.administracion.usmp.edu.pe\/ippeu\/wp-json\/wp\/v2\/types\/page"}],"author":[{"embeddable":true,"href":"https:\/\/www.administracion.usmp.edu.pe\/ippeu\/wp-json\/wp\/v2\/users\/2"}],"replies":[{"embeddable":true,"href":"https:\/\/www.administracion.usmp.edu.pe\/ippeu\/wp-json\/wp\/v2\/comments?post=6"}],"version-history":[{"count":2,"href":"https:\/\/www.administracion.usmp.edu.pe\/ippeu\/wp-json\/wp\/v2\/pages\/6\/revisions"}],"predecessor-version":[{"id":718,"href":"https:\/\/www.administracion.usmp.edu.pe\/ippeu\/wp-json\/wp\/v2\/pages\/6\/revisions\/718"}],"wp:attachment":[{"href":"https:\/\/www.administracion.usmp.edu.pe\/ippeu\/wp-json\/wp\/v2\/media?parent=6"}],"curies":[{"name":"wp","href":"https:\/\/api.w.org\/{rel}","templated":true}]}}