{"id":969,"date":"2019-01-31T12:18:42","date_gmt":"2019-01-31T17:18:42","guid":{"rendered":"https:\/\/www.administracion.usmp.edu.pe\/ice\/?page_id=969"},"modified":"2024-10-07T17:33:36","modified_gmt":"2024-10-07T22:33:36","slug":"ecoeficiencia","status":"publish","type":"page","link":"https:\/\/www.administracion.usmp.edu.pe\/ice\/actividades-nivel-interno\/responsabilidad-social-empresarial\/ecoeficiencia\/","title":{"rendered":"Ecoeficiencia"},"content":{"rendered":"<p><img loading=\"lazy\" decoding=\"async\" class=\"aligncenter size-large wp-image-986\" style=\"box-shadow: none;\" src=\"https:\/\/www.administracion.usmp.edu.pe\/ice\/wp-content\/uploads\/sites\/16\/2019\/02\/ice-eco-1024x647.jpg\" alt=\"\" width=\"1024\" height=\"647\" srcset=\"https:\/\/www.administracion.usmp.edu.pe\/ice\/wp-content\/uploads\/sites\/16\/2019\/02\/ice-eco-1024x647.jpg 1024w, https:\/\/www.administracion.usmp.edu.pe\/ice\/wp-content\/uploads\/sites\/16\/2019\/02\/ice-eco-768x485.jpg 768w, https:\/\/www.administracion.usmp.edu.pe\/ice\/wp-content\/uploads\/sites\/16\/2019\/02\/ice-eco.jpg 1500w\" sizes=\"auto, (max-width: 1024px) 100vw, 1024px\" \/><\/p>\n<p style=\"text-align: center; font-size: 22px; margin: 25px 0;\"><strong><a href=\"https:\/\/www.administracion.usmp.edu.pe\/wp-content\/uploads\/2024\/10\/PLAN-DE-ECOEFICIENCIA-USMP.pdf\" target=\"_blank\" rel=\"noopener\">Ver Plan de Ecoeficiencia &gt;<\/a><\/strong><\/p>\n<div class=\"su-row\">\n<div class=\"su-column su-column-size-1-3\"><div class=\"su-column-inner su-u-clearfix su-u-trim\">\u00a0 <img loading=\"lazy\" decoding=\"async\" class=\"aligncenter size-full wp-image-975\" style=\"box-shadow: none;\" src=\"https:\/\/www.administracion.usmp.edu.pe\/ice\/wp-content\/uploads\/sites\/16\/2019\/01\/luz.png\" alt=\"\" width=\"100\" height=\"96\" \/><\/p>\n<p style=\"text-align: center;\"><span style=\"color: #f4b806; font-size: 18pt;\"><strong>ENERG\u00cdA<\/strong><\/span><\/p>\n<\/div><\/div> <div class=\"su-column su-column-size-2-3\"><div class=\"su-column-inner su-u-clearfix su-u-trim\">\n<ul>\n<li>Aprovecha la luz natural el mayor tiempo posible. Abre las persianas y cortinas antes de prender la luz.<\/li>\n<li>Apaga las luces de los ambientes que no est\u00e9n siendo utilizados.<\/li>\n<li>Apaga y desconecta los aparatos electr\u00f3nicos cuando no est\u00e9n siendo utilizados.<\/li>\n<li>Apaga la computadora al final del d\u00eda.<\/li>\n<li>En verano aprovecha al m\u00e1ximo la ventilaci\u00f3n natural. En caso de requerir de ventilaci\u00f3n artificial, prioriza el ventilador y evita usar aire acondicionado.<\/li>\n<\/ul>\n<\/div><\/div>\n<\/div>\n<div class=\"su-row\">\n<div class=\"su-column su-column-size-1-3\"><div class=\"su-column-inner su-u-clearfix su-u-trim\"><img loading=\"lazy\" decoding=\"async\" class=\"aligncenter size-full wp-image-974\" style=\"box-shadow: none;\" src=\"https:\/\/www.administracion.usmp.edu.pe\/ice\/wp-content\/uploads\/sites\/16\/2019\/01\/agua.png\" alt=\"\" width=\"100\" height=\"100\" \/><\/p>\n<p style=\"text-align: center;\"><span style=\"color: #2db5c3; font-size: 18pt;\"><strong>AGUA<\/strong><\/span><\/p>\n<\/div><\/div>\n<div class=\"su-column su-column-size-2-3\"><div class=\"su-column-inner su-u-clearfix su-u-trim\">\n<ul>\n<li>Cierra bien el ca\u00f1o. Un ca\u00f1o que gotea desperdicia 80 litros de agua al d\u00eda.<\/li>\n<li>Reporta fugas de agua en los ba\u00f1os o en los ca\u00f1os para que sean reparados de forma inmediata.<\/li>\n<li>Utilice el agua necesaria para lavarse las manos. Treinta segundos son suficientes.<\/li>\n<li>Cierra el ca\u00f1o mientras no est\u00e9s usando el agua al momento del aseo personal.<\/li>\n<\/ul>\n<\/div><\/div>\n<\/div>\n<div class=\"su-row\">\n<div class=\"su-column su-column-size-1-3\"><div class=\"su-column-inner su-u-clearfix su-u-trim\">\n<p><img loading=\"lazy\" decoding=\"async\" class=\"aligncenter size-full wp-image-973\" style=\"box-shadow: none;\" src=\"https:\/\/www.administracion.usmp.edu.pe\/ice\/wp-content\/uploads\/sites\/16\/2019\/01\/papel.png\" alt=\"\" width=\"100\" height=\"113\" \/><\/p>\n<p style=\"text-align: center;\"><span style=\"color: #2376b6; font-size: 18pt;\"><strong>PAPEL DE ESCRITORIO<\/strong><\/span><\/p>\n<\/div><\/div> <div class=\"su-column su-column-size-2-3\"><div class=\"su-column-inner su-u-clearfix su-u-trim\">\n<ul>\n<li>Imprime solo si es extremadamente necesario. Evita imprimir, mejor env\u00eda un email.<\/li>\n<li>Utiliza papel reciclado, aprovecha todos los documentos internos por ambas caras tanto para escribir, fotocopiar e imprimir.<\/li>\n<li>Escanea los documentos importantes y gu\u00e1rdalos en una carpeta virtual en lugar de fotocopiarlos o imprimirlos.<\/li>\n<li>Utiliza medios digitales o virtuales para enviar, compartir y difundir informaci\u00f3n.<\/li>\n<\/ul>\n<\/div><\/div>\n<\/div>\n","protected":false},"excerpt":{"rendered":"<p>Ver Plan de Ecoeficiencia &gt;<\/p>\n","protected":false},"author":2,"featured_media":0,"parent":102,"menu_order":8,"comment_status":"closed","ping_status":"closed","template":"page-menu_izquierda-hijo.php","meta":{"_acf_changed":false,"footnotes":""},"class_list":["post-969","page","type-page","status-publish","hentry"],"acf":[],"_links":{"self":[{"href":"https:\/\/www.administracion.usmp.edu.pe\/ice\/wp-json\/wp\/v2\/pages\/969","targetHints":{"allow":["GET"]}}],"collection":[{"href":"https:\/\/www.administracion.usmp.edu.pe\/ice\/wp-json\/wp\/v2\/pages"}],"about":[{"href":"https:\/\/www.administracion.usmp.edu.pe\/ice\/wp-json\/wp\/v2\/types\/page"}],"author":[{"embeddable":true,"href":"https:\/\/www.administracion.usmp.edu.pe\/ice\/wp-json\/wp\/v2\/users\/2"}],"replies":[{"embeddable":true,"href":"https:\/\/www.administracion.usmp.edu.pe\/ice\/wp-json\/wp\/v2\/comments?post=969"}],"version-history":[{"count":3,"href":"https:\/\/www.administracion.usmp.edu.pe\/ice\/wp-json\/wp\/v2\/pages\/969\/revisions"}],"predecessor-version":[{"id":1028,"href":"https:\/\/www.administracion.usmp.edu.pe\/ice\/wp-json\/wp\/v2\/pages\/969\/revisions\/1028"}],"up":[{"embeddable":true,"href":"https:\/\/www.administracion.usmp.edu.pe\/ice\/wp-json\/wp\/v2\/pages\/102"}],"wp:attachment":[{"href":"https:\/\/www.administracion.usmp.edu.pe\/ice\/wp-json\/wp\/v2\/media?parent=969"}],"curies":[{"name":"wp","href":"https:\/\/api.w.org\/{rel}","templated":true}]}}