{"id":81,"date":"2014-04-09T15:01:26","date_gmt":"2014-04-09T20:01:26","guid":{"rendered":"https:\/\/www.administracion.usmp.edu.pe\/ice\/?page_id=81"},"modified":"2018-09-24T09:52:13","modified_gmt":"2018-09-24T14:52:13","slug":"acreditacion-universitaria","status":"publish","type":"page","link":"https:\/\/www.administracion.usmp.edu.pe\/ice\/actividades-nivel-interno\/acreditacion-universitaria\/","title":{"rendered":"Acreditaci\u00f3n Universitaria"},"content":{"rendered":"<h3><span style=\"color: #990033;\"><b>\u00bfQu\u00e9 es la Acreditaci\u00f3n?<\/b><\/span><b><\/b><\/h3>\n<p>La acreditaci\u00f3n es el reconocimiento otorgado por cumplir un conjunto de est\u00e1ndares de gesti\u00f3n en los procesos que garantizan la rigurosidad acad\u00e9mica y la eficacia administrativa del programa.<\/p>\n<p>Los avances en estos campos ser\u00e1n evaluados constantemente en b\u00fasqueda de la mejora continua y del logro de una formaci\u00f3n profesional de calidad para nuestros alumnos.<\/p>\n<p>&nbsp;<\/p>\n<h3><span style=\"color: #990033;\"><b>Tipos de Acreditaci\u00f3n<\/b><\/span><\/h3>\n<p><b>\u00a0<\/b><\/p>\n<h4 style=\"padding-left: 30px;\"><b>a)\u00a0<\/b><b>Acreditaci\u00f3n Institucional<\/b><\/h4>\n<p style=\"padding-left: 30px;\">Es aquella que consta de una revisi\u00f3n general de toda la universidad. La acreditaci\u00f3n institucional se realiza normalmente por los \u00f3rganos miembros de una acreditadora. Estos organismos realizan una revisi\u00f3n de toda la universidad, desde sus presupuestos de funcionamiento, hasta el servicio brindado a sus estudiantes. En la mayor\u00eda de los casos, la acreditaci\u00f3n institucional debe ser mantenida, es decir, se revisa peri\u00f3dicamente.<\/p>\n<p>&nbsp;<\/p>\n<h4 style=\"padding-left: 30px;\"><b>b)\u00a0<\/b><b>Acreditaci\u00f3n Especializada<\/b><\/h4>\n<p style=\"padding-left: 30px;\">Es aquella acreditaci\u00f3n para cada una de las disciplinas. Estas son revisadas por organismos especializados en un campo de estudio. Esta acreditaci\u00f3n demuestra que alguno de los programas de la universidad ha pasado un riguroso examen y que los estudiantes est\u00e1n aprendiendo todo lo que se necesita saber sobre cierta \u00e1rea de estudio.<\/p>\n<p style=\"padding-left: 30px;\">La acreditaci\u00f3n especializada es importante, ya que puede afectar la capacidad de los estudiantes y egresados para encontrar empleo, becas, etc.<\/p>\n<p>&nbsp;<\/p>\n<h3><span style=\"color: #990033;\"><b>Acreditaciones internacionales<\/b><\/span><\/h3>\n<div class=\"tabla\">\n<table border=\"0\">\n<tbody>\n<tr>\n<td>Acreditadora<\/td>\n<td>Descripci\u00f3n<\/td>\n<\/tr>\n<tr>\n<td>\n<p style=\"text-align: center;\"><a href=\"http:\/\/www.acbsp.org\/\"><strong>ACBSP (Acreditation Council for Business Schools and Programs)<\/strong><\/a><\/p>\n<p><img loading=\"lazy\" decoding=\"async\" class=\"aligncenter size-full wp-image-87\" src=\"https:\/\/www.administracion.usmp.edu.pe\/ice\/wp-content\/uploads\/sites\/16\/2014\/04\/logo_acbsp.jpg\" alt=\"logo_acbsp\" width=\"120\" height=\"90\" \/><\/p>\n<\/td>\n<td>Acreditaci\u00f3n internacional especializada para carreras en el \u00e1mbito de los negocios, a nivel de pregrado y posgrado, que se otorga a las instituciones de educaci\u00f3n superior a nivel mundial, que demuestran haber implementado un conjunto de est\u00e1ndares que garantizan su avance hacia la excelencia en la formaci\u00f3n en negocios y en la gesti\u00f3n institucional.<\/td>\n<\/tr>\n<tr>\n<td>\n<p style=\"text-align: center;\"><strong><a href=\"www.ecbe.eu\">ECBE (European Council for Business Education)<\/a>\u00a0<\/strong><\/p>\n<p><img loading=\"lazy\" decoding=\"async\" class=\"aligncenter size-full wp-image-89\" src=\"https:\/\/www.administracion.usmp.edu.pe\/ice\/wp-content\/uploads\/sites\/16\/2014\/04\/logo_ecbe.jpg\" alt=\"logo_ecbe\" width=\"120\" height=\"90\" \/><\/p>\n<\/td>\n<td>Acreditaci\u00f3n europea especializada que se otorga por cada carrera en el \u00e1mbito de los negocios, a nivel de pregrado y posgrado, que demuestran haber implementado modelos educativos que aseguren una formaci\u00f3n superior, con un adecuado balance te\u00f3rico pr\u00e1ctico y una visi\u00f3n global apoyada en procesos de internacionalizaci\u00f3n.<\/td>\n<\/tr>\n<tr>\n<td style=\"text-align: center;\"><a href=\"www.acsug.es\/es\"><strong>ACSUG (Agencia para la Calidad del Sistema Universitario de Galicia)<\/strong><\/a><\/p>\n<p align=\"center\"><img loading=\"lazy\" decoding=\"async\" class=\"aligncenter size-full wp-image-91\" src=\"https:\/\/www.administracion.usmp.edu.pe\/ice\/wp-content\/uploads\/sites\/16\/2014\/04\/logo_acsug.jpg\" alt=\"logo_acsug\" width=\"120\" height=\"90\" \/><\/p>\n<\/td>\n<td>Acreditaci\u00f3n especializada que se otorga a las carreras de diversos campos de la formaci\u00f3n universitaria, a nivel de pregrado y posgrado, que hayan implementado est\u00e1ndares de gesti\u00f3n educativa, que aseguren una participaci\u00f3n amplia de sus grupos de inter\u00e9s para responder a sus necesidades, asegurando los resultados de aprendizaje de los alumnos.<\/td>\n<\/tr>\n<\/tbody>\n<\/table>\n<\/div>\n<p>&nbsp;<\/p>\n<p>Los pr\u00f3ximos pasos est\u00e1n orientados a obtener la acreditaci\u00f3n la acreditaci\u00f3n de la organizaci\u00f3n internacional AACSB (The Association to Advance Collegiate Schools of Business).<\/p>\n<p>&nbsp;<\/p>\n<div class=\"tabla\">\n<table style=\"width: 739px;\" border=\"0\">\n<tbody>\n<tr>\n<td style=\"width: 179.65px;\">Acreditadora<\/td>\n<td style=\"width: 542.35px;\">Descripci\u00f3n<\/td>\n<\/tr>\n<tr>\n<td style=\"width: 179.65px;\">\n<p align=\"center\"><a href=\"http:\/\/www.aacsb.edu\/\"><b>AACSB &#8211; International<\/b><\/a><\/p>\n<p align=\"center\">\u00a0<img loading=\"lazy\" decoding=\"async\" class=\"aligncenter size-full wp-image-97\" src=\"https:\/\/www.administracion.usmp.edu.pe\/ice\/wp-content\/uploads\/sites\/16\/2014\/04\/logo_aacsb.jpg\" alt=\"logo_aacsb\" width=\"120\" height=\"90\" \/><\/p>\n<\/td>\n<td style=\"width: 542.35px;\">La acreditaci\u00f3n AACSB asegura que los estudiantes tengan una educaci\u00f3n de alta calidad. Tambi\u00e9n garantiza a los empleadores que los graduados de escuelas de negocios est\u00e1n altamente capacitados. Adem\u00e1s, la acreditaci\u00f3n AACSB ofrece muchos beneficios para el personal docente y administrativo en las escuelas acreditadas mediante la atracci\u00f3n de m\u00e1s estudiantes de calidad, brindando mayores oportunidades de investigaci\u00f3n, y teniendo en cuenta el reconocimiento mundial.<\/td>\n<\/tr>\n<\/tbody>\n<\/table>\n<\/div>\n<p>&nbsp;<\/p>\n<p>&nbsp;<\/p>\n<h3><span style=\"color: #990033;\"><b>Acreditaciones nacionales<\/b><\/span><\/h3>\n<div class=\"tabla\">\n<table style=\"width: 739px;\" border=\"0\">\n<tbody>\n<tr>\n<td style=\"width: 174.45px;\">Acreditadora<\/td>\n<td style=\"width: 546.55px;\">Descripci\u00f3n<\/td>\n<\/tr>\n<tr>\n<td style=\"width: 174.45px;\">\n<p style=\"text-align: center;\"><span style=\"color: #990033;\"><strong>SINEACE<\/strong> <strong>(Sistema Nacional de Evaluaci\u00f3n Acreditaci\u00f3n y Certificaci\u00f3n de la Calidad Educativa)<\/strong><\/span><\/p>\n<p><\/p>\n<p><img loading=\"lazy\" decoding=\"async\" class=\"aligncenter wp-image-956\" src=\"https:\/\/www.administracion.usmp.edu.pe\/ice\/wp-content\/uploads\/sites\/16\/2018\/09\/sineace.png\" alt=\"\" width=\"120\" height=\"54\" \/><\/p>\n<\/td>\n<td style=\"width: 546.55px;\">Acreditaci\u00f3n nacional otorgada por SINEACE como reconocimiento p\u00fablico al cumplimiento de est\u00e1ndares por parte de una instituci\u00f3n de educaci\u00f3n superior.<\/td>\n<\/tr>\n<\/tbody>\n<\/table>\n<\/div>\n<p>&nbsp;<\/p>\n<h3><span style=\"color: #990033;\"><b>POL\u00cdTICA DE MEJORA CONTINUA<\/b><\/span><\/h3>\n<p>La pol\u00edtica general de la Universidad de San Mart\u00edn de Porres es que todas las facultades deben estar acreditadas por los organismos internacionales. Actualmente, todas las facultades\u00a0 ya tienen una acreditaci\u00f3n internacional relacionada con su campo de estudio o especialidad.<\/p>\n<p>Adicionalmente las acreditaciones internacionales que ha obtenido nuestra facultad de las organizaciones\u00a0 ACBSP (USA) y ECBE (EUROPA), se han planteado una serie de planes y estrategias que nos orientan a mejorar nuestros procesos y elevar los est\u00e1ndares de calidad en el servicio brindado. El proceso de acreditaci\u00f3n viene avanzando\u00a0 con la preparaci\u00f3n para la elegibilidad de las acreditadoras AACSB seg\u00fan el plan establecido por nuestra Facultad.<\/p>\n<p>&nbsp;<\/p>\n<p><img loading=\"lazy\" decoding=\"async\" class=\"aligncenter size-full wp-image-954\" src=\"https:\/\/www.administracion.usmp.edu.pe\/ice\/wp-content\/uploads\/sites\/16\/2018\/09\/mejora-continua.png\" alt=\"\" width=\"640\" height=\"360\" \/><\/p>\n<p>&nbsp;<\/p>\n<p>As\u00ed mismo hemos logrado nuestra incorporaci\u00f3n a la red de universidades que se han suscrito voluntariamente al PRME (Principles for Responsible Management Education) que refuerza nuestra gesti\u00f3n educativa responsable, asegurando el desarrollo de las competencias y capacidades de nuestros estudiantes para que puedan convertirse en los futuros l\u00edderes y generadores de valores sostenibles para los negocios generando valor de manera simult\u00e1nea e indisociable con los \u00e1mbitos medioambiental, social y econ\u00f3mico.<\/p>\n<p>&nbsp;<\/p>\n<p>&nbsp;<\/p>\n<h3><b>BENEFICIOS<\/b><\/h3>\n<ul>\n<li>Lograr una educaci\u00f3n superior con est\u00e1ndares internacionales de calidad orientada a las necesidades de los\u00a0<\/li>\n<li>Pertenecer a una red internacional de universidades acreditadas a nivel mundial y acceder a sus sistemas de becas.<\/li>\n<li>Mantener el compromiso con la innovaci\u00f3n y mejora continua<\/li>\n<li>Mejora la empleabilidad de nuestros egresados<\/li>\n<li>Acceder a las mejores pr\u00e1cticas de otras universidades acreditadas<\/li>\n<li>Incrementar participaci\u00f3n en Proyectos de Investigaci\u00f3n.<\/li>\n<\/ul>\n","protected":false},"excerpt":{"rendered":"<p>\u00bfQu\u00e9 es la Acreditaci\u00f3n? La acreditaci\u00f3n es el reconocimiento otorgado por cumplir un conjunto de est\u00e1ndares de gesti\u00f3n en los [&hellip;]<\/p>\n","protected":false},"author":2,"featured_media":0,"parent":45,"menu_order":5,"comment_status":"open","ping_status":"open","template":"page-menu_izquierda-hijo.php","meta":{"_acf_changed":false,"footnotes":""},"class_list":["post-81","page","type-page","status-publish","hentry"],"acf":[],"_links":{"self":[{"href":"https:\/\/www.administracion.usmp.edu.pe\/ice\/wp-json\/wp\/v2\/pages\/81","targetHints":{"allow":["GET"]}}],"collection":[{"href":"https:\/\/www.administracion.usmp.edu.pe\/ice\/wp-json\/wp\/v2\/pages"}],"about":[{"href":"https:\/\/www.administracion.usmp.edu.pe\/ice\/wp-json\/wp\/v2\/types\/page"}],"author":[{"embeddable":true,"href":"https:\/\/www.administracion.usmp.edu.pe\/ice\/wp-json\/wp\/v2\/users\/2"}],"replies":[{"embeddable":true,"href":"https:\/\/www.administracion.usmp.edu.pe\/ice\/wp-json\/wp\/v2\/comments?post=81"}],"version-history":[{"count":6,"href":"https:\/\/www.administracion.usmp.edu.pe\/ice\/wp-json\/wp\/v2\/pages\/81\/revisions"}],"predecessor-version":[{"id":959,"href":"https:\/\/www.administracion.usmp.edu.pe\/ice\/wp-json\/wp\/v2\/pages\/81\/revisions\/959"}],"up":[{"embeddable":true,"href":"https:\/\/www.administracion.usmp.edu.pe\/ice\/wp-json\/wp\/v2\/pages\/45"}],"wp:attachment":[{"href":"https:\/\/www.administracion.usmp.edu.pe\/ice\/wp-json\/wp\/v2\/media?parent=81"}],"curies":[{"name":"wp","href":"https:\/\/api.w.org\/{rel}","templated":true}]}}