{"id":71,"date":"2014-04-09T14:36:17","date_gmt":"2014-04-09T19:36:17","guid":{"rendered":"https:\/\/www.administracion.usmp.edu.pe\/ice\/?page_id=71"},"modified":"2014-04-24T16:26:54","modified_gmt":"2014-04-24T21:26:54","slug":"servicio-asesoria-empresarial","status":"publish","type":"page","link":"https:\/\/www.administracion.usmp.edu.pe\/ice\/actividades-nivel-externo\/servicio-asesoria-empresarial\/","title":{"rendered":"Servicio de Asesor\u00eda Empresarial"},"content":{"rendered":"<p>Es un programa de ayuda personalizada, cuyo prop\u00f3sito es contribuir a que las empresas mejoren su productividad, competitividad y resultados de gesti\u00f3n.<\/p>\n<p>&nbsp;<\/p>\n<h3 style=\"text-align: left;\"><span style=\"color: #990033;\"><b>Modalidades<\/b><\/span><\/h3>\n<p>&nbsp;<\/p>\n<h4><strong>a) Cuando una empresa requiere mejorar integralmente su gesti\u00f3n.<\/strong><\/h4>\n<p>&nbsp;<\/p>\n<p>Mediante esta modalidad las empresas reciben el acompa\u00f1amiento en la identificaci\u00f3n de oportunidades de mejora, planteamiento de las posibles soluciones, implementaci\u00f3n de los planes o programas necesarios, sistematizaci\u00f3n y medici\u00f3n de impacto.<\/p>\n<p>\u00a0Para el desarrollo de este servicio profesional de nuestra instituci\u00f3n realizan el diagn\u00f3stico inicial y una vez identificadas y priorizadas las oportunidades de mejora con la empresa, se asigna un equipo de implementaci\u00f3n que conducir\u00e1 el desarrollo de las mejoras<\/p>\n<p>&nbsp;<\/p>\n<h4><strong>b) \u00a0Cuando la empresa requiere de apoyo para el desarrollo de proyectos.<\/strong><\/h4>\n<p>&nbsp;<\/p>\n<p>Mediante esta modalidad se apoya a las empresas en el desarrollo de proyectos que ya tengan identificados para mejorar su gesti\u00f3n integral.<\/p>\n<p>Para el desarrollo de este servicio de revisa en proyecto para planificar o ajustar la planificaci\u00f3n inicial y se asigna un equipo de implementaci\u00f3n.<\/p>\n<p>&nbsp;<\/p>\n<p>&nbsp;<\/p>\n<h3 style=\"text-align: left;\"><span style=\"color: #990033;\"><b>Esquema de Operaci\u00f3n<\/b><\/span><\/h3>\n<p>&nbsp;<\/p>\n<p>Para cada opci\u00f3n los alumnos son seleccionados y asignados a las empresas, design\u00e1ndose para su acompa\u00f1amiento un tutor y un docente consultor, quienes gu\u00edan su participaci\u00f3n en la implementaci\u00f3n de los planes o programas que resulten necesarios para la empresa, abordando de manera secuencial cada tema central de la gesti\u00f3n por un espacio de 6 meses.<b><\/b><\/p>\n<p>&nbsp;<\/p>\n<p><img loading=\"lazy\" decoding=\"async\" class=\"alignnone size-full wp-image-134\" alt=\"esquema-operacion\" src=\"https:\/\/www.administracion.usmp.edu.pe\/ice\/wp-content\/uploads\/sites\/16\/2014\/04\/esquema-operacion.jpg\" width=\"700\" height=\"350\" \/><\/p>\n<p>&nbsp;<\/p>\n<h3 style=\"text-align: left;\"><span style=\"color: #990033;\"><b>Beneficios para la empresa<\/b><\/span><\/h3>\n<p><b>\u00a0<\/b><\/p>\n<ul>\n<li>Obtener un diagn\u00f3stico de oportunidades de mejora que pueda rentabilizar por el impacto econ\u00f3mico que estos generen.<\/li>\n<li>Resolver problemas que afecten su gesti\u00f3n y mejora de su sostenibilidad<\/li>\n<\/ul>\n<p>&nbsp;<\/p>\n<p>&nbsp;<\/p>\n<h3 style=\"text-align: left;\"><span style=\"color: #990033;\"><b>Requisitos para las empresas<\/b><\/span><\/h3>\n<p><b>\u00a0<\/b><\/p>\n<ul>\n<li>Suscribir un convenio con la universidad.<\/li>\n<li>Designar a un coordinador con cargo ejecutivo para participar de las reuniones y planificar el servicio y coordinar acciones de mejora.<\/li>\n<li>Asumir el costo del servicio.<\/li>\n<\/ul>\n<p>&nbsp;<\/p>\n<div class=\"su-note\"  style=\"border-color:#d9d98e;border-radius:3px;-moz-border-radius:3px;-webkit-border-radius:3px;\"><div class=\"su-note-inner su-u-clearfix su-u-trim\" style=\"background-color:#f3f3a8;border-color:#ffffff;color:#333333;border-radius:3px;-moz-border-radius:3px;-webkit-border-radius:3px;\">NOTA: En todos los casos se asegura una recuperaci\u00f3n de la inversi\u00f3n.<\/div><\/div>\n<p>&nbsp;<\/p>\n","protected":false},"excerpt":{"rendered":"<p>Es un programa de ayuda personalizada, cuyo prop\u00f3sito es contribuir a que las empresas mejoren su productividad, competitividad y resultados [&hellip;]<\/p>\n","protected":false},"author":2,"featured_media":0,"parent":144,"menu_order":4,"comment_status":"open","ping_status":"open","template":"page-menu_izquierda-hijo.php","meta":{"_acf_changed":false,"footnotes":""},"class_list":["post-71","page","type-page","status-publish","hentry"],"acf":[],"_links":{"self":[{"href":"https:\/\/www.administracion.usmp.edu.pe\/ice\/wp-json\/wp\/v2\/pages\/71","targetHints":{"allow":["GET"]}}],"collection":[{"href":"https:\/\/www.administracion.usmp.edu.pe\/ice\/wp-json\/wp\/v2\/pages"}],"about":[{"href":"https:\/\/www.administracion.usmp.edu.pe\/ice\/wp-json\/wp\/v2\/types\/page"}],"author":[{"embeddable":true,"href":"https:\/\/www.administracion.usmp.edu.pe\/ice\/wp-json\/wp\/v2\/users\/2"}],"replies":[{"embeddable":true,"href":"https:\/\/www.administracion.usmp.edu.pe\/ice\/wp-json\/wp\/v2\/comments?post=71"}],"version-history":[{"count":9,"href":"https:\/\/www.administracion.usmp.edu.pe\/ice\/wp-json\/wp\/v2\/pages\/71\/revisions"}],"predecessor-version":[{"id":137,"href":"https:\/\/www.administracion.usmp.edu.pe\/ice\/wp-json\/wp\/v2\/pages\/71\/revisions\/137"}],"up":[{"embeddable":true,"href":"https:\/\/www.administracion.usmp.edu.pe\/ice\/wp-json\/wp\/v2\/pages\/144"}],"wp:attachment":[{"href":"https:\/\/www.administracion.usmp.edu.pe\/ice\/wp-json\/wp\/v2\/media?parent=71"}],"curies":[{"name":"wp","href":"https:\/\/api.w.org\/{rel}","templated":true}]}}