{"id":685,"date":"2015-08-13T15:44:53","date_gmt":"2015-08-13T20:44:53","guid":{"rendered":"https:\/\/www.administracion.usmp.edu.pe\/ice\/?page_id=685"},"modified":"2015-08-13T16:03:15","modified_gmt":"2015-08-13T21:03:15","slug":"frentes-de-actuacion","status":"publish","type":"page","link":"https:\/\/www.administracion.usmp.edu.pe\/ice\/nosotros\/frentes-de-actuacion\/","title":{"rendered":"Nuestros Frentes de actuaci\u00f3n"},"content":{"rendered":"<p>Nuestros Frentes de Actuaci\u00f3n se pueden apreciar en el siguiente gr\u00e1fico: <\/p>\n<p>&nbsp;<\/p>\n<p>&nbsp;<\/p>\n<p>&nbsp;<\/p>\n<p>&nbsp;<\/p>\n<p>&nbsp;<\/p>\n<p><a href=\"https:\/\/www.administracion.usmp.edu.pe\/ice\/wp-content\/uploads\/sites\/16\/2015\/08\/uincio_2.jpg\"><img loading=\"lazy\" decoding=\"async\" class=\"aligncenter  wp-image-686\" src=\"https:\/\/www.administracion.usmp.edu.pe\/ice\/wp-content\/uploads\/sites\/16\/2015\/08\/uincio_2.jpg\" alt=\"uincio_2\" width=\"677\" height=\"558\" \/><\/a><\/p>\n","protected":false},"excerpt":{"rendered":"<p>Nuestros Frentes de Actuaci\u00f3n se pueden apreciar en el siguiente gr\u00e1fico: &nbsp; &nbsp; &nbsp; &nbsp; &nbsp;<\/p>\n","protected":false},"author":70,"featured_media":0,"parent":8,"menu_order":0,"comment_status":"open","ping_status":"open","template":"page-menu_izquierda-padre.php","meta":{"_acf_changed":false,"footnotes":""},"class_list":["post-685","page","type-page","status-publish","hentry"],"acf":[],"_links":{"self":[{"href":"https:\/\/www.administracion.usmp.edu.pe\/ice\/wp-json\/wp\/v2\/pages\/685","targetHints":{"allow":["GET"]}}],"collection":[{"href":"https:\/\/www.administracion.usmp.edu.pe\/ice\/wp-json\/wp\/v2\/pages"}],"about":[{"href":"https:\/\/www.administracion.usmp.edu.pe\/ice\/wp-json\/wp\/v2\/types\/page"}],"author":[{"embeddable":true,"href":"https:\/\/www.administracion.usmp.edu.pe\/ice\/wp-json\/wp\/v2\/users\/70"}],"replies":[{"embeddable":true,"href":"https:\/\/www.administracion.usmp.edu.pe\/ice\/wp-json\/wp\/v2\/comments?post=685"}],"version-history":[{"count":3,"href":"https:\/\/www.administracion.usmp.edu.pe\/ice\/wp-json\/wp\/v2\/pages\/685\/revisions"}],"predecessor-version":[{"id":693,"href":"https:\/\/www.administracion.usmp.edu.pe\/ice\/wp-json\/wp\/v2\/pages\/685\/revisions\/693"}],"up":[{"embeddable":true,"href":"https:\/\/www.administracion.usmp.edu.pe\/ice\/wp-json\/wp\/v2\/pages\/8"}],"wp:attachment":[{"href":"https:\/\/www.administracion.usmp.edu.pe\/ice\/wp-json\/wp\/v2\/media?parent=685"}],"curies":[{"name":"wp","href":"https:\/\/api.w.org\/{rel}","templated":true}]}}