{"id":620,"date":"2015-08-10T01:45:38","date_gmt":"2015-08-10T06:45:38","guid":{"rendered":"https:\/\/www.administracion.usmp.edu.pe\/ice\/?page_id=620"},"modified":"2015-08-13T17:02:04","modified_gmt":"2015-08-13T22:02:04","slug":"sistema-de-apoyo-empresarial-sae","status":"publish","type":"page","link":"https:\/\/www.administracion.usmp.edu.pe\/ice\/actividades-nivel-externo\/asistencia-tecnica\/sistema-de-apoyo-empresarial-sae\/","title":{"rendered":"Sistema de Apoyo Empresarial &#8211; SAE"},"content":{"rendered":"<h3><span style=\"color: #800000;\"><strong>Lineamientos Generales: <\/strong><\/span><\/h3>\n<p>Es un programa que brinda el Instituto para la Calidad Empresarial (ICE), dirigido a las empresas que buscan incrementar su productividad, competitividad y resultados de gesti\u00f3n.<\/p>\n<h3><span style=\"color: #800000;\"><strong>Objetivos:<\/strong><\/span><\/h3>\n<p>Mediante la participaci\u00f3n de un equipo profesional, se identifican las oportunidades de mejora dentro de las organizaciones donde se despliega metodolog\u00edas de gesti\u00f3n altamente probados para lograr resultados exitosos en las empresas participantes; estos logros se traducen en impacto econ\u00f3mico.<\/p>\n<p>&nbsp;<\/p>\n<h3><span style=\"color: #800000;\"><strong>Actividades \/ Metodolog\u00eda: <\/strong><\/span><\/h3>\n<ul>\n<li>Lean Six Sigma<\/li>\n<li>Aplicaci\u00f3n 5\u00b4s<\/li>\n<li>Metodolog\u00eda de Soluci\u00f3n de Problemas en 7 pasos<\/li>\n<li>Gesti\u00f3n de Indicadores<\/li>\n<li>Business Process Management (BPM)<\/li>\n<\/ul>\n<p>&nbsp;<\/p>\n<h3>\u00a0<\/h3>\n<h3><span style=\"color: #800000;\"><strong>Beneficios: <\/strong><\/span><\/h3>\n<ul>\n<li>Obtener un diagn\u00f3stico de oportunidades de mejora.<\/li>\n<li>Eliminar efectos detectados.<\/li>\n<li>Optimizar los niveles de gesti\u00f3n.<\/li>\n<li>Implementar metodolog\u00edas de gesti\u00f3n modernas.<\/li>\n<li>Lograr impacto econ\u00f3mico por la soluci\u00f3n de proyectos logrados.<\/li>\n<li>Trabajar bajo esquema de indicadores.<\/li>\n<li>Recibir una asesor\u00eda integral orientada a la gesti\u00f3n de resultados medibles seg\u00fan el modelo de intervenci\u00f3n del SAE.<\/li>\n<\/ul>\n<p><strong>\u00a0<\/strong><strong>\u00a0<\/strong><\/p>\n<p><span style=\"color: #800000;\"><strong>Proyecci\u00f3n: <\/strong><\/span>A fututo para el caso de aceditaciones<\/p>\n<p><strong>\u00a0<\/strong><\/p>\n<p><strong><a href=\"https:\/\/www.administracion.usmp.edu.pe\/ice\/wp-content\/uploads\/sites\/16\/2015\/08\/seansigma.jpg\"><br \/><img loading=\"lazy\" decoding=\"async\" class=\"aligncenter size-full wp-image-652\" src=\"https:\/\/www.administracion.usmp.edu.pe\/ice\/wp-content\/uploads\/sites\/16\/2015\/08\/seansigma.jpg\" alt=\"seansigma\" width=\"240\" height=\"188\" \/><\/a><\/strong><\/p>\n<p>&nbsp;<\/p>\n<p>&nbsp;<\/p>\n","protected":false},"excerpt":{"rendered":"<p>Lineamientos Generales: Es un programa que brinda el Instituto para la Calidad Empresarial (ICE), dirigido a las empresas que buscan [&hellip;]<\/p>\n","protected":false},"author":70,"featured_media":0,"parent":205,"menu_order":0,"comment_status":"open","ping_status":"open","template":"page-menu_izquierda-hijo.php","meta":{"_acf_changed":false,"footnotes":""},"class_list":["post-620","page","type-page","status-publish","hentry"],"acf":[],"_links":{"self":[{"href":"https:\/\/www.administracion.usmp.edu.pe\/ice\/wp-json\/wp\/v2\/pages\/620","targetHints":{"allow":["GET"]}}],"collection":[{"href":"https:\/\/www.administracion.usmp.edu.pe\/ice\/wp-json\/wp\/v2\/pages"}],"about":[{"href":"https:\/\/www.administracion.usmp.edu.pe\/ice\/wp-json\/wp\/v2\/types\/page"}],"author":[{"embeddable":true,"href":"https:\/\/www.administracion.usmp.edu.pe\/ice\/wp-json\/wp\/v2\/users\/70"}],"replies":[{"embeddable":true,"href":"https:\/\/www.administracion.usmp.edu.pe\/ice\/wp-json\/wp\/v2\/comments?post=620"}],"version-history":[{"count":5,"href":"https:\/\/www.administracion.usmp.edu.pe\/ice\/wp-json\/wp\/v2\/pages\/620\/revisions"}],"predecessor-version":[{"id":708,"href":"https:\/\/www.administracion.usmp.edu.pe\/ice\/wp-json\/wp\/v2\/pages\/620\/revisions\/708"}],"up":[{"embeddable":true,"href":"https:\/\/www.administracion.usmp.edu.pe\/ice\/wp-json\/wp\/v2\/pages\/205"}],"wp:attachment":[{"href":"https:\/\/www.administracion.usmp.edu.pe\/ice\/wp-json\/wp\/v2\/media?parent=620"}],"curies":[{"name":"wp","href":"https:\/\/api.w.org\/{rel}","templated":true}]}}