{"id":53,"date":"2014-04-08T19:27:29","date_gmt":"2014-04-09T00:27:29","guid":{"rendered":"https:\/\/www.administracion.usmp.edu.pe\/ice\/?page_id=53"},"modified":"2017-08-22T11:12:04","modified_gmt":"2017-08-22T16:12:04","slug":"programa-formacion-dual","status":"publish","type":"page","link":"https:\/\/www.administracion.usmp.edu.pe\/ice\/actividades-nivel-interno\/programa-formacion-dual\/","title":{"rendered":"Programa de Formaci\u00f3n Dual"},"content":{"rendered":"<p><a href=\"https:\/\/www.administracion.usmp.edu.pe\/dual\/\"><img loading=\"lazy\" decoding=\"async\" class=\"alignnone size-thumbnail\" src=\"https:\/\/www.administracion.usmp.edu.pe\/wp-content\/uploads\/2017\/08\/usmp-dual.jpg\" alt=\"\" width=\"1024\" height=\"450\" \/><\/a><\/p>\n<p>Es un modelo educativo, dise\u00f1ado para los mejores estudiantes, en el que en cada periodo acad\u00e9mico se combina la fase en el aula con una fase en la empresa y cuyos contenidos est\u00e1n divididos en bloques tem\u00e1ticos que corresponden a las \u00e1reas centrales de la gesti\u00f3n de una empresa.<\/p>\n<p>&nbsp;<\/p>\n<p>Los participantes desarrollan proyectos de mejora en \u00e1reas de Operaciones, Marketing, Finanzas y Recursos Humanos con el acompa\u00f1amiento de un coach.<\/p>\n<p>Est\u00e1 respaldado por la Red de Universidades de LA y Alemania que aplican la modalidad Dula de Formaci\u00f3n.<\/p>\n<p>&nbsp;<\/p>\n<p>&nbsp;<\/p>\n<h3><strong><span style=\"color: #993366;\">CERTIFICACIONES<\/span><\/strong><\/h3>\n<p>La alta competitividad de los mercados hace m\u00e1s necesaria la preparaci\u00f3n de profesionales capaces de\u00a0 enfrentar los retos empresariales no solo con una formaci\u00f3n te\u00f3rica s\u00f3lida sino tambi\u00e9n con experiencia pr\u00e1ctica y competencias que permitan que su aporte en las empresas sea m\u00e1s efectivo.<\/p>\n<p>En este sentido, la USMP se ha incorporado a la red de universidades latinoamericanas que conforman el Sistema Duale Hochschule de Alemania, que imparten su educaci\u00f3n bajo el Sistema Dual de formaci\u00f3n, para brindar a sus alumnos m\u00e1s destacados una formaci\u00f3n te\u00f3rico pr\u00e1ctica con exigencias internacionales y bajo un proceso acad\u00e9mico certificado por la entidad alemana CERTQUA, seg\u00fan los lineamientos de la norma ISO 9001:2008.<\/p>\n<p>El Programa de Formaci\u00f3n Dual de la USMP, cuenta con la Certificaci\u00f3n de su Sistema de Gesti\u00f3n de Calidad con la Norma Internacional ISO 9001:2008, para el desarrollo, planeaci\u00f3n y ejecuci\u00f3n de carreras profesionales universitarias bajo la modalidad de formaci\u00f3n dual con base en el esquema de la Duale Hochschule Baden-W\u00fcrttenberg de la Rep\u00fablica Federal de Alemania.<\/p>\n<p>Esta importante certificaci\u00f3n fue otorgada por segunda vez por CERTQUA (Sociedad Limitada de la Econom\u00eda Alemana para la Promoci\u00f3n y Certificaci\u00f3n de Sistemas de Calidad en la Formaci\u00f3n Profesional) organismo especializado en certificaci\u00f3n de instituciones educativas en el mundo.<\/p>\n<p>&nbsp;<\/p>\n<p><img loading=\"lazy\" decoding=\"async\" class=\"  wp-image-523 alignleft\" src=\"https:\/\/www.administracion.usmp.edu.pe\/ice\/wp-content\/uploads\/sites\/16\/2014\/04\/certificado1.jpg\" alt=\"certificado\" width=\"216\" height=\"301\" \/><img loading=\"lazy\" decoding=\"async\" class=\"  wp-image-524 alignright\" src=\"https:\/\/www.administracion.usmp.edu.pe\/ice\/wp-content\/uploads\/sites\/16\/2014\/04\/certificado2.jpg\" alt=\"certificado2\" width=\"212\" height=\"306\" \/><\/p>\n<p>&nbsp;<\/p>\n<p>&nbsp;<\/p>\n<p>&nbsp;<\/p>\n<p>&nbsp;<\/p>\n<p>&nbsp;<\/p>\n<p>&nbsp;<\/p>\n<p>&nbsp;<\/p>\n<p>&nbsp;<\/p>\n<p>&nbsp;<\/p>\n<p>&nbsp;<\/p>\n<p>&nbsp;<\/p>\n<p>&nbsp;<\/p>\n<p>&nbsp;<\/p>\n<p>&nbsp;<\/p>\n<p>&nbsp;<\/p>\n<p>&nbsp;<\/p>\n<h3 style=\"text-align: left;\"><strong><span style=\"color: #993366;\">ESTUDIOS DUALES<\/span><\/strong><\/h3>\n<div class=\"su-tabs su-tabs-style-default su-tabs-mobile-stack\" data-active=\"1\" data-scroll-offset=\"0\" data-anchor-in-url=\"no\"><div class=\"su-tabs-nav\"><span class=\"\" data-url=\"\" data-target=\"blank\" tabindex=\"0\" role=\"button\">ESQUEMA DE FORMACI\u00d3N ACAD\u00c9MICA<\/span><span class=\"\" data-url=\"\" data-target=\"blank\" tabindex=\"0\" role=\"button\">ESTRUCTURA DE FORMACI\u00d3N EN LA EMPRESA<\/span><span class=\"\" data-url=\"\" data-target=\"blank\" tabindex=\"0\" role=\"button\">OBJETIVOS DE APRENDIZAJE<\/span><\/div><div class=\"su-tabs-panes\"><div class=\"su-tabs-pane su-u-clearfix su-u-trim\" data-title=\"ESQUEMA DE FORMACI\u00d3N ACAD\u00c9MICA\">\n<p>El Programa de Formaci\u00f3n Dual Universitaria, est\u00e1 dise\u00f1ado para que los alumnos en cada periodo acad\u00e9mico combinen la fase en el aula con una fase en la empresa, siendo sus contenidos divididos en bloques tem\u00e1ticos que corresponden a las \u00e1reas centrales de la gesti\u00f3n de una empresa.<\/p>\n<p><a href=\"https:\/\/www.administracion.usmp.edu.pe\/ice\/wp-content\/uploads\/sites\/16\/2014\/04\/esquemadeforma.jpg\"><img loading=\"lazy\" decoding=\"async\" class=\"aligncenter size-full wp-image-525\" src=\"https:\/\/www.administracion.usmp.edu.pe\/ice\/wp-content\/uploads\/sites\/16\/2014\/04\/esquemadeforma.jpg\" alt=\"esquemadeforma\" width=\"565\" height=\"194\" \/><\/a><\/div>\n<div class=\"su-tabs-pane su-u-clearfix su-u-trim\" data-title=\"ESTRUCTURA DE FORMACI\u00d3N EN LA EMPRESA\">\n<p>Para la realizaci\u00f3n de la experiencia empresarial, las pr\u00e1cticas se constituyen en el elemento formador complementario de los estudiantes, teniendo como escenario la empresa formadora, lo cual demanda planear ordenada y sistem\u00e1ticamente cada fase empresa de manera individual por empresa y estudiante. Cuyo perfil formador cuanta con \u00e1reas b\u00e1sicas de Marketing y Ventas, Operaciones y Log\u00edstica, Contabilidad y Finanzas,\u00a0 y Recursos Humanos que permite la alineaci\u00f3n con los principios de curr\u00edculo armonizado, paralelidad did\u00e1ctica, transferencia, complementariedad para el refuerzo de la teor\u00eda con la aplicaci\u00f3n en la pr\u00e1ctica.<\/p>\n<p><a href=\"https:\/\/www.administracion.usmp.edu.pe\/ice\/wp-content\/uploads\/sites\/16\/2014\/04\/plancapcitacion.jpg\"><img loading=\"lazy\" decoding=\"async\" class=\"aligncenter  wp-image-526\" src=\"https:\/\/www.administracion.usmp.edu.pe\/ice\/wp-content\/uploads\/sites\/16\/2014\/04\/plancapcitacion.jpg\" alt=\"plancapcitacion\" width=\"544\" height=\"296\" \/><\/a><\/p>\n<p>&nbsp;<\/p>\n<hr \/>\n<p>El Plan de Capacitaci\u00f3n constituye la secuencia de \u00e1reas funcionales necesarias para alcanzar la correspondencia necesaria entre teor\u00eda y pr\u00e1ctica mediante los objetivos de aprendizaje a trav\u00e9s del desarrollo de actividades en los procesos productivos normales en una empresa.<\/p>\n<p>En la experiencia pr\u00e1ctica, los alumnos asignados a empresas, se les designa un tutor empresarial y un docente consultor (docente coach), quienes gu\u00edan su participaci\u00f3n en la implementaci\u00f3n de los planes o programas que resulten necesarios para la empresa, abordando de manera secuencial cada tema central de la gesti\u00f3n por un espacio de 6 meses.<\/p>\n<p>&nbsp;<\/p>\n<p><a href=\"https:\/\/www.administracion.usmp.edu.pe\/ice\/wp-content\/uploads\/sites\/16\/2014\/04\/capa2.png\"><img loading=\"lazy\" decoding=\"async\" class=\"aligncenter  wp-image-528\" src=\"https:\/\/www.administracion.usmp.edu.pe\/ice\/wp-content\/uploads\/sites\/16\/2014\/04\/capa2.png\" alt=\"capa2\" width=\"608\" height=\"247\" srcset=\"https:\/\/www.administracion.usmp.edu.pe\/ice\/wp-content\/uploads\/sites\/16\/2014\/04\/capa2.png 3945w, https:\/\/www.administracion.usmp.edu.pe\/ice\/wp-content\/uploads\/sites\/16\/2014\/04\/capa2-1024x416.png 1024w\" sizes=\"auto, (max-width: 608px) 100vw, 608px\" \/><\/a>\u00a0<\/div>\n<div class=\"su-tabs-pane su-u-clearfix su-u-trim\" data-title=\"OBJETIVOS DE APRENDIZAJE\">\n<p>Para cada una de las \u00e1reas funcionales, se plantea un logro o meta de formaci\u00f3n individual del estudiante, a partir de una definici\u00f3n conjunta Universidad y Empresa se definen los prop\u00f3sitos de las fases pr\u00e1cticas para los estudiantes seg\u00fan Modelo de formaci\u00f3n Dual del Baden-W\u00fcrttemberg.<\/p>\n<p><a href=\"https:\/\/www.administracion.usmp.edu.pe\/ice\/wp-content\/uploads\/sites\/16\/2014\/04\/objetivos.png\"><img loading=\"lazy\" decoding=\"async\" class=\"aligncenter  wp-image-529\" src=\"https:\/\/www.administracion.usmp.edu.pe\/ice\/wp-content\/uploads\/sites\/16\/2014\/04\/objetivos.png\" alt=\"objetivos\" width=\"708\" height=\"247\" \/><\/a>\u00a0<\/div><\/div><\/div>\n<h3><span style=\"color: #993366;\"><strong>ESTUDIOS DUALES \u2013 INTERCAMBIO<\/strong><\/span><\/h3>\n<p>La USMP forma parte de una red de universidades en Am\u00e9rica Latina qui\u00e9nes basan su modelo educativo en el Modelo Dual Alem\u00e1n DHLA por sus siglas Duale Hochschule Latinoam\u00e9rica.<\/p>\n<p>La DHLA est\u00e1 presente en cuatro pa\u00edses de Am\u00e9rica Latina: Colombia, Ecuador, Per\u00fa y M\u00e9xico, con Universidades participantes certificadas bajo la norma ISO 9001-2008 y quienes trabajan en conjunto con las C\u00e1maras de Comercio Alemanas con sede en Colombia y Ecuador.<\/p>\n<p>Los alumnos del programa de formaci\u00f3n dual tambi\u00e9n podr\u00e1n realizar estudios de intercambio dentro de la red de formaci\u00f3n dual para Latinoam\u00e9rica, conformada por las universidades siguientes:<\/p>\n<p>&nbsp;<\/p>\n<p><a href=\"https:\/\/www.administracion.usmp.edu.pe\/ice\/wp-content\/uploads\/sites\/16\/2014\/04\/dual_unive.png\"><img loading=\"lazy\" decoding=\"async\" class=\"aligncenter size-full wp-image-531\" src=\"https:\/\/www.administracion.usmp.edu.pe\/ice\/wp-content\/uploads\/sites\/16\/2014\/04\/dual_unive.png\" alt=\"dual_unive\" width=\"489\" height=\"505\" \/><\/a><\/p>\n<p>Entre nuestros alumnos duales con experiencia de intercambio tenemos:<\/p>\n<ul>\n<li>Javier Chunga\u00a0<\/li>\n<li>\u00a0Giani Pasache<\/li>\n<\/ul>\n<p>&nbsp;<\/p>\n<h3><strong><span style=\"color: #993366;\">PROYECTOS EXITOSOS<\/span><\/strong><\/h3>\n<p>Los estudiantes duales participan en Proyectos Empresariales, para lo cual previamente han sido entrenados en el uso de herramientas como Soluci\u00f3n de Problemas, 5 \u00b4s, Ingenier\u00eda de Clientes, Implementaci\u00f3n de indicadores, Gesti\u00f3n de riesgos, actividades complementarias a su formaci\u00f3n acad\u00e9mica.<\/p>\n<p>Su intervenci\u00f3n es supervisada por un Coach Empresarial de la USMP, donde se asegura el resultado exitoso del proyecto como pr\u00e1ctica, el mismo que se traduce en el impacto econ\u00f3mico para la empresa.<\/p>\n<p>Algunos proyectos desarrollados en las empresas que participan con intervenci\u00f3n de estudiantes del Programa<\/p>\n<div class=\"tabla\">\n<table border=\"1\" width=\"604\" cellspacing=\"0\" cellpadding=\"10\">\n<tbody>\n<tr>\n<td valign=\"bottom\" nowrap=\"nowrap\" bgcolor=\"#999999\" width=\"89\">\n<p align=\"center\"><strong>EMPRESA<\/strong><\/p>\n<\/td>\n<td valign=\"bottom\" nowrap=\"nowrap\" bgcolor=\"#999999\" width=\"279\">\n<p align=\"center\"><strong>PROYECTO<\/strong><\/p>\n<\/td>\n<td valign=\"bottom\" nowrap=\"nowrap\" bgcolor=\"#999999\" width=\"236\">\n<p align=\"center\"><strong>LOGRO<\/strong><\/p>\n<\/td>\n<\/tr>\n<tr>\n<td width=\"89\">\n<p align=\"center\">Control temp<\/p>\n<\/td>\n<td width=\"279\">\n<p align=\"center\">Optimizaci\u00f3n del proceso de ensamblaje de mototaxi<\/p>\n<\/td>\n<td width=\"236\">\n<p align=\"center\">Se increment\u00f3 la producci\u00f3n en 4%<\/p>\n<\/td>\n<\/tr>\n<tr>\n<td width=\"89\">\n<p align=\"center\">Consersa<br \/>\n Intecmetal<\/p>\n<\/td>\n<td width=\"279\">\n<p align=\"center\">Mejora en la gesti\u00f3n del proceso operativo<\/p>\n<\/td>\n<td width=\"236\">\n<p align=\"center\">Se crea un sistema de seguimiento y control de la producci\u00f3n<\/p>\n<\/td>\n<\/tr>\n<tr>\n<td width=\"89\">\n<p align=\"center\">Clastec<\/p>\n<\/td>\n<td width=\"279\">\n<p align=\"center\">Mejora en la gesti\u00f3n de servicio al cliente<\/p>\n<\/td>\n<td width=\"236\">\n<p align=\"center\">Se redujo el n\u00famero de quejas en 15%<\/p>\n<\/td>\n<\/tr>\n<tr>\n<td width=\"89\">\n<p align=\"center\">Indaycorp<\/p>\n<\/td>\n<td width=\"279\">\n<p align=\"center\">Incrementar la producci\u00f3n de pellet<\/p>\n<\/td>\n<td width=\"236\">\n<p align=\"center\">Se increment\u00f3 la producci\u00f3n en 25% de bolsas de pellet<\/p>\n<\/td>\n<\/tr>\n<tr>\n<td width=\"89\">\n<p align=\"center\">Jadar<\/p>\n<\/td>\n<td width=\"279\">\n<p align=\"center\">Reducci\u00f3n de tiempos en entrega de producci\u00f3n<\/p>\n<\/td>\n<td width=\"236\">\n<p align=\"center\">Se redujo el tiempo de entrega en 1 semana para dos productos<\/p>\n<\/td>\n<\/tr>\n<tr>\n<td width=\"89\">\n<p align=\"center\">Lancaster<\/p>\n<\/td>\n<td width=\"279\">\n<p align=\"center\">Reducci\u00f3n de retraso de entrega de pedidos de exportaci\u00f3n<\/p>\n<\/td>\n<td width=\"236\">\n<p align=\"center\">Se redujo en un 15% los retrasos en entrega de pedidos<\/p>\n<\/td>\n<\/tr>\n<tr>\n<td width=\"89\">\n<p align=\"center\">Publicom<\/p>\n<\/td>\n<td width=\"279\">\n<p align=\"center\">Mejora en la gesti\u00f3n operativa en la instalaci\u00f3n de estructuras<\/p>\n<\/td>\n<td width=\"236\">\n<p align=\"center\">Desarrollo de un sistema de costeo por tipo de estructura<\/p>\n<\/td>\n<\/tr>\n<tr>\n<td width=\"89\">\n<p align=\"center\">Prorecove<\/p>\n<\/td>\n<td width=\"279\">\n<p align=\"center\">Optimizaci\u00f3n del proceso de gesti\u00f3n de almac\u00e9n<\/p>\n<\/td>\n<td width=\"236\">\n<p align=\"center\">Se mejor\u00f3 en un 10% la rotaci\u00f3n de productos<\/p>\n<\/td>\n<\/tr>\n<tr>\n<td width=\"89\">\n<p align=\"center\">Soprin<\/p>\n<\/td>\n<td width=\"279\">\n<p align=\"center\">Mejora en la producci\u00f3n de bolsas de pintura de 30 kg.<\/p>\n<\/td>\n<td width=\"236\">\n<p align=\"center\">Se increment\u00f3 la producci\u00f3n en 2 lotes por d\u00eda<\/p>\n<\/td>\n<\/tr>\n<tr>\n<td width=\"89\">\n<p align=\"center\">Ufitec<\/p>\n<\/td>\n<td width=\"279\">\n<p align=\"center\">Reducci\u00f3n en los tiempos de entrega de pedidos<\/p>\n<\/td>\n<td width=\"236\">\n<p align=\"center\">Se redujo los tiempos de entrega en 15 d\u00edas<\/p>\n<\/td>\n<\/tr>\n<\/tbody>\n<\/table>\n<p>\u00a0<\/div>\n<p>&nbsp;<\/p>\n<p>&nbsp;<\/p>\n<p>&nbsp;<\/p>\n<p>&nbsp;<\/p>\n<h3>\u00a0<\/h3>\n","protected":false},"excerpt":{"rendered":"<p>Es un modelo educativo, dise\u00f1ado para los mejores estudiantes, en el que en cada periodo acad\u00e9mico se combina la fase [&hellip;]<\/p>\n","protected":false},"author":2,"featured_media":0,"parent":45,"menu_order":3,"comment_status":"open","ping_status":"open","template":"page-menu_izquierda-hijo.php","meta":{"_acf_changed":false,"footnotes":""},"class_list":["post-53","page","type-page","status-publish","hentry"],"acf":[],"_links":{"self":[{"href":"https:\/\/www.administracion.usmp.edu.pe\/ice\/wp-json\/wp\/v2\/pages\/53","targetHints":{"allow":["GET"]}}],"collection":[{"href":"https:\/\/www.administracion.usmp.edu.pe\/ice\/wp-json\/wp\/v2\/pages"}],"about":[{"href":"https:\/\/www.administracion.usmp.edu.pe\/ice\/wp-json\/wp\/v2\/types\/page"}],"author":[{"embeddable":true,"href":"https:\/\/www.administracion.usmp.edu.pe\/ice\/wp-json\/wp\/v2\/users\/2"}],"replies":[{"embeddable":true,"href":"https:\/\/www.administracion.usmp.edu.pe\/ice\/wp-json\/wp\/v2\/comments?post=53"}],"version-history":[{"count":4,"href":"https:\/\/www.administracion.usmp.edu.pe\/ice\/wp-json\/wp\/v2\/pages\/53\/revisions"}],"predecessor-version":[{"id":899,"href":"https:\/\/www.administracion.usmp.edu.pe\/ice\/wp-json\/wp\/v2\/pages\/53\/revisions\/899"}],"up":[{"embeddable":true,"href":"https:\/\/www.administracion.usmp.edu.pe\/ice\/wp-json\/wp\/v2\/pages\/45"}],"wp:attachment":[{"href":"https:\/\/www.administracion.usmp.edu.pe\/ice\/wp-json\/wp\/v2\/media?parent=53"}],"curies":[{"name":"wp","href":"https:\/\/api.w.org\/{rel}","templated":true}]}}