{"id":374,"date":"2015-02-23T15:06:22","date_gmt":"2015-02-23T20:06:22","guid":{"rendered":"https:\/\/www.administracion.usmp.edu.pe\/ice\/?page_id=374"},"modified":"2015-08-07T16:01:36","modified_gmt":"2015-08-07T21:01:36","slug":"iso-9001-sin-papeles","status":"publish","type":"page","link":"https:\/\/www.administracion.usmp.edu.pe\/ice\/actividades-nivel-externo\/capacitaciones\/iso-9001-sin-papeles\/","title":{"rendered":"ISO 9001 sin papeles"},"content":{"rendered":"<p>La documentaci\u00f3n de los procedimientos, del know how de la organizaci\u00f3n, es una etapa clave en la implementaci\u00f3n de un sistema de calidad, pero al mismo un serio \u201cdolor de cabeza\u201d para los gestores y trabajadores involucrados. Muchas organizaciones han fracasado en su intento de documentar un sistema, y consecuentemente han visto frustrado su objetivo de implantar un sistema de calidad robusto, que perdure en el tiempo. Entender la gesti\u00f3n y la din\u00e1mica de los documentos constituye una base fundamental para la mejora continua de toda organizaci\u00f3n.<\/p>\n<p>&nbsp;<\/p>\n<h2><span style=\"color: #008000;\">Objetivo general<\/span><\/h2>\n<p>\u00a0Aprovechar todo el potencial de la norma ISO 9001 para optimizar la creaci\u00f3n, uso y control de la documentaci\u00f3n, de manera que se tienda a una gesti\u00f3n adecuada de los documentos, y a la reducci\u00f3n y simplificaci\u00f3n de los procedimientos, formatos y registros.<\/p>\n<p>&nbsp;<\/p>\n<h2><span style=\"color: #008000;\">Temario<\/span><\/h2>\n<ol>\n<li>Revisi\u00f3n general de la Norma ISO 9001<\/li>\n<li>Requisitos sobre documentaci\u00f3n en la norma ISO 9001<\/li>\n<li>Alcances generales contemplados en la norma ISO\/TR 10013<\/li>\n<li>Estructuraci\u00f3n y gesti\u00f3n de la pir\u00e1mide documental<\/li>\n<li>Dise\u00f1o y elaboraci\u00f3n de documentos<\/li>\n<li>Procedimientos e instrucciones de trabajo<\/li>\n<li>Manejo de formatos \/ registros<\/li>\n<li>Monitoreo y mejora de documentos<\/li>\n<li>Documentos externos; como integrarlos con los documentos internos.<\/li>\n<li>Los documentos necesarios e indispensables para una eficaz planificaci\u00f3n, operaci\u00f3n y control de los procesos.<\/li>\n<li>Uso de plantillas y formatos digitales. Integraci\u00f3n con formatos tradicionales.<\/li>\n<\/ol>\n<p>&nbsp;<\/p>\n<h2><span style=\"color: #008000;\">Dirigido a<\/span><\/h2>\n<p>Gestores, gerentes, formadores, facilitadores o funcionarios que deseen implantar, o est\u00e9n en la fase de implementaci\u00f3n de un sistema de calidad basado en la norma ISO 9001.<\/p>\n<p>&nbsp;<\/p>\n<h2><span style=\"color: #008000;\">Expositor<\/span><\/h2>\n<p style=\"text-align: center;\"><strong>Mag. Rogelio Or\u00e9 Aguilar<\/strong><\/p>\n<p>Consultor en Calidad y Responsabilidad Social Empresarial, con trayectoria profesional en Per\u00fa y Espa\u00f1a. M\u00e1ster en Gesti\u00f3n de Calidad por la Universidad Polit\u00e9cnica de Madrid y Auditor L\u00edder ISO 9000 certificado por SGS-UK. Autor y editor del libro La Revoluci\u00f3n Silenciosa, Ciudadanos &amp; Ideas que forjan la Responsabilidad Social.<\/p>\n<p>&nbsp;<\/p>\n<p>&nbsp;<\/p>\n<table width=\"414\">\n<tbody>\n<tr>\n<td width=\"145\"><strong>Duraci\u00f3n:<\/strong><\/td>\n<td width=\"269\">8 horas<\/td>\n<\/tr>\n<tr>\n<td width=\"145\"><strong>Metodolog\u00eda:<\/strong><\/td>\n<td width=\"269\">Exposici\u00f3n interactiva, con videos y talleres que promueven la participaci\u00f3n del asistente.<\/td>\n<\/tr>\n<tr>\n<td width=\"145\"><strong>Lugar:<\/strong><\/td>\n<td width=\"269\">Av. Salaverry 1136 &#8211; 1144 Jes\u00fas Mar\u00eda<\/td>\n<\/tr>\n<tr>\n<td rowspan=\"2\" width=\"145\"><strong>Fecha:<\/strong><\/td>\n<td width=\"269\">Viernes 10 de abril de 19:00 a 22:30<\/td>\n<\/tr>\n<tr>\n<td width=\"269\">S\u00e1bado 11 de abril de 09:00 a 13:30\u00a0<\/td>\n<\/tr>\n<tr>\n<td rowspan=\"2\" width=\"145\"><strong>Inscripciones:<\/strong><\/td>\n<td width=\"269\">&#8211;\u00a0\u00a0\u00a0\u00a0\u00a0 <strong><a href=\"https:\/\/www.administracion.usmp.edu.pe\/ice\/wp-content\/uploads\/sites\/16\/2015\/02\/Ficha_Inscripci\u00f3n_capacitaciones_ice.doc\">Llenar ficha adjunta<\/a><\/strong><\/td>\n<\/tr>\n<tr>\n<td width=\"269\">&#8211;\u00a0\u00a0\u00a0\u00a0\u00a0 icem@usmp.pe<\/td>\n<\/tr>\n<\/tbody>\n<\/table>\n<p>&nbsp;<\/p>\n<div class=\"su-button-center\"><a href=\"https:\/\/www.administracion.usmp.edu.pe\/ice\/wp-content\/uploads\/sites\/16\/2015\/02\/Ficha_Inscripci\u00f3n_capacitaciones_ice.doc\" class=\"su-button su-button-style-default\" style=\"color:#FFFFFF;background-color:#990033;border-color:#7b0029;border-radius:34px\" target=\"_self\"><span style=\"color:#FFFFFF;padding:0px 18px;font-size:14px;line-height:28px;border-color:#b84d71;border-radius:34px;text-shadow:none\"> Descargar Ficha de Inscripci\u00f3n<\/span><\/a><\/div>\n","protected":false},"excerpt":{"rendered":"<p>La documentaci\u00f3n de los procedimientos, del know how de la organizaci\u00f3n, es una etapa clave en la implementaci\u00f3n de un [&hellip;]<\/p>\n","protected":false},"author":2,"featured_media":591,"parent":232,"menu_order":0,"comment_status":"open","ping_status":"open","template":"page-menu_izquierda-hijo.php","meta":{"_acf_changed":false,"footnotes":""},"class_list":["post-374","page","type-page","status-publish","has-post-thumbnail","hentry"],"acf":[],"_links":{"self":[{"href":"https:\/\/www.administracion.usmp.edu.pe\/ice\/wp-json\/wp\/v2\/pages\/374","targetHints":{"allow":["GET"]}}],"collection":[{"href":"https:\/\/www.administracion.usmp.edu.pe\/ice\/wp-json\/wp\/v2\/pages"}],"about":[{"href":"https:\/\/www.administracion.usmp.edu.pe\/ice\/wp-json\/wp\/v2\/types\/page"}],"author":[{"embeddable":true,"href":"https:\/\/www.administracion.usmp.edu.pe\/ice\/wp-json\/wp\/v2\/users\/2"}],"replies":[{"embeddable":true,"href":"https:\/\/www.administracion.usmp.edu.pe\/ice\/wp-json\/wp\/v2\/comments?post=374"}],"version-history":[{"count":14,"href":"https:\/\/www.administracion.usmp.edu.pe\/ice\/wp-json\/wp\/v2\/pages\/374\/revisions"}],"predecessor-version":[{"id":595,"href":"https:\/\/www.administracion.usmp.edu.pe\/ice\/wp-json\/wp\/v2\/pages\/374\/revisions\/595"}],"up":[{"embeddable":true,"href":"https:\/\/www.administracion.usmp.edu.pe\/ice\/wp-json\/wp\/v2\/pages\/232"}],"wp:featuredmedia":[{"embeddable":true,"href":"https:\/\/www.administracion.usmp.edu.pe\/ice\/wp-json\/wp\/v2\/media\/591"}],"wp:attachment":[{"href":"https:\/\/www.administracion.usmp.edu.pe\/ice\/wp-json\/wp\/v2\/media?parent=374"}],"curies":[{"name":"wp","href":"https:\/\/api.w.org\/{rel}","templated":true}]}}