{"id":361,"date":"2015-02-23T14:19:54","date_gmt":"2015-02-23T19:19:54","guid":{"rendered":"https:\/\/www.administracion.usmp.edu.pe\/ice\/?page_id=361"},"modified":"2015-02-23T16:47:17","modified_gmt":"2015-02-23T21:47:17","slug":"prevencion-violencia-contra-la-mujer","status":"publish","type":"page","link":"https:\/\/www.administracion.usmp.edu.pe\/ice\/actividades-nivel-externo\/asistencia-tecnica\/prevencion-violencia-contra-la-mujer\/","title":{"rendered":"Prevenci\u00f3n de violencia contra la mujer"},"content":{"rendered":"<h3>\u00a0<\/h3>\n<h3>EMPRESA SEGURA, LIBRE DE VIOLENCIA Y DISCRIMINACI\u00d3N CONTRA LA MUJER<\/h3>\n<p><img loading=\"lazy\" decoding=\"async\" class=\"alignleft wp-image-366 \" src=\"https:\/\/www.administracion.usmp.edu.pe\/ice\/wp-content\/uploads\/sites\/16\/2015\/02\/ice-libre-de-violencia.png\" alt=\"ice-libre-de-violencia\" width=\"358\" height=\"188\" \/>En el Per\u00fa la violencia contra la mujer es una problem\u00e1tica alarmante, afectando incluso al sector empresarial con p\u00e9rdidas estimadas de US$ 6,744 millones de d\u00f3lares por a\u00f1o, aproximadamente el 4% del PBI. Ante ello, las empresas cada vez m\u00e1s implementan sistemas de gesti\u00f3n previniendo todo tipo de violencia y discriminaci\u00f3n contra la mujer.<\/p>\n<p>Estas buenas pr\u00e1cticas son reconocidas por el Ministerio de la Mujer y Poblaciones Vulnerables, a trav\u00e9s del Sello \u201cEmpresa Segura, libre de violencia y discriminaci\u00f3n contra la mujer\u201d. La Universidad de San Mart\u00edn de Porres comprometida con crear ambientes libres de violencia contra la mujer, ha participado en la asistencia t\u00e9cnica para empresas que postulan al Sello, apoyando en el desarrollo y\/o mejora de programas de prevenci\u00f3n.<\/p>\n<p>&nbsp;<\/p>\n<h3><span style=\"color: #008000;\">Servicios que ofrecemos para la prevenci\u00f3n de violencia y discriminaci\u00f3n contra la mujer<\/span><\/h3>\n<ul>\n<li>Dise\u00f1o de herramientas para la gesti\u00f3n de prevenci\u00f3n de la violencia<\/li>\n<li>Capacitaciones en temas de prevenci\u00f3n de violencia y discriminaci\u00f3n.<\/li>\n<li>Preparaci\u00f3n para la postulaci\u00f3n al sello por cada criterio.\n<ul>\n<li>Cultura organizacional<\/li>\n<li>Pr\u00e1ctica cotidiana<\/li>\n<li>Trabajo con y hacia la comunidad<\/li>\n<\/ul>\n<\/li>\n<li>Asesor\u00edas empresariales para la reducci\u00f3n de costos por el impacto de violencia y discriminaci\u00f3n.<\/li>\n<li>Dise\u00f1o de herramientas para la gesti\u00f3n de prevenci\u00f3n de la violencia.<\/li>\n<\/ul>\n<p>&nbsp;<\/p>\n<h3>Proyectos Desarrollados por el Instituto para la Calidad Empresarial \u2013 USMP, orientados a la prevenci\u00f3n de Violencia Contra la Mujer<\/h3>\n<p>Brind\u00f3 asistencia t\u00e9cnica a empresas que postularon al Sello Empresa Segura Libre de Violencia y Discriminaci\u00f3n contra la mujer 2013, logrando:<\/p>\n<p>&nbsp;<\/p>\n<ul>\n<li>7 reconocimientos de empresas en el Sello \u201cEmpresa Segura, libre de violencia y discriminaci\u00f3n contra la mujer\u201d.<\/li>\n<li>16 menciones honrosas.<\/li>\n<\/ul>\n<p>&nbsp;<\/p>\n<p>Estas empresas incrementaron su productividad, lograron una participaci\u00f3n activa de los colaboradores en la prevenci\u00f3n de violencia contra la mujer, desarrollaron herramientas de comunicaci\u00f3n interna, efectivas para denunciar casos de violencia y discriminaci\u00f3n contra la mujer y contribuyeron a la creaci\u00f3n de mecanismos de difusi\u00f3n de prevenci\u00f3n de violencia contra la mujer en sus principales grupos de inter\u00e9s.<\/p>\n<p>&nbsp;<\/p>\n<p><img loading=\"lazy\" decoding=\"async\" class=\"aligncenter size-full wp-image-368\" src=\"https:\/\/www.administracion.usmp.edu.pe\/ice\/wp-content\/uploads\/sites\/16\/2015\/02\/ice-proyectosdesarrollados.jpg\" alt=\"ice-proyectosdesarrollados\" width=\"390\" height=\"310\" \/><\/p>\n<p>&nbsp;<\/p>\n<h3>Capacitaciones<\/h3>\n<p>Imparti\u00f3 capacitaciones para implementar sistemas de gesti\u00f3n para la prevenci\u00f3n de la violencia y discriminaci\u00f3n contra la mujer, as\u00ed tambi\u00e9n para el proceso de evaluaci\u00f3n de \u201cEmpresa Segura, libre de violencia y discriminaci\u00f3n contra la mujer\u201d, tanto para directores como personal operativo de las empresas.<\/p>\n<p>&nbsp;<\/p>\n<p><img loading=\"lazy\" decoding=\"async\" class=\"aligncenter size-full wp-image-369\" src=\"https:\/\/www.administracion.usmp.edu.pe\/ice\/wp-content\/uploads\/sites\/16\/2015\/02\/ice-capacitaciones.jpg\" alt=\"ice-capacitaciones\" width=\"412\" height=\"231\" \/><\/p>\n<p>&nbsp;<\/p>\n<h3>Publicaciones y Programas<\/h3>\n<p>La USMP a trav\u00e9s de su Instituto de Investigaci\u00f3n en el marco de sus servicios de prevenci\u00f3n de la violencia contra la mujer, con apoyo de la Agencia de Cooperaci\u00f3n Internacional Alemana \u2013 GIZ, ha desarrollado publicaciones como:<\/p>\n<ul>\n<li>Los costos Empresariales de la Violencia Contra las Mujeres en el Per\u00fa<\/li>\n<li>\u00a1Combatir la violencia contra las mujeres es tambi\u00e9n un asunto empresarial!<\/li>\n<li>Criterios para una Empresa Segura<\/li>\n<li>Alto a la Violencia<\/li>\n<\/ul>\n<p>&nbsp;<\/p>\n<p>As\u00ed tambi\u00e9n, desarrollo el Programa de Becas para Tesis de Grado, desplegado de manera virtual en Bolivia, Ecuador, Paraguay y Per\u00fa, en el tema \u201cImpacto de Violencia contra las mujeres en las Empresas\u201d.<\/p>\n<p>&nbsp;<\/p>\n<p><img loading=\"lazy\" decoding=\"async\" class=\"aligncenter size-full wp-image-370\" src=\"https:\/\/www.administracion.usmp.edu.pe\/ice\/wp-content\/uploads\/sites\/16\/2015\/02\/portada-investigacion.jpg\" alt=\"portada-investigacion\" width=\"358\" height=\"459\" \/><\/p>\n<p>&nbsp;<\/p>\n<div class=\"su-note\"  style=\"border-color:#bcdebc;border-radius:3px;-moz-border-radius:3px;-webkit-border-radius:3px;\"><div class=\"su-note-inner su-u-clearfix su-u-trim\" style=\"background-color:#d6f8d6;border-color:#ffffff;color:#333333;border-radius:3px;-moz-border-radius:3px;-webkit-border-radius:3px;\">\n<h2>Ficha de datos<\/h2>\n<p style=\"text-align: center;\"><strong>Empresas participantes \u00bb Empresa segura, libre de violencia y descriminaci\u00f3n contra la mujer\u00bb<\/strong><\/p>\n<div role=\"form\" class=\"wpcf7\" id=\"wpcf7-f389-o1\" lang=\"es-ES\" dir=\"ltr\">\n<div class=\"screen-reader-response\"><p role=\"status\" aria-live=\"polite\" aria-atomic=\"true\"><\/p> <ul><\/ul><\/div>\n<form action=\"\/ice\/wp-json\/wp\/v2\/pages\/361#wpcf7-f389-o1\" method=\"post\" class=\"wpcf7-form init\" novalidate=\"novalidate\" data-status=\"init\">\n<div style=\"display: none;\">\n<input type=\"hidden\" name=\"_wpcf7\" value=\"389\" \/>\n<input type=\"hidden\" name=\"_wpcf7_version\" value=\"5.6.4\" \/>\n<input type=\"hidden\" name=\"_wpcf7_locale\" value=\"es_ES\" \/>\n<input type=\"hidden\" name=\"_wpcf7_unit_tag\" value=\"wpcf7-f389-o1\" \/>\n<input type=\"hidden\" name=\"_wpcf7_container_post\" value=\"0\" \/>\n<input type=\"hidden\" name=\"_wpcf7_posted_data_hash\" value=\"\" \/>\n<\/div>\n<p>Nombre de Empresa*<br \/>\n    <span class=\"wpcf7-form-control-wrap\" data-name=\"empresa\"><input type=\"text\" name=\"empresa\" value=\"\" size=\"40\" class=\"wpcf7-form-control wpcf7-text wpcf7-validates-as-required\" aria-required=\"true\" aria-invalid=\"false\" \/><\/span> <\/p>\n<p>Nombres y Apellidos*<br \/>\n    <span class=\"wpcf7-form-control-wrap\" data-name=\"nombres-apellidos\"><input type=\"text\" name=\"nombres-apellidos\" value=\"\" size=\"40\" class=\"wpcf7-form-control wpcf7-text wpcf7-validates-as-required\" aria-required=\"true\" aria-invalid=\"false\" \/><\/span> <\/p>\n<p>Cargo*<br \/>\n    <span class=\"wpcf7-form-control-wrap\" data-name=\"cargo\"><input type=\"text\" name=\"cargo\" value=\"\" size=\"40\" class=\"wpcf7-form-control wpcf7-text wpcf7-validates-as-required\" aria-required=\"true\" aria-invalid=\"false\" \/><\/span> <\/p>\n<p>E-mail*<br \/>\n    <span class=\"wpcf7-form-control-wrap\" data-name=\"email\"><input type=\"email\" name=\"email\" value=\"\" size=\"40\" class=\"wpcf7-form-control wpcf7-text wpcf7-email wpcf7-validates-as-required wpcf7-validates-as-email\" aria-required=\"true\" aria-invalid=\"false\" \/><\/span> <\/p>\n<p>Tel\u00e9fono*<br \/>\n    <span class=\"wpcf7-form-control-wrap\" data-name=\"telefono\"><input type=\"text\" name=\"telefono\" value=\"\" size=\"40\" class=\"wpcf7-form-control wpcf7-text wpcf7-validates-as-required\" aria-required=\"true\" aria-invalid=\"false\" \/><\/span> <\/p>\n<p>P\u00e1gina web<br \/>\n    <span class=\"wpcf7-form-control-wrap\" data-name=\"pagina-web\"><input type=\"text\" name=\"pagina-web\" value=\"\" size=\"40\" class=\"wpcf7-form-control wpcf7-text\" aria-invalid=\"false\" \/><\/span> <\/p>\n<p><br><\/p>\n<p>Si est\u00e1 interesado (a) en recibir informaci\u00f3n de los servicios que brinde el Instituto para la Calidad Empresarial de la USMP en los temas referentes a prevenci\u00f3n de violencia y discriminaci\u00f3n contra la mujer, \u00bfC\u00f3mo le gustar\u00eda que le contactemos?<\/p>\n<p><br><\/p>\n<p><b><span class=\"wpcf7-form-control-wrap\" data-name=\"checkbox-formadecontacto\"><span class=\"wpcf7-form-control wpcf7-checkbox\"><span class=\"wpcf7-list-item first\"><input type=\"checkbox\" name=\"checkbox-formadecontacto[]\" value=\"Informaci\u00f3n v\u00eda e-mail\" \/><span class=\"wpcf7-list-item-label\">Informaci\u00f3n v\u00eda e-mail<\/span><\/span><span class=\"wpcf7-list-item last\"><input type=\"checkbox\" name=\"checkbox-formadecontacto[]\" value=\"Visita a su empresa\" \/><span class=\"wpcf7-list-item-label\">Visita a su empresa<\/span><\/span><\/span><\/span><\/b><\/p>\n<p><br><\/p>\n<p>Si marc\u00f3 \"Visita a su empresa\". Por favor indique la hora y fecha disponible para visita personalizada:<br \/>\n<span class=\"wpcf7-form-control-wrap\" data-name=\"hora-y-fecha\"><input type=\"text\" name=\"hora-y-fecha\" value=\"\" size=\"40\" class=\"wpcf7-form-control wpcf7-text wpcf7-validates-as-required\" aria-required=\"true\" aria-invalid=\"false\" \/><\/span>\n<\/p>\n<p><br><\/p>\n<p><input type=\"submit\" value=\"Enviar\" class=\"wpcf7-form-control has-spinner wpcf7-submit\" \/><\/p>\n<div class=\"wpcf7-response-output\" aria-hidden=\"true\"><\/div><\/form><\/div>\n<\/div><\/div>\n","protected":false},"excerpt":{"rendered":"<p>\u00a0 EMPRESA SEGURA, LIBRE DE VIOLENCIA Y DISCRIMINACI\u00d3N CONTRA LA MUJER En el Per\u00fa la violencia contra la mujer es [&hellip;]<\/p>\n","protected":false},"author":2,"featured_media":0,"parent":205,"menu_order":0,"comment_status":"open","ping_status":"open","template":"page-menu_izquierda-hijo.php","meta":{"_acf_changed":false,"footnotes":""},"class_list":["post-361","page","type-page","status-publish","hentry"],"acf":[],"_links":{"self":[{"href":"https:\/\/www.administracion.usmp.edu.pe\/ice\/wp-json\/wp\/v2\/pages\/361","targetHints":{"allow":["GET"]}}],"collection":[{"href":"https:\/\/www.administracion.usmp.edu.pe\/ice\/wp-json\/wp\/v2\/pages"}],"about":[{"href":"https:\/\/www.administracion.usmp.edu.pe\/ice\/wp-json\/wp\/v2\/types\/page"}],"author":[{"embeddable":true,"href":"https:\/\/www.administracion.usmp.edu.pe\/ice\/wp-json\/wp\/v2\/users\/2"}],"replies":[{"embeddable":true,"href":"https:\/\/www.administracion.usmp.edu.pe\/ice\/wp-json\/wp\/v2\/comments?post=361"}],"version-history":[{"count":13,"href":"https:\/\/www.administracion.usmp.edu.pe\/ice\/wp-json\/wp\/v2\/pages\/361\/revisions"}],"predecessor-version":[{"id":363,"href":"https:\/\/www.administracion.usmp.edu.pe\/ice\/wp-json\/wp\/v2\/pages\/361\/revisions\/363"}],"up":[{"embeddable":true,"href":"https:\/\/www.administracion.usmp.edu.pe\/ice\/wp-json\/wp\/v2\/pages\/205"}],"wp:attachment":[{"href":"https:\/\/www.administracion.usmp.edu.pe\/ice\/wp-json\/wp\/v2\/media?parent=361"}],"curies":[{"name":"wp","href":"https:\/\/api.w.org\/{rel}","templated":true}]}}