{"id":28,"date":"2014-04-08T16:45:45","date_gmt":"2014-04-08T21:45:45","guid":{"rendered":"https:\/\/www.administracion.usmp.edu.pe\/ice\/?page_id=28"},"modified":"2015-04-23T17:26:31","modified_gmt":"2015-04-23T22:26:31","slug":"objetivos","status":"publish","type":"page","link":"https:\/\/www.administracion.usmp.edu.pe\/ice\/nosotros\/objetivos\/","title":{"rendered":"Objetivos"},"content":{"rendered":"<p>&nbsp;<\/p>\n<ul style=\"list-style-type: square;\">\n<li>Brindar servicios de capacitaci\u00f3n y asistencia t\u00e9cnica en funci\u00f3n a las necesidades del sector empresarial.<\/li>\n<li><span style=\"line-height: 1.5em;\">Contribuir a instaurar un proceso de Transformaci\u00f3n hacia una Cultura de Calidad de\u00a0 Servicio en la USMP, obteniendo el reconocimiento por su excelencia en la gesti\u00f3n.<\/span><\/li>\n<li><span style=\"line-height: 1.5em;\">Promover el desarrollo y la investigaci\u00f3n en temas relacionados a la mejora de la calidad en la gesti\u00f3n empresarial.<\/span><\/li>\n<li><span style=\"line-height: 1.5em;\">Mejorar la percepci\u00f3n de la calidad de la USMP entre todos sus grupos de inter\u00e9s.<\/span><\/li>\n<li><span style=\"line-height: 1.5em;\"><span style=\"line-height: 1.5em;\"><span style=\"line-height: 1.5em;\">Constituirse en un referente de calidad a nivel empresarial.<\/span><\/span><\/span>\n<p>&nbsp;<\/p>\n<\/li>\n<\/ul>\n<hr \/>\n<h3 style=\"text-align: center;\">\u00a0Retos\u00a0<\/h3>\n<div class=\"su-accordion su-u-trim\">\n<div class=\"su-spoiler su-spoiler-style-fancy su-spoiler-icon-plus su-spoiler-closed\" data-scroll-offset=\"0\" data-anchor-in-url=\"no\"><div class=\"su-spoiler-title\" tabindex=\"0\" role=\"button\"><span class=\"su-spoiler-icon\"><\/span>Consolidar Acreditaciones<\/div><div class=\"su-spoiler-content su-u-clearfix su-u-trim\">\n<ul style=\"list-style-type: square;\">\n<li>Instaurar los modelos de acreditaci\u00f3n como base de nuestra \u00a0gesti\u00f3n y lograr que sea un elemento diferenciador\u00a0 por la calidad\u00a0<\/li>\n<\/ul>\n<\/div><\/div>\n<div class=\"su-spoiler su-spoiler-style-fancy su-spoiler-icon-plus su-spoiler-closed\" data-scroll-offset=\"0\" data-anchor-in-url=\"no\"><div class=\"su-spoiler-title\" tabindex=\"0\" role=\"button\"><span class=\"su-spoiler-icon\"><\/span>Eficiencia de nuestros procesos<\/div><div class=\"su-spoiler-content su-u-clearfix su-u-trim\">\n<ul style=\"list-style-type: square;\">\n<li>Sistematizar los procesos, optimizarlos y asegurar la calidad de los resultados de cada uno de ello<\/li>\n<\/ul>\n<\/div><\/div> <div class=\"su-spoiler su-spoiler-style-fancy su-spoiler-icon-plus su-spoiler-closed\" data-scroll-offset=\"0\" data-anchor-in-url=\"no\"><div class=\"su-spoiler-title\" tabindex=\"0\" role=\"button\"><span class=\"su-spoiler-icon\"><\/span>Eficiencia y efectividad operativa<\/div><div class=\"su-spoiler-content su-u-clearfix su-u-trim\">\n<ul style=\"list-style-type: square;\">\n<li>Hacer las tareas optimizando los recursos, cumpliendo los plazos y alcanzando las metas<\/li>\n<\/ul>\n<\/div><\/div>\n<div class=\"su-spoiler su-spoiler-style-fancy su-spoiler-icon-plus su-spoiler-closed\" data-scroll-offset=\"0\" data-anchor-in-url=\"no\"><div class=\"su-spoiler-title\" tabindex=\"0\" role=\"button\"><span class=\"su-spoiler-icon\"><\/span>Rentabilizar la gesti\u00f3n<\/div><div class=\"su-spoiler-content su-u-clearfix su-u-trim\">\n<ul style=\"list-style-type: square;\">\n<li>Generar ingresos que a menos cubran los gastos del \u00e1rea, en una primera fase<br \/>\u00a0<\/div><\/div><\/li>\n<\/ul>\n<\/div>\n","protected":false},"excerpt":{"rendered":"<p>&nbsp; Brindar servicios de capacitaci\u00f3n y asistencia t\u00e9cnica en funci\u00f3n a las necesidades del sector empresarial. Contribuir a instaurar un [&hellip;]<\/p>\n","protected":false},"author":2,"featured_media":0,"parent":8,"menu_order":2,"comment_status":"open","ping_status":"open","template":"page-menu_izquierda-hijo.php","meta":{"_acf_changed":false,"footnotes":""},"class_list":["post-28","page","type-page","status-publish","hentry"],"acf":[],"_links":{"self":[{"href":"https:\/\/www.administracion.usmp.edu.pe\/ice\/wp-json\/wp\/v2\/pages\/28","targetHints":{"allow":["GET"]}}],"collection":[{"href":"https:\/\/www.administracion.usmp.edu.pe\/ice\/wp-json\/wp\/v2\/pages"}],"about":[{"href":"https:\/\/www.administracion.usmp.edu.pe\/ice\/wp-json\/wp\/v2\/types\/page"}],"author":[{"embeddable":true,"href":"https:\/\/www.administracion.usmp.edu.pe\/ice\/wp-json\/wp\/v2\/users\/2"}],"replies":[{"embeddable":true,"href":"https:\/\/www.administracion.usmp.edu.pe\/ice\/wp-json\/wp\/v2\/comments?post=28"}],"version-history":[{"count":9,"href":"https:\/\/www.administracion.usmp.edu.pe\/ice\/wp-json\/wp\/v2\/pages\/28\/revisions"}],"predecessor-version":[{"id":455,"href":"https:\/\/www.administracion.usmp.edu.pe\/ice\/wp-json\/wp\/v2\/pages\/28\/revisions\/455"}],"up":[{"embeddable":true,"href":"https:\/\/www.administracion.usmp.edu.pe\/ice\/wp-json\/wp\/v2\/pages\/8"}],"wp:attachment":[{"href":"https:\/\/www.administracion.usmp.edu.pe\/ice\/wp-json\/wp\/v2\/media?parent=28"}],"curies":[{"name":"wp","href":"https:\/\/api.w.org\/{rel}","templated":true}]}}