{"id":232,"date":"2014-05-05T17:22:23","date_gmt":"2014-05-05T22:22:23","guid":{"rendered":"https:\/\/www.administracion.usmp.edu.pe\/ice\/?page_id=232"},"modified":"2015-02-23T12:02:28","modified_gmt":"2015-02-23T17:02:28","slug":"capacitaciones","status":"publish","type":"page","link":"https:\/\/www.administracion.usmp.edu.pe\/ice\/actividades-nivel-externo\/capacitaciones\/","title":{"rendered":"Capacitaciones"},"content":{"rendered":"<h2 style=\"text-align: center;\"><span style=\"color: #800000;\">Incrementa las oportunidades en tu empresa aplicando metodolog\u00eda de soluci\u00f3n de problemas<\/span><\/h2>\n<p>&nbsp;<\/p>\n<div class=\"su-button-center\"><a href=\"https:\/\/www.administracion.usmp.edu.pe\/ice\/wp-content\/uploads\/sites\/16\/2014\/04\/Ficha_Inscripci\u00f3n-IN-HOUSE.doc\" class=\"su-button su-button-style-default\" style=\"color:#FFFFFF;background-color:#990033;border-color:#7b0029;border-radius:34px\" target=\"_self\"><span style=\"color:#FFFFFF;padding:0px 18px;font-size:14px;line-height:28px;border-color:#b84d71;border-radius:34px;text-shadow:none\"> Ficha de Inscripci\u00f3n<\/span><\/a><\/div>\n<p>&nbsp;<\/p>\n<p><img loading=\"lazy\" decoding=\"async\" class=\"aligncenter wp-image-271 size-full\" src=\"https:\/\/www.administracion.usmp.edu.pe\/ice\/wp-content\/uploads\/sites\/16\/2014\/05\/solucion_problemas.jpg\" alt=\"solucion_problemas\" width=\"635\" height=\"272\" srcset=\"https:\/\/www.administracion.usmp.edu.pe\/ice\/wp-content\/uploads\/sites\/16\/2014\/05\/solucion_problemas.jpg 635w, https:\/\/www.administracion.usmp.edu.pe\/ice\/wp-content\/uploads\/sites\/16\/2014\/05\/solucion_problemas-620x266.jpg 620w, https:\/\/www.administracion.usmp.edu.pe\/ice\/wp-content\/uploads\/sites\/16\/2014\/05\/solucion_problemas-400x172.jpg 400w\" sizes=\"auto, (max-width: 635px) 100vw, 635px\" \/><\/p>\n<p>&nbsp;<\/p>\n<p>Esta metodolog\u00eda ha ayudado a muchas empresas a reducir costos significativamente, mejorar sus procesos e incrementar su rentabilidad, utilizando para ello herramientas b\u00e1sicas de calidad, f\u00e1cil de emplear por los colaboradores de la empresa.<\/p>\n<p>Actualmente es considerada una herramienta que conduce a mejora continua y b\u00fasqueda de la eficiencia de clase mundial.<\/p>\n<p>&nbsp;<\/p>\n<h4>Beneficios:<\/h4>\n<p>Al t\u00e9rmino del programa cada participante estar\u00e1 en capacidad de:<\/p>\n<ul>\n<li>Aplicar la Metodolog\u00eda Soluci\u00f3n de Problemas a un caso empresarial que genere impacto econ\u00f3mico.<\/li>\n<li>Comprender la importancia de los elementos clave en el proceso.<\/li>\n<li>Controlar los procesos y establecer mejora en la gesti\u00f3n de organizaciones.<\/li>\n<\/ul>\n<p>&nbsp;<\/p>\n<h4>Quienes deben participar:<\/h4>\n<p>Directivos y gerentes de entidades privadas y p\u00fablicas, profesionales de \u00e1reas de producci\u00f3n, comercializaci\u00f3n, log\u00edstica y calidad, t\u00e9cnicos que ocupen cargos operativos y de producci\u00f3n, interesados en mejorar sus procesos dentro de sus organizaciones.<\/p>\n<p><a href=\"https:\/\/www.administracion.usmp.edu.pe\/ice\/wp-content\/uploads\/sites\/16\/2014\/05\/esquema-operacional.png\"><img loading=\"lazy\" decoding=\"async\" class=\"size-full wp-image-233 aligncenter\" src=\"https:\/\/www.administracion.usmp.edu.pe\/ice\/wp-content\/uploads\/sites\/16\/2014\/05\/esquema-operacional.png\" alt=\"esquema-operacional\" width=\"640\" height=\"360\" \/><\/a><\/p>\n<p>&nbsp;<\/p>\n<h3 style=\"text-align: center;\"><strong>Descripci\u00f3n de metodolog\u00eda<\/strong><\/h3>\n<h3>\u00a0<\/h3>\n<p style=\"text-align: left;\"><span style=\"font-size: 14pt;\"><strong>Sesiones 1: (6 horas)\u00a0 <\/strong><\/span><\/p>\n<p>&nbsp;<\/p>\n<div class=\"tabla\">\n<table width=\"599\">\n<tbody>\n<tr>\n<td width=\"264\"><strong>Desarrollo<\/strong><\/td>\n<td width=\"335\"><strong>Descripci\u00f3n<\/strong><\/td>\n<\/tr>\n<tr>\n<td width=\"264\">Definici\u00f3n y selecci\u00f3n del problema u oportunidad de mejora<\/td>\n<td width=\"335\">Identifica el problema a resolver, define y describe el proceso las variables m\u00e1s significativas en funci\u00f3n a los requerimientos de los clientes internos y\/o externos.<\/td>\n<\/tr>\n<tr>\n<td width=\"264\">Clarificar y subdividir el problema<\/td>\n<td width=\"335\">Subdivide el problema a fin de identificar y seleccionar las variables del proceso que condicionan su resultado, identifica el comportamiento de datos a estudiar.<\/td>\n<\/tr>\n<\/tbody>\n<\/table>\n<\/div>\n<p>&nbsp;<\/p>\n<p>&nbsp;<\/p>\n<p><span style=\"font-size: 14pt;\"><strong>Sesiones 2: (6 horas)\u00a0 <\/strong><\/span><\/p>\n<p>&nbsp;<\/p>\n<div class=\"tabla\">\n<table width=\"600\">\n<tbody>\n<tr>\n<td width=\"264\"><strong>Desarrollo<\/strong><\/td>\n<td width=\"336\"><strong>Descripci\u00f3n<\/strong><\/td>\n<\/tr>\n<tr>\n<td width=\"264\">Analizar las causas en su ra\u00edz<\/td>\n<td width=\"336\">Identifica y verifica las causas ra\u00edces de la mala performance e identifica las variables de entrada que m\u00e1s afectan a las variables de salida.<\/td>\n<\/tr>\n<tr>\n<td width=\"264\">Establecer metas<\/td>\n<td width=\"336\">Establece el nivel esperado de reducci\u00f3n de causas y fija meta a alcanzar con el proyecto.<\/td>\n<\/tr>\n<\/tbody>\n<\/table>\n<\/div>\n<p>&nbsp;<\/p>\n<p>&nbsp;<\/p>\n<p><span style=\"font-size: 14pt;\"><strong>Sesiones 3: (6 horas)<\/strong><\/span><\/p>\n<p>&nbsp;<\/p>\n<div class=\"tabla\">\n<table width=\"598\">\n<tbody>\n<tr>\n<td width=\"263\"><strong>Desarrollo<\/strong><\/td>\n<td width=\"334\"><strong>Descripci\u00f3n<\/strong><\/td>\n<\/tr>\n<tr>\n<td width=\"263\">Definir programas de soluciones<\/td>\n<td width=\"334\">Desarrolla ideas para atacar la causa ra\u00edz, plantea soluciones, las estandariza y organiza la manera de medir los resultados.<\/td>\n<\/tr>\n<tr>\n<td width=\"263\">Implantar y verificar soluciones<\/td>\n<td width=\"334\">Introduce en el proceso los cambios necesarios para conseguir mejorar sustancialmente su rendimiento<\/td>\n<\/tr>\n<tr>\n<td width=\"263\">Acciones de garant\u00eda<\/td>\n<td width=\"334\">Establece los mecanismos de control\u00a0 y est\u00e1ndares para asegurar la implementaci\u00f3n de las acciones y los resultados esperados<\/td>\n<\/tr>\n<\/tbody>\n<\/table>\n<\/div>\n<p>&nbsp;<\/p>\n<p><span style=\"font-size: 14pt;\"><strong>Fecha y horario:<\/strong><\/span><\/p>\n<p>Previa coordinaci\u00f3n con responsable de empresa.<\/p>\n<p>&nbsp;<\/p>\n<p><span style=\"font-size: 14pt;\"><strong>Mayores informes:<\/strong><\/span><br \/> Favor completar la ficha de inscripci\u00f3n.<\/p>\n<p>&nbsp;<\/p>\n<p><strong><span style=\"font-size: 14pt;\">Central telef\u00f3nica: <\/span><\/strong><\/p>\n<p><span style=\"font-size: 12pt;\">(511) 3620064 anexo 3250.<\/span><br \/> <span style=\"font-size: 12pt;\"> icem@usmp.pe<\/span><\/p>\n<p>&nbsp;<\/p>\n<div class=\"su-button-center\"><a href=\"https:\/\/www.administracion.usmp.edu.pe\/ice\/wp-content\/uploads\/sites\/16\/2014\/04\/Ficha_Inscripci\u00f3n-IN-HOUSE.doc\" class=\"su-button su-button-style-default\" style=\"color:#FFFFFF;background-color:#990033;border-color:#7b0029;border-radius:45px\" target=\"_self\"><span style=\"color:#FFFFFF;padding:0px 22px;font-size:17px;line-height:34px;border-color:#b84d71;border-radius:45px;text-shadow:none\"> Ficha de Inscripci\u00f3n<\/span><\/a><\/div>\n<p>&nbsp;<\/p>\n","protected":false},"excerpt":{"rendered":"<p>Incrementa las oportunidades en tu empresa aplicando metodolog\u00eda de soluci\u00f3n de problemas &nbsp; &nbsp; &nbsp; Esta metodolog\u00eda ha ayudado a [&hellip;]<\/p>\n","protected":false},"author":2,"featured_media":0,"parent":144,"menu_order":6,"comment_status":"open","ping_status":"open","template":"page-menu_izquierda-hijo.php","meta":{"_acf_changed":false,"footnotes":""},"class_list":["post-232","page","type-page","status-publish","hentry"],"acf":[],"_links":{"self":[{"href":"https:\/\/www.administracion.usmp.edu.pe\/ice\/wp-json\/wp\/v2\/pages\/232","targetHints":{"allow":["GET"]}}],"collection":[{"href":"https:\/\/www.administracion.usmp.edu.pe\/ice\/wp-json\/wp\/v2\/pages"}],"about":[{"href":"https:\/\/www.administracion.usmp.edu.pe\/ice\/wp-json\/wp\/v2\/types\/page"}],"author":[{"embeddable":true,"href":"https:\/\/www.administracion.usmp.edu.pe\/ice\/wp-json\/wp\/v2\/users\/2"}],"replies":[{"embeddable":true,"href":"https:\/\/www.administracion.usmp.edu.pe\/ice\/wp-json\/wp\/v2\/comments?post=232"}],"version-history":[{"count":16,"href":"https:\/\/www.administracion.usmp.edu.pe\/ice\/wp-json\/wp\/v2\/pages\/232\/revisions"}],"predecessor-version":[{"id":360,"href":"https:\/\/www.administracion.usmp.edu.pe\/ice\/wp-json\/wp\/v2\/pages\/232\/revisions\/360"}],"up":[{"embeddable":true,"href":"https:\/\/www.administracion.usmp.edu.pe\/ice\/wp-json\/wp\/v2\/pages\/144"}],"wp:attachment":[{"href":"https:\/\/www.administracion.usmp.edu.pe\/ice\/wp-json\/wp\/v2\/media?parent=232"}],"curies":[{"name":"wp","href":"https:\/\/api.w.org\/{rel}","templated":true}]}}