{"id":205,"date":"2014-04-25T14:03:05","date_gmt":"2014-04-25T19:03:05","guid":{"rendered":"https:\/\/www.administracion.usmp.edu.pe\/ice\/?page_id=205"},"modified":"2015-07-03T11:44:07","modified_gmt":"2015-07-03T16:44:07","slug":"asistencia-tecnica","status":"publish","type":"page","link":"https:\/\/www.administracion.usmp.edu.pe\/ice\/actividades-nivel-externo\/asistencia-tecnica\/","title":{"rendered":"Asistencia T\u00e9cnica"},"content":{"rendered":"<div class=\"su-row\"><div class=\"su-column su-column-size-1-2\"><div class=\"su-column-inner su-u-clearfix su-u-trim\">\n<p>La asistencia t\u00e9cnica estar\u00e1 centrada en pocos temas que ser\u00e1n abordados con la mayor profundidad posible, buscando posicionarnos como referentes de los mismos a un mediano plazo, en base a las experiencias de \u00e9xito que se logren en su implementaci\u00f3n.<\/p>\n<p><a href=\"https:\/\/www.administracion.usmp.edu.pe\/ice\/wp-content\/uploads\/sites\/16\/2014\/04\/icem-asistencia-tecnica.jpg\"><img loading=\"lazy\" decoding=\"async\" class=\"alignnone wp-image-161 size-full\" src=\"https:\/\/www.administracion.usmp.edu.pe\/ice\/wp-content\/uploads\/sites\/16\/2014\/04\/icem-asistencia-tecnica.jpg\" alt=\"icem-asistencia-tecnica\" width=\"920\" height=\"500\" \/><\/a><\/p>\n<p>Dentro de cada uno de los temas definidos inicialmente: Gesti\u00f3n de Calidad, Calidad en la Gesti\u00f3n P\u00fablica y Gesti\u00f3n del Talento, se identificar\u00e1n \u201cTemas Bandera\u201d que ser\u00e1n aquellos con los que en la primera etapa se saldr\u00e1 al mercado para lograr experiencias exitosas.<\/p>\n<\/div><\/div> <div class=\"su-column su-column-size-1-2\"><div class=\"su-column-inner su-u-clearfix su-u-trim\">\n<p>En este sentido se han sentado las bases para iniciar el Programa Lean Seis Sigma\u00a0 Proyecto de 3 a\u00f1os, que cuenta con el apoyo del Banco Interamericano de Desarrollo y el FOMIN, se desarrolla en tres pa\u00edses: Argentina, Colombia y Per\u00fa a trav\u00e9s del Centro de Desarrollo Industrial de la SNI bajo una alianza estrat\u00e9gica con la USMP.<\/p>\n<p>&nbsp;<\/p>\n<p>A trav\u00e9s de este Programa se prev\u00e9 sensibilizar a 670 Pymes,\u00a0 capacitar a 70 Green Belts, 50 Black Belts e implementar la metodolog\u00eda Seis Sigma en 70 empresas Pymes<\/p>\n<p>&nbsp;<\/p>\n<p>Las caracter\u00edsticas del Programa de muestra en la Figura 3.<\/p>\n<p>&nbsp;<\/p>\n<p align=\"center\">\u00a0<a href=\"https:\/\/www.administracion.usmp.edu.pe\/ice\/wp-content\/uploads\/sites\/16\/2014\/04\/6sigma.jpg\"><img loading=\"lazy\" decoding=\"async\" class=\"alignnone wp-image-163 size-full\" src=\"https:\/\/www.administracion.usmp.edu.pe\/ice\/wp-content\/uploads\/sites\/16\/2014\/04\/6sigma.jpg\" alt=\"6sigma\" width=\"950\" height=\"400\" \/><\/a><\/p>\n<p align=\"center\">Fig. 3 \u00a0Programa Lean Seis Sigma<\/p>\n<p style=\"text-align: left;\" align=\"center\"><\/div><\/div><\/div>\n<p style=\"text-align: left;\" align=\"center\">\u00a0<\/p>\n<p style=\"text-align: left;\" align=\"center\"><div class=\"su-accordion su-u-trim\">\u00a0<div class=\"su-spoiler su-spoiler-style-default su-spoiler-icon-caret-square su-spoiler-closed\" data-scroll-offset=\"0\" data-anchor-in-url=\"no\"><div class=\"su-spoiler-title\" tabindex=\"0\" role=\"button\"><span class=\"su-spoiler-icon\"><\/span>Modelo Integral de Gesti\u00f3n de Calidad<\/div><div class=\"su-spoiler-content su-u-clearfix su-u-trim\"> Spoiler content <\/div><\/div><div class=\"su-spoiler su-spoiler-style-default su-spoiler-icon-caret-square su-spoiler-closed\" data-scroll-offset=\"0\" data-anchor-in-url=\"no\"><div class=\"su-spoiler-title\" tabindex=\"0\" role=\"button\"><span class=\"su-spoiler-icon\"><\/span>Implementaci\u00f3n de sistema ISO<\/div><div class=\"su-spoiler-content su-u-clearfix su-u-trim\"> Spoiler content <\/div><\/div><div class=\"su-spoiler su-spoiler-style-default su-spoiler-icon-caret-square su-spoiler-closed\" data-scroll-offset=\"0\" data-anchor-in-url=\"no\"><div class=\"su-spoiler-title\" tabindex=\"0\" role=\"button\"><span class=\"su-spoiler-icon\"><\/span>Desarrollo de proyectos de Mejora Continua<\/div><div class=\"su-spoiler-content su-u-clearfix su-u-trim\"> Spoiler content <\/div><\/div><div class=\"su-spoiler su-spoiler-style-default su-spoiler-icon-caret-square su-spoiler-closed\" data-scroll-offset=\"0\" data-anchor-in-url=\"no\"><div class=\"su-spoiler-title\" tabindex=\"0\" role=\"button\"><span class=\"su-spoiler-icon\"><\/span>Aplicaci\u00f3n de Business Process Management<\/div><div class=\"su-spoiler-content su-u-clearfix su-u-trim\"> Spoiler content <\/div><\/div>\u00a0<div class=\"su-spoiler su-spoiler-style-default su-spoiler-icon-caret-square su-spoiler-closed\" data-scroll-offset=\"0\" data-anchor-in-url=\"no\"><div class=\"su-spoiler-title\" tabindex=\"0\" role=\"button\"><span class=\"su-spoiler-icon\"><\/span>Mejora de rentabilidad aplicando Lean Six Sigma <\/div><div class=\"su-spoiler-content su-u-clearfix su-u-trim\"> Spoiler content <\/div><\/div><div class=\"su-spoiler su-spoiler-style-default su-spoiler-icon-caret-square su-spoiler-closed\" data-scroll-offset=\"0\" data-anchor-in-url=\"no\"><div class=\"su-spoiler-title\" tabindex=\"0\" role=\"button\"><span class=\"su-spoiler-icon\"><\/span>Reducci\u00f3n de costos de mala calidad<\/div><div class=\"su-spoiler-content su-u-clearfix su-u-trim\"> Spoiler content <\/div><\/div><\/div>\n","protected":false},"excerpt":{"rendered":"<p>\u00a0<\/p>\n","protected":false},"author":2,"featured_media":0,"parent":144,"menu_order":1,"comment_status":"open","ping_status":"open","template":"page-menu_izquierda-hijo.php","meta":{"_acf_changed":false,"footnotes":""},"class_list":["post-205","page","type-page","status-publish","hentry"],"acf":[],"_links":{"self":[{"href":"https:\/\/www.administracion.usmp.edu.pe\/ice\/wp-json\/wp\/v2\/pages\/205","targetHints":{"allow":["GET"]}}],"collection":[{"href":"https:\/\/www.administracion.usmp.edu.pe\/ice\/wp-json\/wp\/v2\/pages"}],"about":[{"href":"https:\/\/www.administracion.usmp.edu.pe\/ice\/wp-json\/wp\/v2\/types\/page"}],"author":[{"embeddable":true,"href":"https:\/\/www.administracion.usmp.edu.pe\/ice\/wp-json\/wp\/v2\/users\/2"}],"replies":[{"embeddable":true,"href":"https:\/\/www.administracion.usmp.edu.pe\/ice\/wp-json\/wp\/v2\/comments?post=205"}],"version-history":[{"count":11,"href":"https:\/\/www.administracion.usmp.edu.pe\/ice\/wp-json\/wp\/v2\/pages\/205\/revisions"}],"predecessor-version":[{"id":457,"href":"https:\/\/www.administracion.usmp.edu.pe\/ice\/wp-json\/wp\/v2\/pages\/205\/revisions\/457"}],"up":[{"embeddable":true,"href":"https:\/\/www.administracion.usmp.edu.pe\/ice\/wp-json\/wp\/v2\/pages\/144"}],"wp:attachment":[{"href":"https:\/\/www.administracion.usmp.edu.pe\/ice\/wp-json\/wp\/v2\/media?parent=205"}],"curies":[{"name":"wp","href":"https:\/\/api.w.org\/{rel}","templated":true}]}}