{"id":116,"date":"2014-04-09T17:23:52","date_gmt":"2014-04-09T22:23:52","guid":{"rendered":"https:\/\/www.administracion.usmp.edu.pe\/ice\/?page_id=116"},"modified":"2015-08-13T15:20:37","modified_gmt":"2015-08-13T20:20:37","slug":"cambio-climatico","status":"publish","type":"page","link":"https:\/\/www.administracion.usmp.edu.pe\/ice\/actividades-nivel-interno\/responsabilidad-social-empresarial\/cambio-climatico\/","title":{"rendered":"Huella de Carbono"},"content":{"rendered":"<h3><span style=\"color: #993366;\"><strong>Lineamientos Generales: <\/strong><\/span><\/h3>\n<p>La Universidad de San Mart\u00edn de Porres a trav\u00e9s de su programa de Responsabilidad Social, asumiendo el reto y compromiso de reducir sus impactos ambientales, ha implementado un proyecto a trav\u00e9s del cual luego del c\u00e1lculo de su Huella de Carbono, ha compensado todas su emisiones\u00a0 de Gases de Efecto Invernadero (GEI), apoyando un proyecto de reforestaci\u00f3n en el Bosque de la Sociedad Agr\u00edcola de Inter\u00e9s Social \u2013 SAIS \u201cJos\u00e9 Carlos Mari\u00e1tegui\u201d en la regi\u00f3n Cajamarca, obteniendo as\u00ed el Certificado \u201cCarbono Neutro\u201d en mayo 2012.<\/p>\n<p>En la actualidad seguimos trabajando para reducir nuestras emisiones y mitigar nuestro impacto negativo ambiental; tarea iniciada en la Ciudad Universitaria de Santa Anita, y que se extender\u00e1 a toda la Universidad.<\/p>\n<p>\u00c9sta es una experiencia que lidera las iniciativas de entidades educativas en el Pa\u00eds y que es complementada con una serie de programas de educaci\u00f3n ambiental tanto con su personal docente, administrativo como estudiantes.<\/p>\n<p>&nbsp;<\/p>\n<p><a href=\"https:\/\/www.administracion.usmp.edu.pe\/ice\/wp-content\/uploads\/sites\/16\/2014\/04\/huella-e1439490481202.jpg\"><img loading=\"lazy\" decoding=\"async\" class=\"aligncenter  wp-image-591\" src=\"https:\/\/www.administracion.usmp.edu.pe\/ice\/wp-content\/uploads\/sites\/16\/2014\/04\/huella-e1439490481202.jpg\" alt=\"huella\" width=\"486\" height=\"307\" \/><\/a><\/p>\n<h3><span style=\"color: #993366;\"><strong>Objetivos:<\/strong><\/span><\/h3>\n<p><strong>\u00a0<\/strong><\/p>\n<h4><span style=\"color: #993366;\"><strong>Objetivo General<\/strong><\/span><\/h4>\n<p>&nbsp;<\/p>\n<ul>\n<li>Neutralizaci\u00f3n de nuestras emisiones en el Campus Universitario de Santa Anita.<\/li>\n<\/ul>\n<p><strong>\u00a0<\/strong><\/p>\n<h4><span style=\"color: #993366;\"><strong>Objetivos espec\u00edficos<\/strong><\/span><\/h4>\n<p>&nbsp;<\/p>\n<ul>\n<li>Medici\u00f3n certificada y reporte de la Huella de Carbono para el Campus Universitario de Santa Anita.<\/li>\n<li>Certificaci\u00f3n CARBONO NEUTRAL para el Campus Universitario Santa Anita.<\/li>\n<li>Formaci\u00f3n de especialistas para asegurar la sostenibilidad del proyecto.<\/li>\n<li>Desarrollar servicios ambientales producto de nuestra experiencia, los cuales se ofrecer\u00e1n al sector empresarial.<\/li>\n<\/ul>\n<p>&nbsp;<\/p>\n<h3>\u00a0<\/h3>\n<h3><span style=\"color: #993366;\"><strong>Alcance:<\/strong><\/span>\u00a0<\/h3>\n<ul>\n<li>Campus Universitario Santa Anita.<\/li>\n<\/ul>\n<p><strong>\u00a0<\/strong><\/p>\n<h3><span style=\"color: #993366;\"><strong>Beneficios:<\/strong><\/span><strong style=\"font-size: 16px; line-height: 1.5;\">\u00a0<\/strong><\/h3>\n<ul>\n<li>Poseer una ventaja competitiva que permitan el acceso a nuevos mercados.<\/li>\n<li>Compromiso de sustentabilidad de la empresa.<\/li>\n<li>Proyecta una mejor imagen de la empresa para las partes interesadas.<\/li>\n<\/ul>\n<ul>\n<li>Anticiparse a regulaciones internacionales.<\/li>\n<li>Transparentar las acciones relacionadas a la gesti\u00f3n medioambiental.<\/li>\n<li>Generar mejores v\u00ednculos entre la empresa, la sociedad y el medio ambiente.<\/li>\n<li>Contar con un elemento diferenciador, que la comunidad est\u00e1 considerando como relevante al tomar sus decisiones de consumo.<\/li>\n<\/ul>\n<p><strong>\u00a0<\/strong><\/p>\n<h3><span style=\"color: #993366;\"><strong>Logros:<\/strong><\/span><\/h3>\n<p><strong>\u00a0<\/strong>El proyecto se llev\u00f3 de la mano con A2G Carbon Partners, empresa especializada en este tipo de c\u00e1lculos, quien entreg\u00f3 a la Universidad de San Mart\u00edn de Porres el Certificado Quality Carbon Footprint\u00ae por el c\u00e1lculo de Carbono del Campus Santa Anita, que significa, que la exactitud de dicho c\u00e1lculo puede ser auditado siguiendo los par\u00e1metros internacionales m\u00e1s exigentes.<\/p>\n<p><strong>\u00a0<\/strong><\/p>\n<p><img loading=\"lazy\" decoding=\"async\" class=\"aligncenter wp-image-590\" src=\"https:\/\/www.administracion.usmp.edu.pe\/ice\/wp-content\/uploads\/sites\/16\/2014\/04\/logo.png\" alt=\"logo\" width=\"235\" height=\"237\" srcset=\"https:\/\/www.administracion.usmp.edu.pe\/ice\/wp-content\/uploads\/sites\/16\/2014\/04\/logo.png 1186w, https:\/\/www.administracion.usmp.edu.pe\/ice\/wp-content\/uploads\/sites\/16\/2014\/04\/logo-150x150.png 150w, https:\/\/www.administracion.usmp.edu.pe\/ice\/wp-content\/uploads\/sites\/16\/2014\/04\/logo-1012x1024.png 1012w, https:\/\/www.administracion.usmp.edu.pe\/ice\/wp-content\/uploads\/sites\/16\/2014\/04\/logo-100x100.png 100w\" sizes=\"auto, (max-width: 235px) 100vw, 235px\" \/><\/p>\n<p>&nbsp;<\/p>\n<p>&nbsp;<\/p>\n<p>&nbsp;<\/p>\n<p>&nbsp;<\/p>\n<p>&nbsp;<\/p>\n","protected":false},"excerpt":{"rendered":"<p>Lineamientos Generales: La Universidad de San Mart\u00edn de Porres a trav\u00e9s de su programa de Responsabilidad Social, asumiendo el reto [&hellip;]<\/p>\n","protected":false},"author":2,"featured_media":0,"parent":102,"menu_order":7,"comment_status":"open","ping_status":"open","template":"page-menu_izquierda-hijo.php","meta":{"_acf_changed":false,"footnotes":""},"class_list":["post-116","page","type-page","status-publish","hentry"],"acf":[],"_links":{"self":[{"href":"https:\/\/www.administracion.usmp.edu.pe\/ice\/wp-json\/wp\/v2\/pages\/116","targetHints":{"allow":["GET"]}}],"collection":[{"href":"https:\/\/www.administracion.usmp.edu.pe\/ice\/wp-json\/wp\/v2\/pages"}],"about":[{"href":"https:\/\/www.administracion.usmp.edu.pe\/ice\/wp-json\/wp\/v2\/types\/page"}],"author":[{"embeddable":true,"href":"https:\/\/www.administracion.usmp.edu.pe\/ice\/wp-json\/wp\/v2\/users\/2"}],"replies":[{"embeddable":true,"href":"https:\/\/www.administracion.usmp.edu.pe\/ice\/wp-json\/wp\/v2\/comments?post=116"}],"version-history":[{"count":20,"href":"https:\/\/www.administracion.usmp.edu.pe\/ice\/wp-json\/wp\/v2\/pages\/116\/revisions"}],"predecessor-version":[{"id":679,"href":"https:\/\/www.administracion.usmp.edu.pe\/ice\/wp-json\/wp\/v2\/pages\/116\/revisions\/679"}],"up":[{"embeddable":true,"href":"https:\/\/www.administracion.usmp.edu.pe\/ice\/wp-json\/wp\/v2\/pages\/102"}],"wp:attachment":[{"href":"https:\/\/www.administracion.usmp.edu.pe\/ice\/wp-json\/wp\/v2\/media?parent=116"}],"curies":[{"name":"wp","href":"https:\/\/api.w.org\/{rel}","templated":true}]}}