{"id":66,"date":"2017-03-01T11:35:24","date_gmt":"2017-03-01T16:35:24","guid":{"rendered":"https:\/\/www.administracion.usmp.edu.pe\/bolsa-trabajo\/?page_id=66"},"modified":"2019-06-20T12:54:39","modified_gmt":"2019-06-20T17:54:39","slug":"preguntas-frecuentes","status":"publish","type":"page","link":"https:\/\/www.administracion.usmp.edu.pe\/bolsa-trabajo\/preguntas-frecuentes\/","title":{"rendered":"Preguntas Frecuentes"},"content":{"rendered":"<div class=\"su-spoiler su-spoiler-style-default su-spoiler-icon-plus su-spoiler-closed\" data-scroll-offset=\"0\" data-anchor-in-url=\"no\"><div class=\"su-spoiler-title\" tabindex=\"0\" role=\"button\"><span class=\"su-spoiler-icon\"><\/span>\u00bfQU\u00c9 ES LA BOLSA DE TRABAJO?<\/div><div class=\"su-spoiler-content su-u-clearfix su-u-trim\">\n<p>Es la unidad encargada de fortalecer la vinculaci\u00f3n con el sector empresarial por medio de la celebraci\u00f3n de convenios de pr\u00e1cticas, difusi\u00f3n de la oferta laboral de las empresas y coadyuvar a trav\u00e9s del entrenamiento y capacitaci\u00f3n para que nuestros estudiantes y egresados se encuentren en una situaci\u00f3n m\u00e1s ventajosa dentro del mercado.<\/p>\n<\/div><\/div>\n<div class=\"su-spoiler su-spoiler-style-default su-spoiler-icon-plus su-spoiler-closed\" data-scroll-offset=\"0\" data-anchor-in-url=\"no\"><div class=\"su-spoiler-title\" tabindex=\"0\" role=\"button\"><span class=\"su-spoiler-icon\"><\/span>\u00bfC\u00d3MO CONSIGO PR\u00c1CTICAS?<\/div><div class=\"su-spoiler-content su-u-clearfix su-u-trim\">\n<ul>\n<li>La Facultad difunde las ofertas de pr\u00e1cticas de las empresas a trav\u00e9s de su portal de empleo, redes sociales y p\u00e1gina web.<\/li>\n<li>El estudiante debe de registrarse obligatoriamente en el portal de empleo de la Facultad, revisar y postular constantemente las ofertas laborales.<\/li>\n<li>A trav\u00e9s de su red de contactos que le permita ampliar sus posibilidades de ingreso a distintas empresas.<\/li>\n<\/ul>\n<\/div><\/div>\n<div class=\"su-spoiler su-spoiler-style-default su-spoiler-icon-plus su-spoiler-closed\" data-scroll-offset=\"0\" data-anchor-in-url=\"no\"><div class=\"su-spoiler-title\" tabindex=\"0\" role=\"button\"><span class=\"su-spoiler-icon\"><\/span>\u00bfQU\u00c9 CONDICIONES DEBO TENER PARA HACER MIS PR\u00c1CTICAS?<\/div><div class=\"su-spoiler-content su-u-clearfix su-u-trim\">\n<p>Para iniciar las pr\u00e1cticas pre profesionales necesita estar matriculado en el semestre vigente, sea el caso de alumnos cursando desde el primer ciclo (I) hasta el d\u00e9cimo (X).<\/p>\n<\/div><\/div>\n<div class=\"su-spoiler su-spoiler-style-default su-spoiler-icon-plus su-spoiler-closed\" data-scroll-offset=\"0\" data-anchor-in-url=\"no\"><div class=\"su-spoiler-title\" tabindex=\"0\" role=\"button\"><span class=\"su-spoiler-icon\"><\/span>\u00bfQU\u00c9 REQUISITOS DEBO CUMPLIR PARA SOLICITAR UNA CARTA DE PRESENTACI\u00d3N PARA PR\u00c1CTICAS EN UNA EMPRESA?<\/div><div class=\"su-spoiler-content su-u-clearfix su-u-trim\">\n<ul>\n<li>Debes presentar una solicitud de acuerdo al modelo de \u201cCarta de presentaci\u00f3n para pr\u00e1cticas\u201d establecido por la Facultad.<\/li>\n<li>En caso tenga la condici\u00f3n de estudiante deber\u00e1 de estar matriculado en el semestre respectivo.<\/li>\n<li>En caso de ser egresado no debe tener deuda con la Facultad<\/li>\n<\/ul>\n<\/div><\/div>\n<div class=\"su-spoiler su-spoiler-style-default su-spoiler-icon-plus su-spoiler-closed\" data-scroll-offset=\"0\" data-anchor-in-url=\"no\"><div class=\"su-spoiler-title\" tabindex=\"0\" role=\"button\"><span class=\"su-spoiler-icon\"><\/span>\u00bfCU\u00c1NTO TIEMPO DURA EL TR\u00c1MITE PARA LA CARTA?<\/div><div class=\"su-spoiler-content su-u-clearfix su-u-trim\">\n<p>El tiempo son 3 d\u00edas h\u00e1biles, este se ver\u00e1 afectado si la informaci\u00f3n registrada presenta datos incompletos o no legibles.<\/p>\n<\/div><\/div>\n<div class=\"su-spoiler su-spoiler-style-default su-spoiler-icon-plus su-spoiler-closed\" data-scroll-offset=\"0\" data-anchor-in-url=\"no\"><div class=\"su-spoiler-title\" tabindex=\"0\" role=\"button\"><span class=\"su-spoiler-icon\"><\/span>\u00bfQU\u00c9 DOCUMENTOS DEBO PRESENTAR PARA FORMALIZAR MIS PR\u00c1CTICAS PRE PROFESIONALES?<\/div><div class=\"su-spoiler-content su-u-clearfix su-u-trim\">\n<ul>\n<li>La empresa debe completar tres (3) ejemplares del Convenio de Pr\u00e1cticas pre Profesionales y tres (3) ejemplares del Plan de Capacitaci\u00f3n debidamente firmados por el representante de la empresa y por el practicante.<\/li>\n<li>El expediente se presenta en Tr\u00e1mite Documentario de la Facultad.<\/li>\n<li>La Facultad se queda con un juego original de cada documento con las firmas respectivas.<\/li>\n<\/ul>\n<\/div><\/div>\n<div class=\"su-spoiler su-spoiler-style-default su-spoiler-icon-plus su-spoiler-closed\" data-scroll-offset=\"0\" data-anchor-in-url=\"no\"><div class=\"su-spoiler-title\" tabindex=\"0\" role=\"button\"><span class=\"su-spoiler-icon\"><\/span>\u00bfD\u00d3NDE PUEDO OBTENER EL MODELO DE CONVENIO Y PLAN DE CAPACITACI\u00d3N?<\/div><div class=\"su-spoiler-content su-u-clearfix su-u-trim\">\n<p>En la p\u00e1gina Web de Facultad de Ciencias Administrativas y Recursos Humanos, ingresa a la Bolsa de Trabajo que se encuentra en la parte inferior derecha (<a href=\"https:\/\/www.administracion.usmp.edu.pe\/bolsa-trabajo\/\">https:\/\/www.administracion.usmp.edu.pe\/bolsa-trabajo\/<\/a>), una vez ah\u00ed se dirige a \u201cModelo de Convenio de Practicas\u201d y el \u201cModelo de Plan de Capacitaci\u00f3n\u201d, que est\u00e1n en formato disponible para descarga.<\/p>\n<\/div><\/div>\n<div class=\"su-spoiler su-spoiler-style-default su-spoiler-icon-plus su-spoiler-closed\" data-scroll-offset=\"0\" data-anchor-in-url=\"no\"><div class=\"su-spoiler-title\" tabindex=\"0\" role=\"button\"><span class=\"su-spoiler-icon\"><\/span>\u00bfCU\u00c1NTO TIEMPO DURA EL TR\u00c1MITE DE LAS FIRMAS POR PARTE DE LAS AUTORIDADES DE LA FACULTAD?<\/div><div class=\"su-spoiler-content su-u-clearfix su-u-trim\">\n<p>El tiempo para recogerlo es de 5 d\u00edas h\u00e1biles, este se ver\u00e1 afectado si los documentos presentan errores o datos faltantes.<\/p>\n<\/div><\/div>\n<div class=\"su-spoiler su-spoiler-style-default su-spoiler-icon-plus su-spoiler-closed\" data-scroll-offset=\"0\" data-anchor-in-url=\"no\"><div class=\"su-spoiler-title\" tabindex=\"0\" role=\"button\"><span class=\"su-spoiler-icon\"><\/span>\u00bfES NECESARIO FIRMAR UN CONVENIO DE PR\u00c1CTICAS?<\/div><div class=\"su-spoiler-content su-u-clearfix su-u-trim\">\n<ul>\n<li>El Convenio es el respaldo para que se cumplan las condiciones ofrecidas por la Empresa (n\u00famero de horas de pr\u00e1ctica a la semana, horario, subvenci\u00f3n mensual, seguro m\u00e9dico, vacaciones y el plan de formaci\u00f3n), este se celebra entre la Empresa, la Universidad y el Estudiante.<\/li>\n<li>Todos los Convenios deben ser firmados y registrados en el libro de pr\u00e1cticas de las empresas, un ejemplar es para la Universidad, para el Alumno y la Empresa.<\/li>\n<\/ul>\n<\/div><\/div>\n<div class=\"su-spoiler su-spoiler-style-default su-spoiler-icon-plus su-spoiler-closed\" data-scroll-offset=\"0\" data-anchor-in-url=\"no\"><div class=\"su-spoiler-title\" tabindex=\"0\" role=\"button\"><span class=\"su-spoiler-icon\"><\/span>\u00bfCU\u00c1LES SON MIS DERECHOS COMO PRACTICANTE?<\/div><div class=\"su-spoiler-content su-u-clearfix su-u-trim\">\n<p>Los alumnos que hayan suscrito un convenio de pr\u00e1cticas tienen derecho a:<\/p>\n<ul>\n<li>Recibir una subvenci\u00f3n econ\u00f3mica mensual convenida en forma puntual. Esta no puede ser inferior a una Remuneraci\u00f3n M\u00ednima Vital, salvo que cumpla una jornada inferior a 6 horas diarias o 30 horas semanales.<\/li>\n<li>Tiempo de refrigerio. Tienen derecho a 45 minutos de refrigerio (como m\u00ednimo). Este tiempo no se considera dentro de la jornada.<\/li>\n<li>Descanso de quince d\u00edas subvencionados cuando la duraci\u00f3n sea superior a 12 meses.<\/li>\n<li>Una subvenci\u00f3n adicional equivalente a media subvenci\u00f3n econ\u00f3mica mensual cada seis meses de duraci\u00f3n contin\u00faa de la modalidad formativa.<\/li>\n<li>Descansos semanales y en d\u00edas feriados debidamente subvencionados.<\/li>\n<li>Contratar los servicios de EsSalud o de un seguro privado que cubra los riesgos de enfermedad y accidentes, equivalente a 14 subvenciones mensuales en caso de enfermedad y 30 por accidente.<\/li>\n<li>Recibir certificado al t\u00e9rmino de la pr\u00e1ctica con precisi\u00f3n de las capacidades adquiridas y verificadas en la misma.<\/li>\n<\/ul>\n<\/div><\/div>\n<div class=\"su-spoiler su-spoiler-style-default su-spoiler-icon-plus su-spoiler-closed\" data-scroll-offset=\"0\" data-anchor-in-url=\"no\"><div class=\"su-spoiler-title\" tabindex=\"0\" role=\"button\"><span class=\"su-spoiler-icon\"><\/span>\u00bfCU\u00c1L ES LA DIFERENCIA ENTRE EL CONVENIO DE PR\u00c1CTICAS PREPROFESIONALES Y LA CONSTANCIA DE PR\u00c1CTICAS?<\/div><div class=\"su-spoiler-content su-u-clearfix su-u-trim\">\n<p>El convenio es el documento por el cual se establece las condiciones, obligaciones y derechos del practicante; y la constancia de pr\u00e1cticas es un documento que emite la empresa, el cual certifica el per\u00edodo de pr\u00e1ctica y el \u00e1rea en que se desempe\u00f1aron las pr\u00e1cticas.<\/p>\n<\/div><\/div>\n<div class=\"su-spoiler su-spoiler-style-default su-spoiler-icon-plus su-spoiler-closed\" data-scroll-offset=\"0\" data-anchor-in-url=\"no\"><div class=\"su-spoiler-title\" tabindex=\"0\" role=\"button\"><span class=\"su-spoiler-icon\"><\/span>\u00bfPUEDO REALIZAR PR\u00c1CTICAS EN DISTINTAS EMPRESAS?<\/div><div class=\"su-spoiler-content su-u-clearfix su-u-trim\">\n<p>Si eres estudiante regular (matriculado) puedes realizar pr\u00e1cticas pre Profesionales en distintas empresas.<\/p>\n<\/div><\/div>\n<div class=\"su-spoiler su-spoiler-style-default su-spoiler-icon-plus su-spoiler-closed\" data-scroll-offset=\"0\" data-anchor-in-url=\"no\"><div class=\"su-spoiler-title\" tabindex=\"0\" role=\"button\"><span class=\"su-spoiler-icon\"><\/span>\u00bfCU\u00c1NTO TIEMPO PUEDO PERMANECER EN CONDICI\u00d3N DE PRACTICANTE EN UNA MISMA EMPRESA?<\/div><div class=\"su-spoiler-content su-u-clearfix su-u-trim\">\n<p>Si eres estudiante, tu convenio de pr\u00e1cticas puede extenderse hasta un a\u00f1o, superado ese plazo y si la Empresa desea ampliar el tiempo del Convenio, se deber\u00e1 elaborar una Carta dirigida a tu Director de Escuela explicando las razones de la Extensi\u00f3n del Convenio (participaci\u00f3n en un proyecto, designaci\u00f3n de nuevas tareas, etc.). Si eres egresado, tus pr\u00e1cticas profesionales pueden extenderse s\u00f3lo hasta seis (06) meses dentro de una misma empresa.<\/p>\n<\/div><\/div>\n<div class=\"su-spoiler su-spoiler-style-default su-spoiler-icon-plus su-spoiler-closed\" data-scroll-offset=\"0\" data-anchor-in-url=\"no\"><div class=\"su-spoiler-title\" tabindex=\"0\" role=\"button\"><span class=\"su-spoiler-icon\"><\/span>\u00bfSE PUEDEN VALIDAR PR\u00c1CTICAS Y EXPERIENCIA LABORAL AL MISMO TIEMPO?<\/div><div class=\"su-spoiler-content su-u-clearfix su-u-trim\">\n<p>En ese caso la \u00fanica condici\u00f3n es que entre ambas modalidades sumen un tiempo de 6 meses como m\u00ednimo exigido por la Facultad.<\/p>\n<\/div><\/div>\n<div class=\"su-spoiler su-spoiler-style-default su-spoiler-icon-plus su-spoiler-closed\" data-scroll-offset=\"0\" data-anchor-in-url=\"no\"><div class=\"su-spoiler-title\" tabindex=\"0\" role=\"button\"><span class=\"su-spoiler-icon\"><\/span>SI CUENTO CON EMPRESA PROPIA \u00bfQU\u00c9 REQUISITOS DEBO PRESENTAR PARA LA VALIDACI\u00d3N POR EXPERIENCIA LABORAL?<\/div><div class=\"su-spoiler-content su-u-clearfix su-u-trim\">\n<p>Deber\u00e1s presentar la FICHA RUC donde aparezcas como titular de la empresa y el \u00faltimo PDT (Programa de Declaraci\u00f3n Telem\u00e1tica).<\/p>\n<\/div><\/div>\n","protected":false},"excerpt":{"rendered":"","protected":false},"author":2,"featured_media":0,"parent":0,"menu_order":0,"comment_status":"closed","ping_status":"closed","template":"","meta":{"footnotes":""},"class_list":["post-66","page","type-page","status-publish","hentry"],"_links":{"self":[{"href":"https:\/\/www.administracion.usmp.edu.pe\/bolsa-trabajo\/wp-json\/wp\/v2\/pages\/66","targetHints":{"allow":["GET"]}}],"collection":[{"href":"https:\/\/www.administracion.usmp.edu.pe\/bolsa-trabajo\/wp-json\/wp\/v2\/pages"}],"about":[{"href":"https:\/\/www.administracion.usmp.edu.pe\/bolsa-trabajo\/wp-json\/wp\/v2\/types\/page"}],"author":[{"embeddable":true,"href":"https:\/\/www.administracion.usmp.edu.pe\/bolsa-trabajo\/wp-json\/wp\/v2\/users\/2"}],"replies":[{"embeddable":true,"href":"https:\/\/www.administracion.usmp.edu.pe\/bolsa-trabajo\/wp-json\/wp\/v2\/comments?post=66"}],"version-history":[{"count":3,"href":"https:\/\/www.administracion.usmp.edu.pe\/bolsa-trabajo\/wp-json\/wp\/v2\/pages\/66\/revisions"}],"predecessor-version":[{"id":209,"href":"https:\/\/www.administracion.usmp.edu.pe\/bolsa-trabajo\/wp-json\/wp\/v2\/pages\/66\/revisions\/209"}],"wp:attachment":[{"href":"https:\/\/www.administracion.usmp.edu.pe\/bolsa-trabajo\/wp-json\/wp\/v2\/media?parent=66"}],"curies":[{"name":"wp","href":"https:\/\/api.w.org\/{rel}","templated":true}]}}