{"id":157,"date":"2018-05-25T11:19:36","date_gmt":"2018-05-25T16:19:36","guid":{"rendered":"https:\/\/www.administracion.usmp.edu.pe\/bolsa-trabajo\/?page_id=157"},"modified":"2019-08-29T12:05:55","modified_gmt":"2019-08-29T17:05:55","slug":"programa-empleabilidad","status":"publish","type":"page","link":"https:\/\/www.administracion.usmp.edu.pe\/bolsa-trabajo\/programa-empleabilidad\/","title":{"rendered":"Programa de Empleabilidad"},"content":{"rendered":"<p>Programa que brinda a los participantes, estudiantes y\/o egresados de la Facultad de Ciencias Administrativas y Recursos Humanos las herramientas especificas que contribuyan en el proceso de b\u00fasqueda de empleo o practicas profesionales.<\/p>\n<p>Para acceder a la primera sesi\u00f3n personalizada y ser parte del Programa de Empleabilidad, ingresa a trav\u00e9s del link:<\/p>\n<p style=\"text-align: center;\"><a href=\"https:\/\/forms.office.com\/Pages\/ResponsePage.aspx?id=7x8gmPbZaE6E9cJwUHTjQtynNbUKhd1JhsgnUyT_ihBUNUk0RjBJUkZaNUZONTYyR1k4SlRRSjExUC4u\">Formulario Programa de Empleabilidad<\/a><\/p>\n<p>Sin costo<\/p>\n\n\n<ul class=\"wp-block-gallery columns-2 is-cropped wp-block-gallery-1 is-layout-flex wp-block-gallery-is-layout-flex\"><li class=\"blocks-gallery-item\"><figure><a href=\"https:\/\/www.administracion.usmp.edu.pe\/bolsa-trabajo\/wp-content\/uploads\/sites\/31\/2019\/08\/caso-de-exito-02-1024x1024.jpg\"><img loading=\"lazy\" decoding=\"async\" width=\"1024\" height=\"1024\" src=\"https:\/\/www.administracion.usmp.edu.pe\/bolsa-trabajo\/wp-content\/uploads\/sites\/31\/2019\/08\/caso-de-exito-02-1024x1024.jpg\" alt=\"\" data-id=\"216\" data-link=\"https:\/\/www.administracion.usmp.edu.pe\/bolsa-trabajo\/programa-empleabilidad\/caso-de-exito-02\/\" class=\"wp-image-216\" srcset=\"https:\/\/www.administracion.usmp.edu.pe\/bolsa-trabajo\/wp-content\/uploads\/sites\/31\/2019\/08\/caso-de-exito-02-1024x1024.jpg 1024w, https:\/\/www.administracion.usmp.edu.pe\/bolsa-trabajo\/wp-content\/uploads\/sites\/31\/2019\/08\/caso-de-exito-02-150x150.jpg 150w, https:\/\/www.administracion.usmp.edu.pe\/bolsa-trabajo\/wp-content\/uploads\/sites\/31\/2019\/08\/caso-de-exito-02-300x300.jpg 300w, https:\/\/www.administracion.usmp.edu.pe\/bolsa-trabajo\/wp-content\/uploads\/sites\/31\/2019\/08\/caso-de-exito-02-768x768.jpg 768w\" sizes=\"auto, (max-width: 1024px) 100vw, 1024px\" \/><\/a><\/figure><\/li><li class=\"blocks-gallery-item\"><figure><a href=\"https:\/\/www.administracion.usmp.edu.pe\/bolsa-trabajo\/wp-content\/uploads\/sites\/31\/2019\/08\/caso-de-exito-01-1024x1024.jpg\"><img loading=\"lazy\" decoding=\"async\" width=\"1024\" height=\"1024\" src=\"https:\/\/www.administracion.usmp.edu.pe\/bolsa-trabajo\/wp-content\/uploads\/sites\/31\/2019\/08\/caso-de-exito-01-1024x1024.jpg\" alt=\"\" data-id=\"215\" data-link=\"https:\/\/www.administracion.usmp.edu.pe\/bolsa-trabajo\/programa-empleabilidad\/caso-de-exito-01\/\" class=\"wp-image-215\" srcset=\"https:\/\/www.administracion.usmp.edu.pe\/bolsa-trabajo\/wp-content\/uploads\/sites\/31\/2019\/08\/caso-de-exito-01-1024x1024.jpg 1024w, https:\/\/www.administracion.usmp.edu.pe\/bolsa-trabajo\/wp-content\/uploads\/sites\/31\/2019\/08\/caso-de-exito-01-150x150.jpg 150w, https:\/\/www.administracion.usmp.edu.pe\/bolsa-trabajo\/wp-content\/uploads\/sites\/31\/2019\/08\/caso-de-exito-01-300x300.jpg 300w, https:\/\/www.administracion.usmp.edu.pe\/bolsa-trabajo\/wp-content\/uploads\/sites\/31\/2019\/08\/caso-de-exito-01-768x768.jpg 768w\" sizes=\"auto, (max-width: 1024px) 100vw, 1024px\" \/><\/a><\/figure><\/li><\/ul>\n","protected":false},"excerpt":{"rendered":"<p>Programa que brinda a los participantes, estudiantes y\/o egresados de la Facultad de Ciencias Administrativas y Recursos Humanos las herramientas especificas que contribuyan en el proceso de b\u00fasqueda de empleo o practicas profesionales. Para acceder a la primera sesi\u00f3n personalizada y ser parte del Programa de Empleabilidad, ingresa a trav\u00e9s del link: Formulario Programa de [&hellip;]<\/p>\n","protected":false},"author":2,"featured_media":0,"parent":0,"menu_order":0,"comment_status":"closed","ping_status":"closed","template":"","meta":{"footnotes":""},"class_list":["post-157","page","type-page","status-publish","hentry"],"_links":{"self":[{"href":"https:\/\/www.administracion.usmp.edu.pe\/bolsa-trabajo\/wp-json\/wp\/v2\/pages\/157","targetHints":{"allow":["GET"]}}],"collection":[{"href":"https:\/\/www.administracion.usmp.edu.pe\/bolsa-trabajo\/wp-json\/wp\/v2\/pages"}],"about":[{"href":"https:\/\/www.administracion.usmp.edu.pe\/bolsa-trabajo\/wp-json\/wp\/v2\/types\/page"}],"author":[{"embeddable":true,"href":"https:\/\/www.administracion.usmp.edu.pe\/bolsa-trabajo\/wp-json\/wp\/v2\/users\/2"}],"replies":[{"embeddable":true,"href":"https:\/\/www.administracion.usmp.edu.pe\/bolsa-trabajo\/wp-json\/wp\/v2\/comments?post=157"}],"version-history":[{"count":3,"href":"https:\/\/www.administracion.usmp.edu.pe\/bolsa-trabajo\/wp-json\/wp\/v2\/pages\/157\/revisions"}],"predecessor-version":[{"id":220,"href":"https:\/\/www.administracion.usmp.edu.pe\/bolsa-trabajo\/wp-json\/wp\/v2\/pages\/157\/revisions\/220"}],"wp:attachment":[{"href":"https:\/\/www.administracion.usmp.edu.pe\/bolsa-trabajo\/wp-json\/wp\/v2\/media?parent=157"}],"curies":[{"name":"wp","href":"https:\/\/api.w.org\/{rel}","templated":true}]}}