{"id":38,"date":"2014-05-02T21:15:46","date_gmt":"2014-05-02T21:15:46","guid":{"rendered":"https:\/\/www.administracion.usmp.edu.pe\/administracion1\/?page_id=38"},"modified":"2014-05-02T21:15:46","modified_gmt":"2014-05-02T21:15:46","slug":"servicios","status":"publish","type":"page","link":"https:\/\/www.administracion.usmp.edu.pe\/administracion\/servicios\/","title":{"rendered":"Servicios"},"content":{"rendered":"<ul>\n<li>Bolsa de Trabajo.<\/li>\n<li>Cursos de extensi\u00f3n y proyecci\u00f3n universitaria.<\/li>\n<li>Servicio de Bienestar Universitario.<\/li>\n<li>Servicio m\u00e9dico.<\/li>\n<li>Seguro contra accidentes.<\/li>\n<li>Biblioteca Central con las m\u00e1s recientes publicaciones sobre el \u00e1mbito empresarial y bases de datos de bibliotecas virtuales del mundo.<\/li>\n<li>Actividades culturales.<\/li>\n<li>Pr\u00e1cticas deportivas.<\/li>\n<\/ul>\n","protected":false},"excerpt":{"rendered":"<p>Bolsa de Trabajo. Cursos de extensi\u00f3n y proyecci\u00f3n universitaria. Servicio de Bienestar Universitario. Servicio m\u00e9dico. Seguro contra accidentes. Biblioteca Central [&hellip;]<\/p>\n","protected":false},"author":2,"featured_media":0,"parent":0,"menu_order":0,"comment_status":"open","ping_status":"open","template":"","meta":{"footnotes":""},"class_list":["post-38","page","type-page","status-publish","hentry"],"_links":{"self":[{"href":"https:\/\/www.administracion.usmp.edu.pe\/administracion\/wp-json\/wp\/v2\/pages\/38","targetHints":{"allow":["GET"]}}],"collection":[{"href":"https:\/\/www.administracion.usmp.edu.pe\/administracion\/wp-json\/wp\/v2\/pages"}],"about":[{"href":"https:\/\/www.administracion.usmp.edu.pe\/administracion\/wp-json\/wp\/v2\/types\/page"}],"author":[{"embeddable":true,"href":"https:\/\/www.administracion.usmp.edu.pe\/administracion\/wp-json\/wp\/v2\/users\/2"}],"replies":[{"embeddable":true,"href":"https:\/\/www.administracion.usmp.edu.pe\/administracion\/wp-json\/wp\/v2\/comments?post=38"}],"version-history":[{"count":1,"href":"https:\/\/www.administracion.usmp.edu.pe\/administracion\/wp-json\/wp\/v2\/pages\/38\/revisions"}],"predecessor-version":[{"id":39,"href":"https:\/\/www.administracion.usmp.edu.pe\/administracion\/wp-json\/wp\/v2\/pages\/38\/revisions\/39"}],"wp:attachment":[{"href":"https:\/\/www.administracion.usmp.edu.pe\/administracion\/wp-json\/wp\/v2\/media?parent=38"}],"curies":[{"name":"wp","href":"https:\/\/api.w.org\/{rel}","templated":true}]}}