{"id":30,"date":"2014-05-02T21:12:48","date_gmt":"2014-05-02T21:12:48","guid":{"rendered":"https:\/\/www.administracion.usmp.edu.pe\/administracion1\/?page_id=30"},"modified":"2024-08-22T22:38:42","modified_gmt":"2024-08-22T22:38:42","slug":"perfil-profesional","status":"publish","type":"page","link":"https:\/\/www.administracion.usmp.edu.pe\/administracion\/perfil-profesional\/","title":{"rendered":"Perfil del Graduado"},"content":{"rendered":"<p><strong>Competencias gen\u00e9ricas Pensamiento sist\u00e9mico<\/strong><\/p>\n<p>Aplica el an\u00e1lisis y la s\u00edntesis, la inducci\u00f3n y la deducci\u00f3n, y el enfoque sist\u00e9mico, entre otros, como estrategias generales de adquisici\u00f3n del conocimiento.<\/p>\n<p><strong>Pensamiento critico<br \/>\n<\/strong>Utiliza el pensamiento cr\u00edtico, al analizar los diferentes contextos, fuentes de informaci\u00f3n y hechos de la realidad.<\/p>\n<p><strong>Investigaci\u00f3n<br \/>\n<\/strong>Realiza investigaciones, relacionadas con su profesi\u00f3n, bajo la gu\u00eda de un profesional de mayor experiencia.<\/p>\n<p><strong>Aprendizaje aut\u00f3nomo<br \/>\n<\/strong>Aplica adecuadamente estrategias metacognitivas, lo que lo capacita para el aprendizaje aut\u00f3nomo para toda la vida (Aprender a aprender).<\/p>\n<p><strong>Gesti\u00f3n del tiempo<br \/>\n<\/strong>Planifica y organiza eficazmente sus actividades y el tiempo dedicado a ellas.<\/p>\n<p><strong>Comunicaci\u00f3n efectiva<br \/>\n<\/strong>Se comunica asertivamente en idioma espa\u00f1ol.<\/p>\n<p><strong>Comunicaci\u00f3n en ingl\u00e9s<br \/>\n<\/strong>Comunica ideas b\u00e1sicas de la vida cotidiana y de su profesi\u00f3n, en idioma ingl\u00e9s (intermedio)<\/p>\n<p><strong>Uso de tecnolog\u00eda<br \/>\n<\/strong>Utiliza eficazmente las nuevas tecnolog\u00edas de la informaci\u00f3n y la comunicaci\u00f3n.<\/p>\n<p><strong>Resoluci\u00f3n de problemas<br \/>\n<\/strong>Resuelve de manera creadora los problemas profesionales y personales a los que se enfrenta.<\/p>\n<p><strong>Liderazgo<br \/>\n<\/strong>Lidera y participa activamente en equipos de trabajo, se compromete con las tareas y logros de los mismos.<\/p>\n<p><strong>Gesti\u00f3n de proyectos<br \/>\n<\/strong>Elabora y gestiona proyectos de diversa \u00edndole, vinculados a su profesi\u00f3n.<\/p>\n<p><strong>Interculturalidad<br \/>\n<\/strong>Reconoce la diversidad cultural y la existencia de diferentes perspectivas culturales, expresadas en distintas formas de organizaci\u00f3n, sistemas de relaci\u00f3n y visiones del mundo, lo que implica el reconocimiento y valoraci\u00f3n del otro.<\/p>\n<p>&nbsp;<\/p>\n<p><strong>Compet<\/strong><strong>encias<\/strong><strong> espec\u00edficas Promoci\u00f3n de negocios<\/strong><\/p>\n<p>Desarrolla estrategias de promoci\u00f3n de los negocios, considerando los procesos de apoyo y soporte a la gesti\u00f3n empresarial, as\u00ed como su sustentabilidad<strong>.<\/strong><\/p>\n<p><strong>Gesti\u00f3n de modelos de negocios<br \/>\n<\/strong>Crea modelos de negocios viables y factibles en un escenario competitivo.<\/p>\n<p><strong>Gesti\u00f3n de procesos administrativos<br \/>\n<\/strong>Ejecuta y mejora la operatividad de los procesos administrativos y de recursos de las organizaciones privadas y p\u00fablicas.<\/p>\n<p>&nbsp;<\/p>\n<p><strong>Actitudes y valores institucionales<\/strong><\/p>\n<ul>\n<li>Respeto a la persona.<\/li>\n<li>B\u00fasqueda de la<\/li>\n<li>Integridad (honestidad, equidad, justicia, solidaridad y vocaci\u00f3n de servicio).<\/li>\n<li>B\u00fasqueda de la<\/li>\n<li>Liderazgo (acad\u00e9mico, tecnol\u00f3gico y otros).<\/li>\n<li>Actitud innovadora y<\/li>\n<li>Conservaci\u00f3n<\/li>\n<li>Trabajo en equipo.<\/li>\n<li>Comunicaci\u00f3n<\/li>\n<li>Compromiso con el desarrollo del pa\u00eds.<\/li>\n<\/ul>\n","protected":false},"excerpt":{"rendered":"<p>Competencias gen\u00e9ricas Pensamiento sist\u00e9mico Aplica el an\u00e1lisis y la s\u00edntesis, la inducci\u00f3n y la deducci\u00f3n, y el enfoque sist\u00e9mico, entre [&hellip;]<\/p>\n","protected":false},"author":2,"featured_media":0,"parent":0,"menu_order":0,"comment_status":"open","ping_status":"open","template":"","meta":{"footnotes":""},"class_list":["post-30","page","type-page","status-publish","hentry"],"_links":{"self":[{"href":"https:\/\/www.administracion.usmp.edu.pe\/administracion\/wp-json\/wp\/v2\/pages\/30","targetHints":{"allow":["GET"]}}],"collection":[{"href":"https:\/\/www.administracion.usmp.edu.pe\/administracion\/wp-json\/wp\/v2\/pages"}],"about":[{"href":"https:\/\/www.administracion.usmp.edu.pe\/administracion\/wp-json\/wp\/v2\/types\/page"}],"author":[{"embeddable":true,"href":"https:\/\/www.administracion.usmp.edu.pe\/administracion\/wp-json\/wp\/v2\/users\/2"}],"replies":[{"embeddable":true,"href":"https:\/\/www.administracion.usmp.edu.pe\/administracion\/wp-json\/wp\/v2\/comments?post=30"}],"version-history":[{"count":4,"href":"https:\/\/www.administracion.usmp.edu.pe\/administracion\/wp-json\/wp\/v2\/pages\/30\/revisions"}],"predecessor-version":[{"id":1848,"href":"https:\/\/www.administracion.usmp.edu.pe\/administracion\/wp-json\/wp\/v2\/pages\/30\/revisions\/1848"}],"wp:attachment":[{"href":"https:\/\/www.administracion.usmp.edu.pe\/administracion\/wp-json\/wp\/v2\/media?parent=30"}],"curies":[{"name":"wp","href":"https:\/\/api.w.org\/{rel}","templated":true}]}}