{"id":24,"date":"2014-05-02T21:07:41","date_gmt":"2014-05-02T21:07:41","guid":{"rendered":"https:\/\/www.administracion.usmp.edu.pe\/administracion1\/?page_id=24"},"modified":"2014-05-02T21:07:41","modified_gmt":"2014-05-02T21:07:41","slug":"investigaciones","status":"publish","type":"page","link":"https:\/\/www.administracion.usmp.edu.pe\/administracion\/investigaciones\/","title":{"rendered":"Investigaciones"},"content":{"rendered":"<ul>\n<li>Influencia del tr\u00e1mite concursal en el \u00e1nimo laboral de los trabajadores, Judith M\u00edo.<\/li>\n<li>Influencia de la difusi\u00f3n de las investigaciones cient\u00edficas en los \u00faltimos 10 a\u00f1os, sobre las propiedades de la Maca en la demanda del mercado internacional, Bertha Vanessa V\u00e1squez Apestegui.<\/li>\n<\/ul>\n","protected":false},"excerpt":{"rendered":"<p>Influencia del tr\u00e1mite concursal en el \u00e1nimo laboral de los trabajadores, Judith M\u00edo. Influencia de la difusi\u00f3n de las investigaciones [&hellip;]<\/p>\n","protected":false},"author":2,"featured_media":0,"parent":0,"menu_order":0,"comment_status":"open","ping_status":"open","template":"","meta":{"footnotes":""},"class_list":["post-24","page","type-page","status-publish","hentry"],"_links":{"self":[{"href":"https:\/\/www.administracion.usmp.edu.pe\/administracion\/wp-json\/wp\/v2\/pages\/24","targetHints":{"allow":["GET"]}}],"collection":[{"href":"https:\/\/www.administracion.usmp.edu.pe\/administracion\/wp-json\/wp\/v2\/pages"}],"about":[{"href":"https:\/\/www.administracion.usmp.edu.pe\/administracion\/wp-json\/wp\/v2\/types\/page"}],"author":[{"embeddable":true,"href":"https:\/\/www.administracion.usmp.edu.pe\/administracion\/wp-json\/wp\/v2\/users\/2"}],"replies":[{"embeddable":true,"href":"https:\/\/www.administracion.usmp.edu.pe\/administracion\/wp-json\/wp\/v2\/comments?post=24"}],"version-history":[{"count":1,"href":"https:\/\/www.administracion.usmp.edu.pe\/administracion\/wp-json\/wp\/v2\/pages\/24\/revisions"}],"predecessor-version":[{"id":25,"href":"https:\/\/www.administracion.usmp.edu.pe\/administracion\/wp-json\/wp\/v2\/pages\/24\/revisions\/25"}],"wp:attachment":[{"href":"https:\/\/www.administracion.usmp.edu.pe\/administracion\/wp-json\/wp\/v2\/media?parent=24"}],"curies":[{"name":"wp","href":"https:\/\/api.w.org\/{rel}","templated":true}]}}